{"id":4354,"date":"2024-09-11T17:53:31","date_gmt":"2024-09-11T17:53:31","guid":{"rendered":"http:\/\/kusikawsay.org\/campana-recaudacion-de-fondos-2023\/"},"modified":"2024-09-20T20:19:11","modified_gmt":"2024-09-20T20:19:11","slug":"campana-recaudacion-de-fondos-2023","status":"publish","type":"page","link":"https:\/\/kusikawsay.org\/es\/campana-recaudacion-de-fondos-2023\/","title":{"rendered":"Campa\u00f1a Recaudaci\u00f3n de Fondos 2023"},"content":{"rendered":"<section class=\"wpb-content-wrapper\"><p>[vc_row full_width=\u00bbstretch_row\u00bb video_opacity=\u00bb0.5&#8243; css=\u00bb.vc_custom_1726863332193{background-image: url(http:\/\/kusikawsay.org\/wp-content\/uploads\/2024\/09\/kusi_kawsay_aula_3-1-scaled.jpg?id=4249) !important;}\u00bb][vc_column][vc_row_inner content_placement=\u00bbmiddle\u00bb gap=\u00bb35&#8243;][vc_column_inner width=\u00bb1\/2&#8243;][vc_raw_html]CiAgICAgICAgICA8aWZyYW1lIHdpZHRoPSI4NTQiIGhlaWdodD0iNDgwIiBzcmM9Imh0dHBzOi8vd3d3LnlvdXR1YmUuY29tL2VtYmVkL2lHNkJRMFZlQnFBP2F1dG9wbGF5PTEmYW1wO211dGU9MCZhbXA7bW9kZXN0YnJhbmRpbmc9MSIgdGl0bGU9IlJlcHJvZHVjdG9yIGRlIHbDrWRlbyBkZSBZb3VUdWJlIiBmcmFtZWJvcmRlcj0iMCIgYWxsb3c9ImFjY2VsZXJvbWV0ZXI7IGF1dG9wbGF5OyBjbGlwYm9hcmQtd3JpdGU7IGVuY3J5cHRlZC1tZWRpYTsgZ3lyb3Njb3BlOyBwaWN0dXJlLWluLXBpY3R1cmU7IHdlYi1zaGFyZSIgYWxsb3dmdWxsc2NyZWVuPSIiPjwvaWZyYW1lPgogICAgICAgIA==[\/vc_raw_html][\/vc_column_inner][vc_column_inner width=\u00bb1\/2&#8243;][vc_column_text]<\/p>\n<h1 class=\"elementor-heading-title elementor-size-default\" style=\"text-align: center;\"><span style=\"color: #ffffff;\"><strong>\u201cTINKUY\u201d<\/strong><\/span><\/h1>\n<h5 style=\"text-align: center;\"><span style=\"color: #ffffff;\">Uni\u00e9ndonos a trav\u00e9s de intercambios<\/span><\/h5>\n<p>[\/vc_column_text][vc_column_text]<\/p>\n<div class=\"elementor-element elementor-element-8bd8c9f elementor-widget elementor-widget-text-editor\" data-id=\"8bd8c9f\" data-element_type=\"widget\" data-widget_type=\"text-editor.default\">\n<div class=\"elementor-widget-container\">\n<h4 style=\"text-align: center;\"><span style=\"color: #ffffff;\">CAMPA\u00d1A ANUAL DE <\/span><span style=\"color: #ffffff;\">RECAUDACI\u00d3N DE FONDOS 2023<\/span><\/h4>\n<\/div>\n<\/div>\n<div class=\"elementor-element elementor-element-5b1a703 elementor-widget elementor-widget-text-editor\" data-id=\"5b1a703\" data-element_type=\"widget\" data-widget_type=\"text-editor.default\">\n<div class=\"elementor-widget-container\">\n<h5 style=\"text-align: center;\"><span style=\"color: #ffffff;\"><strong>21 noviembre al 26 de diciembre del 2023<\/strong><\/span><\/h5>\n<\/div>\n<\/div>\n<p>[\/vc_column_text][vc_column_text]<\/p>\n<blockquote>\n<h6 style=\"text-align: justify;\">Con esta campa\u00f1a deseamos compartir el valor del intercambio que siempre ha sido fundamental en la cultura andina como celebraci\u00f3n natural de la existencia, de la vida, a trav\u00e9s de historias y experiencias de Kusi Kawsay. Tinkuy, intercambio, es parte esencial del proceso de reindigenizaci\u00f3n y fortalecimiento de nuestras Naciones Ind\u00edgenas. <\/h6>\n<\/blockquote>\n<p>[\/vc_column_text][vc_btn title=\u00bbDONAR AHORA\u00bb style=\u00bb3d\u00bb align=\u00bbcenter\u00bb link=\u00bburl:https%3A%2F%2Fwww.paypal.com%2Fdonate%2F%3Fcmd%3D_s-xclick%26hosted_button_id%3DC3VZW9QLJM6U2%26ssrt%3D1726003375658|target:_blank|\u00bb][\/vc_column_inner][\/vc_row_inner][\/vc_column][\/vc_row][vc_row general_row_align=\u00bbzass-align-center\u00bb css=\u00bb.vc_custom_1726863345383{margin-bottom: 0px !important;padding-top: 20px !important;padding-bottom: 40px !important;background-color: #ffffff !important;}\u00bb][vc_column][vc_column_text]<\/p>\n<blockquote>\n<h6 style=\"text-align: justify;\">La visi\u00f3n de Kusi Kawsay, desde el principio, est\u00e1 arraigada en el cultivo de comunidad a trav\u00e9s de una amplia red de relaciones enriquecedoras, alianzas que inspiran y fortalecen objetivos compartidos para un mundo mejor. Nuestra visi\u00f3n es inspirar una conciencia global que respete la diversidad cultural y ecol\u00f3gica, honrando la sabidur\u00eda de las tradiciones ind\u00edgenas y cultivando la uni\u00f3n de los seres humanos en un marco de reciprocidad, respeto y justicia social. <\/h6>\n<\/blockquote>\n<p>[\/vc_column_text][vc_column_text]<\/p>\n<h6 style=\"text-align: justify;\">A lo largo de los a\u00f1os, hemos cultivado conexiones valiosas con otros proyectos educativos, Naciones Ind\u00edgenas, organizaciones, instituciones, individuos y muchos m\u00e1s, a nivel local, nacional y global. Apreciamos cada conexi\u00f3n y estamos muy agradecidos por cada oportunidad de aprender unos de otros. Al reflexionar sobre 2023, el tema que surge es el valor del intercambio. Este a\u00f1o tuvimos muchas oportunidades de compartir nuestra cultura ancestral con el mundo, comenzando desde el coraz\u00f3n de nuestra peque\u00f1a comunidad en los Andes, llegando a nuestras comunidades locales y nacionales, y extendi\u00e9ndonos al mundo a travesando fronteras. Les invitamos a ser parte de nuestra campa\u00f1a y las asombrosas historias de estas experiencias, lo que se sigue compartiendo y aprendiendo, y c\u00f3mo estos intercambios fortalecen la continuaci\u00f3n de nuestra visi\u00f3n en los Andes del Per\u00fa, y en el mundo.    <\/h6>\n<p>[\/vc_column_text][vc_column_text]<\/p>\n<h6 style=\"text-align: justify;\">Urpillay Sonqollay a esta gran red de la vida. Esperamos continuar colaborando con nuestros aliados actuales y cultivar otros nuevos, y sobre todo esperamos lo que estas conexiones traer\u00e1n para nuestro vibrante futuro. <\/h6>\n<p>[\/vc_column_text][vc_btn title=\u00bbDONAR AHORA\u00bb style=\u00bb3d\u00bb align=\u00bbcenter\u00bb link=\u00bburl:https%3A%2F%2Fwww.paypal.com%2Fdonate%2F%3Fcmd%3D_s-xclick%26hosted_button_id%3DC3VZW9QLJM6U2%26ssrt%3D1726003375658|target:_blank|\u00bb][\/vc_column][\/vc_row][vc_row general_row_align=\u00bbzass-align-center\u00bb css=\u00bb.vc_custom_1726863286648{margin-bottom: 0px !important;padding-top: 20px !important;padding-bottom: 40px !important;background-color: #ffffff !important;}\u00bb][vc_column][vc_column_text]<\/p>\n<blockquote>\n<h5 style=\"text-align: justify;\">\u00a1Gracias por contribuir a la educaci\u00f3n para el desarrollo sostenible arraigada en la sabidur\u00eda andina para un futuro vibrante!<\/h5>\n<h5><\/h5>\n<h5 style=\"text-align: justify;\">Tambi\u00e9n aceptamos existencias y los cheques se pueden hacer a nombre de Pachamama\u2019s Path y enviarse por correo a:<\/h5>\n<h5><\/h5>\n<h5 style=\"text-align: justify;\">629 Flamingo Dr. West Palm Beach, Florida 33401.<\/h5>\n<\/blockquote>\n<p>[\/vc_column_text][\/vc_column][\/vc_row][vc_row css=\u00bb.vc_custom_1726863294286{padding-bottom: 40px !important;}\u00bb][vc_column][vc_column_text]<\/p>\n<h5 style=\"text-align: left;\">Enlaces a boletines semanales de la campa\u00f1a TINKUY:<\/h5>\n<p>[\/vc_column_text][vc_column_text]<\/p>\n<ul>\n<li style=\"text-align: left;\">\n<h6><span style=\"color: #009b7e !important;\"><a style=\"color: #009b7e !important;\" href=\"https:\/\/mailchi.mp\/fd77920991e1\/announcing-our-2023-fundraising-campaign\" target=\"_blank\" rel=\"noopener\"><span class=\"elementor-icon-list-text\">Anunciando nuestra campa\u00f1a de recaudaci\u00f3n de fondos 2023<\/span><\/a><\/span><\/h6>\n<\/li>\n<li>\n<h6><span style=\"color: #009b7e !important;\"><a style=\"color: #009b7e !important;\" href=\"https:\/\/mailchi.mp\/b1a42f142a1b\/tinkuy-exchange-in-taquile\" target=\"_blank\" rel=\"noopener\"><span class=\"elementor-icon-list-text\">TINKUY: Campa\u00f1a de Recaudaci\u00f3n de Fondos 2023<\/span><\/a><\/span><\/h6>\n<\/li>\n<li>\n<h6><span style=\"color: #009b7e !important;\"><a style=\"color: #009b7e !important;\" href=\"https:\/\/mailchi.mp\/d70c9c80da1f\/tinkuy-support-us-this-giving-tuesday\" target=\"_blank\" rel=\"noopener\"><span class=\"elementor-icon-list-text\">TINKUY \u00a1Ap\u00f3yanos este Martes de Donaciones!<\/span><\/a><\/span><\/h6>\n<\/li>\n<li>\n<h6><span style=\"color: #009b7e !important;\"><a style=\"color: #009b7e !important;\" href=\"https:\/\/mailchi.mp\/9acb80c77999\/tinkuy-recap-of-week-2\" target=\"_blank\" rel=\"noopener\"><span class=\"elementor-icon-list-text\">TINKUY! Resumen de la Semana 2 <\/span><\/a><\/span><\/h6>\n<\/li>\n<li>\n<h6><span style=\"color: #009b7e !important;\"><a style=\"color: #009b7e !important;\" href=\"https:\/\/mailchi.mp\/e6d190d4ae19\/tinkuy-announcing-our-5000-challenge-fund\" target=\"_blank\" rel=\"noopener\"><span class=\"elementor-icon-list-text\">\u00a1Anunciamos un fondo de reto: $5000!<\/span><\/a><\/span><\/h6>\n<\/li>\n<li>\n<h6><span style=\"color: #009b7e !important;\"><a style=\"color: #009b7e !important;\" href=\"https:\/\/mailchi.mp\/139693d1ad82\/tinkuy-going-into-our-final-week\" target=\"_blank\" rel=\"noopener\"><span class=\"elementor-icon-list-text\">TINKUY: Entrando a nuestra ultima semana<\/span><\/a><\/span><\/h6>\n<\/li>\n<li>\n<h6><span style=\"color: #009b7e !important;\"><a style=\"color: #009b7e !important;\" href=\"https:\/\/mailchi.mp\/dc9b508671ab\/tinkuy-thank-you-for-supporting-our-campaign\" target=\"_blank\" rel=\"noopener\"><span class=\"elementor-icon-list-text\">TINKUY: Gracias por apoyar nuestra campa\u00f1a<\/span><\/a><\/span><\/h6>\n<\/li>\n<\/ul>\n<p>[\/vc_column_text][\/vc_column][\/vc_row]<\/p>\n<\/section>","protected":false},"excerpt":{"rendered":"<p>[vc_row full_width=\u00bbstretch_row\u00bb video_opacity=\u00bb0.5&#8243; css=\u00bb.vc_custom_1726863332193{background-image: url(http:\/\/kusikawsay.org\/wp-content\/uploads\/2024\/09\/kusi_kawsay_aula_3-1-scaled.jpg?id=4249) !important;}\u00bb][vc_column][vc_row_inner content_placement=\u00bbmiddle\u00bb gap=\u00bb35&#8243;][vc_column_inner width=\u00bb1\/2&#8243;][vc_raw_html]CiAgICAgICAgICA8aWZyYW1lIHdpZHRoPSI4NTQiIGhlaWdodD0iNDgwIiBzcmM9Imh0dHBzOi8vd3d3LnlvdXR1YmUuY29tL2VtYmVkL2lHNkJRMFZlQnFBP2F1dG9wbGF5PTEmYW1wO211dGU9MCZhbXA7bW9kZXN0YnJhbmRpbmc9MSIgdGl0bGU9IlJlcHJvZHVjdG9yIGRlIHbDrWRlbyBkZSBZb3VUdWJlIiBmcmFtZWJvcmRlcj0iMCIgYWxsb3c9ImFjY2VsZXJvbWV0ZXI7IGF1dG9wbGF5OyBjbGlwYm9hcmQtd3JpdGU7IGVuY3J5cHRlZC1tZWRpYTsgZ3lyb3Njb3BlOyBwaWN0dXJlLWluLXBpY3R1cmU7IHdlYi1zaGFyZSIgYWxsb3dmdWxsc2NyZWVuPSIiPjwvaWZyYW1lPgogICAgICAgIA==[\/vc_raw_html][\/vc_column_inner][vc_column_inner width=\u00bb1\/2&#8243;][vc_column_text] \u201cTINKUY\u201d Uni\u00e9ndonos a trav\u00e9s de intercambios [\/vc_column_text][vc_column_text] CAMPA\u00d1A ANUAL DE RECAUDACI\u00d3N DE FONDOS 2023 21 noviembre al 26 de diciembre del 2023 [\/vc_column_text][vc_column_text] Con esta campa\u00f1a deseamos compartir el valor del intercambio que siempre ha sido fundamental en la cultura andina como celebraci\u00f3n natural de &#8230;<a class=\"r_more_blog\" href=\"https:\/\/kusikawsay.org\/es\/campana-recaudacion-de-fondos-2023\/#more-4354\"><i class=\"fa fa-sign-in\"><\/i> read more<\/a><\/p>\n","protected":false},"author":1,"featured_media":0,"parent":0,"menu_order":0,"comment_status":"closed","ping_status":"closed","template":"","meta":{"footnotes":""},"class_list":["post-4354","page","type-page","status-publish","hentry"],"_links":{"self":[{"href":"https:\/\/kusikawsay.org\/es\/wp-json\/wp\/v2\/pages\/4354","targetHints":{"allow":["GET"]}}],"collection":[{"href":"https:\/\/kusikawsay.org\/es\/wp-json\/wp\/v2\/pages"}],"about":[{"href":"https:\/\/kusikawsay.org\/es\/wp-json\/wp\/v2\/types\/page"}],"author":[{"embeddable":true,"href":"https:\/\/kusikawsay.org\/es\/wp-json\/wp\/v2\/users\/1"}],"replies":[{"embeddable":true,"href":"https:\/\/kusikawsay.org\/es\/wp-json\/wp\/v2\/comments?post=4354"}],"version-history":[{"count":39,"href":"https:\/\/kusikawsay.org\/es\/wp-json\/wp\/v2\/pages\/4354\/revisions"}],"predecessor-version":[{"id":5277,"href":"https:\/\/kusikawsay.org\/es\/wp-json\/wp\/v2\/pages\/4354\/revisions\/5277"}],"wp:attachment":[{"href":"https:\/\/kusikawsay.org\/es\/wp-json\/wp\/v2\/media?parent=4354"}],"curies":[{"name":"wp","href":"https:\/\/api.w.org\/{rel}","templated":true}]}}