{"id":4563,"date":"2024-09-09T17:41:09","date_gmt":"2024-09-09T17:41:09","guid":{"rendered":"http:\/\/kusikawsay.org\/noticias-y-medios\/"},"modified":"2024-09-21T09:16:30","modified_gmt":"2024-09-21T09:16:30","slug":"noticias-y-medios","status":"publish","type":"page","link":"https:\/\/kusikawsay.org\/es\/noticias-y-medios\/","title":{"rendered":"Noticias y Medios"},"content":{"rendered":"<section class=\"wpb-content-wrapper\"><p>[vc_row full_width=\u00bbstretch_row\u00bb full_height=\u00bbyes\u00bb columns_placement=\u00bbtop\u00bb parallax=\u00bbcontent-moving\u00bb css=\u00bb.vc_custom_1725904379027{background-image: url(http:\/\/kusikawsay.org\/wp-content\/uploads\/2024\/09\/kusi_kawsay_constelaciones_banner.jpg?id=3853) !important;}\u00bb][vc_column width=\u00bb1\/2&#8243; css=\u00bb.vc_custom_1725904436667{padding-top: 0px !important;background-color: rgba(255,255,255,0.8) !important;*background-color: rgb(255,255,255) !important;}\u00bb][vc_custom_heading text=\u00bb<br \/>\n          <strong>NOTICIAS Y MEDIOS<\/strong><br \/>\n        \u00bb font_container=\u00bbtag:h4|text_align:left\u00bb use_theme_fonts=\u00bbyes\u00bb css=\u00bb.vc_custom_1726910014923{padding-top: 50px !important;padding-right: 25px !important;padding-left: 25px !important;}\u00bb][vc_separator color=\u00bbcustom\u00bb align=\u00bbalign_left\u00bb border_width=\u00bb3&#8243; el_width=\u00bb20&#8243; css=\u00bb.vc_custom_1725723780344{margin-bottom: 15px !important;padding-top: 15px !important;padding-bottom: 15px !important;}\u00bb accent_color=\u00bb#02a4e2&#8243;][vc_column_text css=\u00bb.vc_custom_1726910021322{padding-right: 25px !important;padding-left: 25px !important;}\u00bb]<\/p>\n<h6 style=\"text-align: justify;\">Bienvenido a nuestra p\u00e1gina de Noticias y Medios. Esperamos que disfrute de nuestra Galer\u00eda y Videos, as\u00ed como las historias sobre Kusi Kawsay y Kusi \u00d1an que se pueden encontrar en nuestro Bolet\u00edn e Informes. Le damos la bienvenida a ser parte de y conectado a nuestra comunidad global.  <\/h6>\n<p>[\/vc_column_text][\/vc_column][vc_column width=\u00bb1\/2&#8243; css=\u00bb.vc_custom_1725904422972{margin-top: 0px !important;padding-top: 0px !important;}\u00bb][\/vc_column][\/vc_row][vc_row full_width=\u00bbstretch_row\u00bb css=\u00bb.vc_custom_1725895474263{padding-top: 50px !important;padding-bottom: 50px !important;background-color: #ffffff !important;}\u00bb][vc_column][vc_column_text]<\/p>\n<h6 style=\"text-align: justify;\">Kusi Kawsay ha sido <strong>publicado <\/strong>en peri\u00f3dicos, blogs y sitios nacionales e internacionales. Estos son algunos ejemplos de las hermosas historias sobre nuestros Proyectos: <\/h6>\n<p>[\/vc_column_text][vc_column_text]<\/p>\n<h6 style=\"text-align: justify;\"><em>Escuela Waldorf Marina<\/em> <a class=\"broken_link\" href=\"https:\/\/www.marinwaldorf.org\/blog\/2024\/5\/13\/cultural-connections-a-visit-from-our-sister-school-in-peru\" target=\"_blank\" rel=\"nofollow noopener\"><span style=\"color: #009b7e !important;\">A trav\u00e9s de las Culturas: Visita de la Escuela Hermana en Per\u00fa<\/span><\/a><\/h6>\n<h6><\/h6>\n<h6 style=\"text-align: justify;\"><em>Amigos Waldorf<\/em> <span style=\"color: #009b7e !important;\"><a class=\"broken_link\" style=\"color: #009b7e !important;\" href=\"https:\/\/www.freunde-waldorf.de\/en\/waldorf-worldwide\/organisations-worldwide\/latin-america\/peru\/cusco-kusi-kawsay\/\" target=\"_blank\" rel=\"nofollow noopener\">Viviendo en felicidad en el valle sagrado de los Incas<\/a><\/span><\/h6>\n<h6><\/h6>\n<h6 style=\"text-align: justify;\"><em>Waldorf Hoy <\/em><span style=\"color: #009b7e !important;\"><a style=\"color: #009b7e !important;\" href=\"http:\/\/www.waldorftoday.com\/2014\/02\/waldorf-education-blossoms-in-the-andes\/\" target=\"_blank\" rel=\"noopener\">La educaci\u00f3n Waldorf florece en los Andes por Nina Pick<\/a><\/span><\/h6>\n<h6><\/h6>\n<h6 style=\"text-align: justify;\"><em>El Comercio (Spanish)<\/em> <span style=\"color: #009b7e !important;\"><a style=\"color: #009b7e !important;\" href=\"https:\/\/elcomercio.pe\/blog\/cuscosparalelos\/2015\/01\/educacion-para-la-vida-feliz\" target=\"_blank\" rel=\"noopener\">Educaci\u00f3n para la vida feliz<\/a><\/span><\/h6>\n<p>[\/vc_column_text][vc_column_text]<\/p>\n<h6 style=\"text-align: justify;\">\u00bfHa sido voluntario o ha visitado Kusi Kawsay? Si tiene historias, fotos o pel\u00edculas para compartir, h\u00e1ganoslo saber para que podamos agregarlas a nuestra p\u00e1gina de Noticias y Medios. \u00a1Gracias! <strong>Aseg\u00farese de suscribirse a nuestro Newsletter <span style=\"\"><a style=\"\" href=\"\" target=\"\" rel=\"noopener\">Aqu\u00ed<\/a><\/span> para recibir nuestras noticias y actualizaciones!<\/strong>  <\/h6>\n<p>[\/vc_column_text][\/vc_column][\/vc_row][vc_row full_width=\u00bbstretch_row\u00bb css=\u00bb.vc_custom_1725907016522{margin-bottom: 0px !important;padding-top: 50px !important;padding-bottom: 80px !important;}\u00bb][vc_column][vc_row_inner][vc_column_inner width=\u00bb1\/2&#8243;]\t\t\t<div class=\"wpb_content_element\">\n\t\t\t\t<div class=\"zass-iconbox zass-clean-icon\">\n\t\t\t\t\t<div class=\"icon_wrapper\">\n\t\t\t\t\t\t<span class=\"icon_inner\" style=\"color:#02a4e2;\">\n\t\t\t\t\t\t\t\t\t\t\t\t\t\t\t<i class=\"fas fa-file-alt\"><\/i>\n\t\t\t\t\t\t\t\t\t\t\t\t\t<\/span>\n\t\t\t\t\t<\/div>\n\t\t\t\t\t<div class=\"iconbox_content\">\n\t\t\t\t\t\t\t\t\t\t\t\t\t<h5>Boletines e Informes<\/h5>\n\t\t\t\t\t\t\t\t\t\t\t\t\t\t\t\t\t\t<div class=\"iconbox_text_content\">\n\t\t\t\t\t\t\t<\/p>\n<div class=\"vc_btn3-container vc_btn3-center\"><a class=\"go_to_page go_to_page_blog\" title=\"Ver\" href=\"https:\/\/kusikawsay.org\/es\/boletines-e-informes\/\"><button class=\"vc_general vc_btn3 vc_btn3-size-md vc_btn3-shape-rounded vc_btn3-style-3d vc_btn3-icon-left vc_btn3-color-grey\" style=\"background-color: #ebebeb; color: #009b7e;\">Ver Bolet\u00edn e Informes<\/button><\/a><\/div>\n<p>\t\t\t\t\t\t<\/div>\n\t\t\t\t\t<\/div>\n\t\t\t\t<\/div>\n\t\t\t<\/div>\n\t\t\t[\/vc_column_inner][vc_column_inner width=\u00bb1\/2&#8243;]\t\t\t<div class=\"wpb_content_element\">\n\t\t\t\t<div class=\"zass-iconbox zass-clean-icon\">\n\t\t\t\t\t<div class=\"icon_wrapper\">\n\t\t\t\t\t\t<span class=\"icon_inner\" style=\"color:#02a4e2;\">\n\t\t\t\t\t\t\t\t\t\t\t\t\t\t\t<i class=\"fas fa-photo-video\"><\/i>\n\t\t\t\t\t\t\t\t\t\t\t\t\t<\/span>\n\t\t\t\t\t<\/div>\n\t\t\t\t\t<div class=\"iconbox_content\">\n\t\t\t\t\t\t\t\t\t\t\t\t\t<h5>Galer\u00eda y Videos<\/h5>\n\t\t\t\t\t\t\t\t\t\t\t\t\t\t\t\t\t\t<div class=\"iconbox_text_content\">\n\t\t\t\t\t\t\t<\/p>\n<div class=\"vc_btn3-container vc_btn3-center\"><a class=\"go_to_page go_to_page_blog\" title=\"Ver\" href=\"https:\/\/kusikawsay.org\/es\/galeria-y-video\/\"><button class=\"vc_general vc_btn3 vc_btn3-size-md vc_btn3-shape-rounded vc_btn3-style-3d vc_btn3-icon-left vc_btn3-color-grey\" style=\"background-color: #ebebeb; color: #009b7e;\">Ver Galer\u00eda y Videos<\/button><\/a><\/div>\n<p>\t\t\t\t\t\t<\/div>\n\t\t\t\t\t<\/div>\n\t\t\t\t<\/div>\n\t\t\t<\/div>\n\t\t\t[\/vc_column_inner][\/vc_row_inner][\/vc_column][\/vc_row]<\/p>\n<\/section>","protected":false},"excerpt":{"rendered":"<p>[vc_row full_width=\u00bbstretch_row\u00bb full_height=\u00bbyes\u00bb columns_placement=\u00bbtop\u00bb parallax=\u00bbcontent-moving\u00bb css=\u00bb.vc_custom_1725904379027{background-image: url(http:\/\/kusikawsay.org\/wp-content\/uploads\/2024\/09\/kusi_kawsay_constelaciones_banner.jpg?id=3853) !important;}\u00bb][vc_column width=\u00bb1\/2&#8243; css=\u00bb.vc_custom_1725904436667{padding-top: 0px !important;background-color: rgba(255,255,255,0.8) !important;*background-color: rgb(255,255,255) !important;}\u00bb][vc_custom_heading text=\u00bb NOTICIAS Y MEDIOS \u00bb font_container=\u00bbtag:h4|text_align:left\u00bb use_theme_fonts=\u00bbyes\u00bb css=\u00bb.vc_custom_1726910014923{padding-top: 50px !important;padding-right: 25px !important;padding-left: 25px !important;}\u00bb][vc_separator color=\u00bbcustom\u00bb align=\u00bbalign_left\u00bb border_width=\u00bb3&#8243; el_width=\u00bb20&#8243; css=\u00bb.vc_custom_1725723780344{margin-bottom: 15px !important;padding-top: 15px !important;padding-bottom: 15px !important;}\u00bb accent_color=\u00bb#02a4e2&#8243;][vc_column_text css=\u00bb.vc_custom_1726910021322{padding-right: 25px !important;padding-left: 25px !important;}\u00bb] Bienvenido a nuestra p\u00e1gina de Noticias y Medios. &#8230;<a class=\"r_more_blog\" href=\"https:\/\/kusikawsay.org\/es\/noticias-y-medios\/#more-4563\"><i class=\"fa fa-sign-in\"><\/i> read more<\/a><\/p>\n","protected":false},"author":1,"featured_media":0,"parent":0,"menu_order":0,"comment_status":"closed","ping_status":"closed","template":"","meta":{"footnotes":""},"class_list":["post-4563","page","type-page","status-publish","hentry"],"_links":{"self":[{"href":"https:\/\/kusikawsay.org\/es\/wp-json\/wp\/v2\/pages\/4563","targetHints":{"allow":["GET"]}}],"collection":[{"href":"https:\/\/kusikawsay.org\/es\/wp-json\/wp\/v2\/pages"}],"about":[{"href":"https:\/\/kusikawsay.org\/es\/wp-json\/wp\/v2\/types\/page"}],"author":[{"embeddable":true,"href":"https:\/\/kusikawsay.org\/es\/wp-json\/wp\/v2\/users\/1"}],"replies":[{"embeddable":true,"href":"https:\/\/kusikawsay.org\/es\/wp-json\/wp\/v2\/comments?post=4563"}],"version-history":[{"count":16,"href":"https:\/\/kusikawsay.org\/es\/wp-json\/wp\/v2\/pages\/4563\/revisions"}],"predecessor-version":[{"id":5320,"href":"https:\/\/kusikawsay.org\/es\/wp-json\/wp\/v2\/pages\/4563\/revisions\/5320"}],"wp:attachment":[{"href":"https:\/\/kusikawsay.org\/es\/wp-json\/wp\/v2\/media?parent=4563"}],"curies":[{"name":"wp","href":"https:\/\/api.w.org\/{rel}","templated":true}]}}