{"id":4658,"date":"2024-09-09T17:03:06","date_gmt":"2024-09-09T17:03:06","guid":{"rendered":"http:\/\/kusikawsay.org\/campanas\/"},"modified":"2024-09-20T19:31:29","modified_gmt":"2024-09-20T19:31:29","slug":"campanas","status":"publish","type":"page","link":"https:\/\/kusikawsay.org\/es\/campanas\/","title":{"rendered":"Campa\u00f1as"},"content":{"rendered":"<section class=\"wpb-content-wrapper\"><p>[vc_row full_width=\u00bbstretch_row\u00bb full_height=\u00bbyes\u00bb columns_placement=\u00bbtop\u00bb parallax=\u00bbcontent-moving\u00bb css=\u00bb.vc_custom_1725902140396{background-image: url(http:\/\/kusikawsay.org\/wp-content\/uploads\/2024\/09\/kusi_kawsay_tarpuy_banner.jpg?id=3838) !important;}\u00bb][vc_column width=\u00bb1\/2&#8243; css=\u00bb.vc_custom_1726860666717{padding-top: 0px !important;background-color: rgba(255,255,255,0.85) !important;*background-color: rgb(255,255,255) !important;}\u00bb][vc_custom_heading text=\u00bb<br \/>\n          <strong>CAMPA\u00d1AS<\/strong><br \/>\n        \u00bb font_container=\u00bbtag:h4|text_align:left\u00bb use_theme_fonts=\u00bbyes\u00bb css=\u00bb.vc_custom_1726860527236{padding-top: 50px !important;padding-right: 25px !important;padding-left: 25px !important;}\u00bb][vc_separator color=\u00bbcustom\u00bb align=\u00bbalign_left\u00bb border_width=\u00bb3&#8243; el_width=\u00bb20&#8243; css=\u00bb.vc_custom_1725723780344{margin-bottom: 15px !important;padding-top: 15px !important;padding-bottom: 15px !important;}\u00bb accent_color=\u00bb#02a4e2&#8243;][vc_column_text css=\u00bb.vc_custom_1726860536446{padding-right: 25px !important;padding-left: 25px !important;}\u00bb]<\/p>\n<h6 style=\"text-align: justify;\">Para proteger y cumplir su misi\u00f3n, la Asociaci\u00f3n Kusi Kawsay necesita apoyo econ\u00f3mico a trav\u00e9s de varios eventos de recaudaci\u00f3n de fondos, subvenciones y donaciones individuales. Si desea cooperar con nosotros, explore los diferentes recursos de divulgaci\u00f3n y recaudaci\u00f3n de fondos disponibles y eche un vistazo a las campa\u00f1as y recaudaciones de fondos anteriores que hemos tenido. \u00a1Aseg\u00farese de estar atento a la <em>Gu\u00eda de Apoyo del Embajador de Kusi Kawsay<\/em> \u2013 pr\u00f3ximamente!  <\/h6>\n<p>[\/vc_column_text][\/vc_column][vc_column width=\u00bb1\/2&#8243; css=\u00bb.vc_custom_1725902182665{margin-top: 0px !important;padding-top: 0px !important;}\u00bb][\/vc_column][\/vc_row]<\/p>\n<\/section>","protected":false},"excerpt":{"rendered":"<p>[vc_row full_width=\u00bbstretch_row\u00bb full_height=\u00bbyes\u00bb columns_placement=\u00bbtop\u00bb parallax=\u00bbcontent-moving\u00bb css=\u00bb.vc_custom_1725902140396{background-image: url(http:\/\/kusikawsay.org\/wp-content\/uploads\/2024\/09\/kusi_kawsay_tarpuy_banner.jpg?id=3838) !important;}\u00bb][vc_column width=\u00bb1\/2&#8243; css=\u00bb.vc_custom_1726860666717{padding-top: 0px !important;background-color: rgba(255,255,255,0.85) !important;*background-color: rgb(255,255,255) !important;}\u00bb][vc_custom_heading text=\u00bb CAMPA\u00d1AS \u00bb font_container=\u00bbtag:h4|text_align:left\u00bb use_theme_fonts=\u00bbyes\u00bb css=\u00bb.vc_custom_1726860527236{padding-top: 50px !important;padding-right: 25px !important;padding-left: 25px !important;}\u00bb][vc_separator color=\u00bbcustom\u00bb align=\u00bbalign_left\u00bb border_width=\u00bb3&#8243; el_width=\u00bb20&#8243; css=\u00bb.vc_custom_1725723780344{margin-bottom: 15px !important;padding-top: 15px !important;padding-bottom: 15px !important;}\u00bb accent_color=\u00bb#02a4e2&#8243;][vc_column_text css=\u00bb.vc_custom_1726860536446{padding-right: 25px !important;padding-left: 25px !important;}\u00bb] Para proteger y cumplir su misi\u00f3n, la Asociaci\u00f3n Kusi Kawsay &#8230;<a class=\"r_more_blog\" href=\"https:\/\/kusikawsay.org\/es\/campanas\/#more-4658\"><i class=\"fa fa-sign-in\"><\/i> read more<\/a><\/p>\n","protected":false},"author":1,"featured_media":0,"parent":0,"menu_order":0,"comment_status":"closed","ping_status":"closed","template":"","meta":{"footnotes":""},"class_list":["post-4658","page","type-page","status-publish","hentry"],"_links":{"self":[{"href":"https:\/\/kusikawsay.org\/es\/wp-json\/wp\/v2\/pages\/4658","targetHints":{"allow":["GET"]}}],"collection":[{"href":"https:\/\/kusikawsay.org\/es\/wp-json\/wp\/v2\/pages"}],"about":[{"href":"https:\/\/kusikawsay.org\/es\/wp-json\/wp\/v2\/types\/page"}],"author":[{"embeddable":true,"href":"https:\/\/kusikawsay.org\/es\/wp-json\/wp\/v2\/users\/1"}],"replies":[{"embeddable":true,"href":"https:\/\/kusikawsay.org\/es\/wp-json\/wp\/v2\/comments?post=4658"}],"version-history":[{"count":8,"href":"https:\/\/kusikawsay.org\/es\/wp-json\/wp\/v2\/pages\/4658\/revisions"}],"predecessor-version":[{"id":5233,"href":"https:\/\/kusikawsay.org\/es\/wp-json\/wp\/v2\/pages\/4658\/revisions\/5233"}],"wp:attachment":[{"href":"https:\/\/kusikawsay.org\/es\/wp-json\/wp\/v2\/media?parent=4658"}],"curies":[{"name":"wp","href":"https:\/\/api.w.org\/{rel}","templated":true}]}}