{"id":4662,"date":"2023-04-05T16:44:54","date_gmt":"2023-04-05T16:44:54","guid":{"rendered":"http:\/\/kusikawsay.org\/involucrarse\/"},"modified":"2024-09-20T08:55:31","modified_gmt":"2024-09-20T08:55:31","slug":"involucrarse","status":"publish","type":"page","link":"https:\/\/kusikawsay.org\/es\/involucrarse\/","title":{"rendered":"Involucrarse"},"content":{"rendered":"<section class=\"wpb-content-wrapper\"><p>[vc_row full_width=\u00bbstretch_row\u00bb full_height=\u00bbyes\u00bb columns_placement=\u00bbtop\u00bb parallax=\u00bbcontent-moving\u00bb css=\u00bb.vc_custom_1725722418007{background-image: url(http:\/\/kusikawsay.org\/wp-content\/uploads\/2024\/09\/kusi_kawsay_chakana_pizarra.jpg?id=3662) !important;}\u00bb][vc_column width=\u00bb1\/2&#8243; css=\u00bb.vc_custom_1478075257916{padding-top: 0px !important;}\u00bb][\/vc_column][vc_column width=\u00bb1\/2&#8243; css=\u00bb.vc_custom_1725389533674{margin-top: 0px !important;padding-top: 0px !important;background-color: rgba(255,255,255,0.8) !important;*background-color: rgb(255,255,255) !important;}\u00bb][vc_custom_heading text=\u00bb<br \/>\n          <strong>INVOLUCRARSE<\/strong><br \/>\n        \u00bb font_container=\u00bbtag:h4|text_align:justify\u00bb use_theme_fonts=\u00bbyes\u00bb css=\u00bb.vc_custom_1726822244824{padding-top: 50px !important;padding-right: 25px !important;padding-left: 25px !important;}\u00bb][vc_separator color=\u00bbcustom\u00bb align=\u00bbalign_left\u00bb border_width=\u00bb3&#8243; el_width=\u00bb20&#8243; css=\u00bb.vc_custom_1725722608030{margin-bottom: 15px !important;padding-top: 15px !important;padding-bottom: 15px !important;}\u00bb accent_color=\u00bb#02a4e2&#8243;][vc_column_text css=\u00bb.vc_custom_1726822240978{padding-right: 25px !important;padding-left: 25px !important;}\u00bb]<\/p>\n<h6 style=\"text-align: justify;\">Contribuir a la Asociaci\u00f3n Kusi Kawsay asegura una educaci\u00f3n digna arraigada en la cultura andina, oportunidades para los j\u00f3venes en la agricultura y el emprendimiento, as\u00ed como preservar, celebrar y promover la tradici\u00f3n andina.<\/h6>\n<p>[\/vc_column_text][vc_btn title=\u00bb<br \/>\n          <strong>Involucrarse<\/strong><br \/>\n        \u00bb style=\u00bb3d\u00bb i_icon_fontawesome=\u00bbfas fa-arrow-right\u00bb css_animation=\u00bbnone\u00bb add_icon=\u00bbtrue\u00bb css=\u00bb.vc_custom_1726532395460{padding-right: 25px !important;padding-bottom: 50px !important;padding-left: 25px !important;}\u00bb link=\u00bburl:http%3A%2F%2Fkusikawsay.org%2Fes%2Finvolucrarse%2F%23get_involved|\u00bb][\/vc_column][\/vc_row][vc_row general_row_align=\u00bbzass-align-center\u00bb css=\u00bb.vc_custom_1726568226195{margin-bottom: 0px !important;padding-bottom: 80px !important;background-color: #ffffff !important;}\u00bb el_id=\u00bbget_involved\u00bb][vc_column][vc_row_inner][vc_column_inner width=\u00bb1\/3&#8243; css=\u00bb.vc_custom_1725459615829{border-top-width: 1px !important;border-right-width: 1px !important;border-bottom-width: 1px !important;border-left-width: 1px !important;border-left-color: #009b7e !important;border-left-style: solid !important;border-right-color: #009b7e !important;border-right-style: solid !important;border-top-color: #009b7e !important;border-top-style: solid !important;border-bottom-color: #009b7e !important;border-bottom-style: solid !important;border-radius: 2px !important;}\u00bb][vc_single_image image=\u00bb3658&#8243; img_size=\u00bbfull\u00bb alignment=\u00bbcenter\u00bb style=\u00bbvc_box_rounded\u00bb onclick=\u00bbcustom_link\u00bb link=\u00bbhttp:\/\/kusikawsay.org\/es\/como-donar\/\u00bb][vc_custom_heading text=\u00bbDONAR AHORA\u00bb font_container=\u00bbtag:h5|text_align:center\u00bb use_theme_fonts=\u00bbyes\u00bb][vc_separator color=\u00bbcustom\u00bb align=\u00bbalign_left\u00bb border_width=\u00bb3&#8243; el_width=\u00bb20&#8243; css=\u00bb.vc_custom_1725722624134{margin-bottom: 15px !important;padding-top: 15px !important;padding-bottom: 15px !important;}\u00bb accent_color=\u00bb#02a4e2&#8243;][vc_column_text]<\/p>\n<h6 style=\"text-align: justify;\">Hay varias opciones para donar a la Asociaci\u00f3n Kusi Kawsay. Para cualquier pregunta o informaci\u00f3n relacionada con los datos bancarios para la transferencia bancaria, comun\u00edquese con la persona mencionada en cada opci\u00f3n. Para preguntas generales de la campa\u00f1a o formas de dar que no se mencionan a continuaci\u00f3n, p\u00f3ngase en contacto con <span style=\"color: #009b7e !important;\"><a style=\"color: #009b7e !important;\" href=\"mailto:info@kusikawsay.org\" target=\"_blank\" rel=\"noopener\">info@kusikawsay.org<\/a><\/span>  <\/h6>\n<p>[\/vc_column_text][vc_wp_text]<\/p>\n<div class=\"vc_btn3-container vc_btn3-center\"><a class=\"go_to_page go_to_page_blog\" title=\"Ver\" href=\"https:\/\/kusikawsay.org\/es\/?page_id=4756\"><button class=\"vc_general vc_btn3 vc_btn3-size-md vc_btn3-shape-rounded vc_btn3-style-3d vc_btn3-icon-left vc_btn3-color-grey\" style=\"background-color: #ebebeb; color: #009b7e;\">DONAR AHORA<\/button><\/a><\/div>\n<p>[\/vc_wp_text][\/vc_column_inner][vc_column_inner width=\u00bb1\/3&#8243; css=\u00bb.vc_custom_1725459622340{border-top-width: 1px !important;border-right-width: 1px !important;border-bottom-width: 1px !important;border-left-width: 1px !important;border-left-color: #009b7e !important;border-left-style: solid !important;border-right-color: #009b7e !important;border-right-style: solid !important;border-top-color: #009b7e !important;border-top-style: solid !important;border-bottom-color: #009b7e !important;border-bottom-style: solid !important;border-radius: 2px !important;}\u00bb][vc_single_image image=\u00bb3660&#8243; img_size=\u00bbfull\u00bb alignment=\u00bbcenter\u00bb style=\u00bbvc_box_rounded\u00bb onclick=\u00bbcustom_link\u00bb link=\u00bbhttp:\/\/kusikawsay.org\/es\/voluntariado\/\u00bb][vc_custom_heading text=\u00bbVOLUNTARIADO\u00bb font_container=\u00bbtag:h5|text_align:center\u00bb use_theme_fonts=\u00bbyes\u00bb][vc_separator color=\u00bbcustom\u00bb align=\u00bbalign_left\u00bb border_width=\u00bb3&#8243; el_width=\u00bb20&#8243; css=\u00bb.vc_custom_1725722631019{margin-bottom: 15px !important;padding-top: 15px !important;padding-bottom: 15px !important;}\u00bb accent_color=\u00bb#02a4e2&#8243;][vc_column_text]<\/p>\n<h6 style=\"text-align: justify;\">Interesado en visitar y\/o realizar voluntario con nosotros? Echa un vistazo a nuestra gu\u00eda detallada de orientaci\u00f3n para voluntarios para aprender m\u00e1s sobre nuestros proyectos, oportunidades y vida en Per\u00fa. <\/h6>\n<p>[\/vc_column_text][vc_wp_text]<\/p>\n<div class=\"vc_btn3-container vc_btn3-center\"><a class=\"go_to_page go_to_page_blog\" title=\"Ver\" href=\"https:\/\/kusikawsay.org\/es\/voluntariado\/\"><button class=\"vc_general vc_btn3 vc_btn3-size-md vc_btn3-shape-rounded vc_btn3-style-3d vc_btn3-icon-left vc_btn3-color-grey\" style=\"background-color: #ebebeb; color: #009b7e;\">VOLUNTARIADO<\/button><\/a><\/div>\n<p>[\/vc_wp_text][\/vc_column_inner][vc_column_inner width=\u00bb1\/3&#8243; css=\u00bb.vc_custom_1725459629800{border-top-width: 1px !important;border-right-width: 1px !important;border-bottom-width: 1px !important;border-left-width: 1px !important;border-left-color: #009b7e !important;border-left-style: solid !important;border-right-color: #009b7e !important;border-right-style: solid !important;border-top-color: #009b7e !important;border-top-style: solid !important;border-bottom-color: #009b7e !important;border-bottom-style: solid !important;border-radius: 2px !important;}\u00bb][vc_single_image image=\u00bb3653&#8243; img_size=\u00bbfull\u00bb alignment=\u00bbcenter\u00bb style=\u00bbvc_box_rounded\u00bb onclick=\u00bbcustom_link\u00bb link=\u00bbhttp:\/\/kusikawsay.org\/es\/colaboraciones\/\u00bb][vc_custom_heading text=\u00bbCOLABORAR\u00bb font_container=\u00bbtag:h5|text_align:center\u00bb use_theme_fonts=\u00bbyes\u00bb][vc_separator color=\u00bbcustom\u00bb align=\u00bbalign_left\u00bb border_width=\u00bb3&#8243; el_width=\u00bb20&#8243; css=\u00bb.vc_custom_1725722641521{margin-bottom: 15px !important;padding-top: 15px !important;padding-bottom: 15px !important;}\u00bb accent_color=\u00bb#02a4e2&#8243;][vc_column_text]<\/p>\n<h6 style=\"text-align: justify;\">Kusi Kawsay ha tenido la suerte de colaborar y asociarse con muchas organizaciones y personas incre\u00edbles. Nuestras colaboraciones y asociaciones m\u00e1s actuales incluyen Enactus Ryerson University y EMpower. Ambos est\u00e1n trabajando para fortalecer a Kusi \u00d1an. Sus recursos, experiencia, orientaci\u00f3n y apoyo han sido inestimables.   <\/h6>\n<p>[\/vc_column_text][vc_wp_text]<\/p>\n<div class=\"vc_btn3-container vc_btn3-center\"><a class=\"go_to_page go_to_page_blog\" title=\"Ver\" href=\"https:\/\/kusikawsay.org\/es\/colaboraciones\/\"><button class=\"vc_general vc_btn3 vc_btn3-size-md vc_btn3-shape-rounded vc_btn3-style-3d vc_btn3-icon-left vc_btn3-color-grey\" style=\"background-color: #ebebeb; color: #009b7e;\">COLABORAR<\/button><\/a><\/div>\n<p>[\/vc_wp_text][\/vc_column_inner][\/vc_row_inner][vc_empty_space height=\u00bb30px\u00bb][vc_separator style=\u00bbshadow\u00bb border_width=\u00bb4&#8243;][\/vc_column][\/vc_row]<\/p>\n<\/section>","protected":false},"excerpt":{"rendered":"<p>[vc_row full_width=\u00bbstretch_row\u00bb full_height=\u00bbyes\u00bb columns_placement=\u00bbtop\u00bb parallax=\u00bbcontent-moving\u00bb css=\u00bb.vc_custom_1725722418007{background-image: url(http:\/\/kusikawsay.org\/wp-content\/uploads\/2024\/09\/kusi_kawsay_chakana_pizarra.jpg?id=3662) !important;}\u00bb][vc_column width=\u00bb1\/2&#8243; css=\u00bb.vc_custom_1478075257916{padding-top: 0px !important;}\u00bb][\/vc_column][vc_column width=\u00bb1\/2&#8243; css=\u00bb.vc_custom_1725389533674{margin-top: 0px !important;padding-top: 0px !important;background-color: rgba(255,255,255,0.8) !important;*background-color: rgb(255,255,255) !important;}\u00bb][vc_custom_heading text=\u00bb INVOLUCRARSE \u00bb font_container=\u00bbtag:h4|text_align:justify\u00bb use_theme_fonts=\u00bbyes\u00bb css=\u00bb.vc_custom_1726822244824{padding-top: 50px !important;padding-right: 25px !important;padding-left: 25px !important;}\u00bb][vc_separator color=\u00bbcustom\u00bb align=\u00bbalign_left\u00bb border_width=\u00bb3&#8243; el_width=\u00bb20&#8243; css=\u00bb.vc_custom_1725722608030{margin-bottom: 15px !important;padding-top: 15px !important;padding-bottom: 15px !important;}\u00bb accent_color=\u00bb#02a4e2&#8243;][vc_column_text css=\u00bb.vc_custom_1726822240978{padding-right: 25px !important;padding-left: 25px !important;}\u00bb] Contribuir a la Asociaci\u00f3n &#8230;<a class=\"r_more_blog\" href=\"https:\/\/kusikawsay.org\/es\/involucrarse\/#more-4662\"><i class=\"fa fa-sign-in\"><\/i> read more<\/a><\/p>\n","protected":false},"author":1,"featured_media":0,"parent":0,"menu_order":0,"comment_status":"closed","ping_status":"closed","template":"","meta":{"footnotes":""},"class_list":["post-4662","page","type-page","status-publish","hentry"],"_links":{"self":[{"href":"https:\/\/kusikawsay.org\/es\/wp-json\/wp\/v2\/pages\/4662","targetHints":{"allow":["GET"]}}],"collection":[{"href":"https:\/\/kusikawsay.org\/es\/wp-json\/wp\/v2\/pages"}],"about":[{"href":"https:\/\/kusikawsay.org\/es\/wp-json\/wp\/v2\/types\/page"}],"author":[{"embeddable":true,"href":"https:\/\/kusikawsay.org\/es\/wp-json\/wp\/v2\/users\/1"}],"replies":[{"embeddable":true,"href":"https:\/\/kusikawsay.org\/es\/wp-json\/wp\/v2\/comments?post=4662"}],"version-history":[{"count":27,"href":"https:\/\/kusikawsay.org\/es\/wp-json\/wp\/v2\/pages\/4662\/revisions"}],"predecessor-version":[{"id":5226,"href":"https:\/\/kusikawsay.org\/es\/wp-json\/wp\/v2\/pages\/4662\/revisions\/5226"}],"wp:attachment":[{"href":"https:\/\/kusikawsay.org\/es\/wp-json\/wp\/v2\/media?parent=4662"}],"curies":[{"name":"wp","href":"https:\/\/api.w.org\/{rel}","templated":true}]}}