{"id":4669,"date":"2024-09-11T16:39:55","date_gmt":"2024-09-11T16:39:55","guid":{"rendered":"http:\/\/kusikawsay.org\/campana-de-recaudacion-de-fondos-2022\/"},"modified":"2024-09-20T20:08:26","modified_gmt":"2024-09-20T20:08:26","slug":"campana-de-recaudacion-de-fondos-2022","status":"publish","type":"page","link":"https:\/\/kusikawsay.org\/es\/campana-de-recaudacion-de-fondos-2022\/","title":{"rendered":"Campa\u00f1a de Recaudaci\u00f3n de Fondos 2022"},"content":{"rendered":"<section class=\"wpb-content-wrapper\"><p>[vc_row full_width=\u00bbstretch_row\u00bb video_opacity=\u00bb0.5&#8243; css=\u00bb.vc_custom_1726075662606{margin-bottom: 0px !important;background-image: url(http:\/\/kusikawsay.org\/wp-content\/uploads\/2024\/09\/kusi_kawsay_portada_2.png?id=4311) !important;}\u00bb][vc_column][vc_row_inner content_placement=\u00bbmiddle\u00bb gap=\u00bb35&#8243;][vc_column_inner width=\u00bb1\/2&#8243;][vc_raw_html]CiAgICAgICAgICA8aWZyYW1lIHdpZHRoPSI4NTQiIGhlaWdodD0iNDgwIiBzcmM9Imh0dHBzOi8vd3d3LnlvdXR1YmUuY29tL2VtYmVkL19nZ0lFVnM5WDdvP2F1dG9wbGF5PTEmYW1wO211dGU9MCZhbXA7bW9kZXN0YnJhbmRpbmc9MSIgdGl0bGU9IlJlcHJvZHVjdG9yIGRlIHbDrWRlbyBkZSBZb3VUdWJlIiBmcmFtZWJvcmRlcj0iMCIgYWxsb3c9ImFjY2VsZXJvbWV0ZXI7IGF1dG9wbGF5OyBjbGlwYm9hcmQtd3JpdGU7IGVuY3J5cHRlZC1tZWRpYTsgZ3lyb3Njb3BlOyBwaWN0dXJlLWluLXBpY3R1cmU7IHdlYi1zaGFyZSIgYWxsb3dmdWxsc2NyZWVuPSIiPjwvaWZyYW1lPgogICAgICAgIA==[\/vc_raw_html][\/vc_column_inner][vc_column_inner width=\u00bb1\/2&#8243;][vc_single_image image=\u00bb1380&#8243; alignment=\u00bbcenter\u00bb][vc_column_text]<\/p>\n<h4 class=\"kt-adv-heading_cd099b-ed wp-block-kadence-advancedheading\" style=\"text-align: center;\"><span style=\"color: #ffffff;\">KAWSAY \u00d1ANKUNA<\/span><\/h4>\n<h2 class=\"kt-adv-heading_cd099b-ed wp-block-kadence-advancedheading\" style=\"text-align: center;\"><span style=\"color: #ffffff;\"><strong>CAMINOS DE VIDA<\/strong><\/span><\/h2>\n<p>[\/vc_column_text][vc_column_text]<\/p>\n<blockquote>\n<h6 style=\"text-align: justify;\"><strong><em>En estas semanas descubriremos cuales son esos caminos y caminantes de nuestra escuela andina de Kusi Kawsay. En quechua, nuestra lengua, la palabra \u00f1ankuna define a los caminos. Por ello la campa\u00f1a de este a\u00f1o se llamar\u00e1: \u201cKawsay \u00d1ankuna\u201d o \u201cCaminos de Vida\u201d. Acomp\u00e1\u00f1anos a conocer estos caminos, estamos seguros de que juntos podremos seguir aprendiendo.  <\/em><\/strong><\/h6>\n<\/blockquote>\n<p>[\/vc_column_text][vc_btn title=\u00bbDONAR AHORA\u00bb style=\u00bb3d\u00bb align=\u00bbcenter\u00bb link=\u00bburl:https%3A%2F%2Fwww.paypal.com%2Fdonate%2F%3Fcmd%3D_s-xclick%26hosted_button_id%3DC3VZW9QLJM6U2%26ssrt%3D1726003375658|target:_blank|\u00bb][\/vc_column_inner][\/vc_row_inner][\/vc_column][\/vc_row][vc_row general_row_align=\u00bbzass-align-center\u00bb css=\u00bb.vc_custom_1726014631848{margin-bottom: 0px !important;padding-top: 80px !important;padding-bottom: 80px !important;background-color: #ffffff !important;}\u00bb][vc_column][vc_column_text]<\/p>\n<h6 style=\"text-align: justify;\">Los andes nos conceden una gran met\u00e1fora de la vida, sobre todo a trav\u00e9s de los caminos que cruzan las monta\u00f1as. Estos caminos tienen cientos y miles de a\u00f1os y han sido construidos de piedra y tierra, logrando unir a diversas generaciones desde las primeras culturas pre-inkas hasta la actualidad, es as\u00ed como estos caminos contin\u00faan uni\u00e9ndonos, no s\u00f3lo con otros seres humanos sino a cada uno, nos encontramos a trav\u00e9s del camino, recorriendo grandes distancias con nuestro esfuerzo. adelante con una ense\u00f1anza: el amor, la solidaridad y la uni\u00f3n son el \u00fanico camino para continuar.    <\/h6>\n<p>[\/vc_column_text][vc_column_text]<\/p>\n<h6 style=\"text-align: justify;\">Durante estos dos a\u00f1os de pandemia, muchos de aquellos caminos han sido olvidados, debido a que todos estuvimos en nuestras casas, comunidades, peque\u00f1as o grandes ciudades, cuid\u00e1ndonos ante un episodio social que nos cambi\u00f3 la vida: El COVID-19.  <\/h6>\n<p>[\/vc_column_text][vc_column_text]<\/p>\n<blockquote>\n<h6 style=\"text-align: justify;\">En estas semanas descubriremos cuales son esos caminos y caminantes de nuestra escuela andina de Kusi Kawsay. En quechua, nuestra lengua, la palabra \u00f1ankuna define a los caminos. Por ello la campa\u00f1a de este a\u00f1o se llamar\u00e1: \u201cKawsay \u00d1ankuna\u201d o \u201cCaminos de Vida\u201d. Acomp\u00e1\u00f1anos a conocer estos caminos, estamos seguros de que juntos podremos seguir aprendiendo.  <\/h6>\n<\/blockquote>\n<p>[\/vc_column_text][vc_column_text]<\/p>\n<h6 style=\"text-align: justify;\">\u00a1Esperamos contar con vuestra colaboraci\u00f3n y apoyo al proyecto educativo de Kusi Kawsay! <\/h6>\n<p>[\/vc_column_text][vc_column_text css=\u00bb.vc_custom_1726862793742{padding-top: 20px !important;padding-bottom: 20px !important;}\u00bb]<\/p>\n<h5 style=\"text-align: center;\">Estamos seguros de que juntos podemos seguir aprendiendo&#8230;!<\/h5>\n<p>[\/vc_column_text][vc_btn title=\u00bbDONAR AHORA\u00bb style=\u00bb3d\u00bb align=\u00bbcenter\u00bb link=\u00bburl:https%3A%2F%2Fwww.paypal.com%2Fdonate%2F%3Fcmd%3D_s-xclick%26hosted_button_id%3DC3VZW9QLJM6U2%26ssrt%3D1726003375658|target:_blank|\u00bb][\/vc_column][\/vc_row][vc_row css=\u00bb.vc_custom_1726069485762{padding-bottom: 50px !important;}\u00bb][vc_column][vc_column_text]<\/p>\n<h5 style=\"text-align: left;\">Enlaces a los boletines informativos semanales de la campa\u00f1a Kawsay \u00d1ankuna &#8211; Caminos de Vida<\/h5>\n<p>[\/vc_column_text][vc_column_text]<\/p>\n<ul>\n<li style=\"text-align: left;\">\n<h6><span style=\"color: #009b7e !important;\"><a style=\"color: #009b7e !important;\" href=\"https:\/\/mailchi.mp\/a982e8bf843e\/2022-fundraising-campaignkawsay-ankuna-paths-of-life\" target=\"_blank\" rel=\"noopener\"><span class=\"elementor-icon-list-text\">Campa\u00f1a de Recaudaci\u00f3n de Fondos 2022<\/span><\/a><\/span><\/h6>\n<\/li>\n<li>\n<h6><span style=\"color: #009b7e !important;\"><a style=\"color: #009b7e !important;\" href=\"https:\/\/mailchi.mp\/d422403f66aa\/kusi-kawsay-a-place-where-paths-cross\" target=\"_blank\" rel=\"noopener\"><span class=\"elementor-icon-list-text\">Kusi Kawsay: un lugar donde se cruzan caminos<\/span><\/a><\/span><\/h6>\n<\/li>\n<li>\n<h6><span style=\"color: #009b7e !important;\"><a style=\"color: #009b7e !important;\" href=\"https:\/\/mailchi.mp\/2dd4481c28a3\/remembering-our-ancestors\" target=\"_blank\" rel=\"noopener\"><span class=\"elementor-icon-list-text\">Recordando a nuestros Antepasados<\/span><\/a><\/span><\/h6>\n<\/li>\n<li>\n<h6><span style=\"color: #009b7e !important;\"><a style=\"color: #009b7e !important;\" href=\"https:\/\/mailchi.mp\/8fafbd843861\/from-cusco-to-pisaq\" target=\"_blank\" rel=\"noopener\"><span class=\"elementor-icon-list-text\">De Cusco a Pisaq<\/span><\/a><\/span><\/h6>\n<\/li>\n<li>\n<h6><span style=\"color: #009b7e !important;\"><a style=\"color: #009b7e !important;\" href=\"https:\/\/mailchi.mp\/b7f7ac2c008b\/the-long-path-of-regina-and-her-children\" target=\"_blank\" rel=\"noopener\"><span class=\"elementor-icon-list-text\">El largo camino de Regina y sus hijos<\/span><\/a><\/span><\/h6>\n<\/li>\n<li>\n<h6><span style=\"color: #009b7e !important;\"><a style=\"color: #009b7e !important;\" href=\"https:\/\/mailchi.mp\/880b4bafaf36\/music-our-teacher-on-the-path-of-life\" target=\"_blank\" rel=\"noopener\"><span class=\"elementor-icon-list-text\">M\u00fasica: nuestro maestro en el camino de la vida<\/span><\/a><\/span><\/h6>\n<\/li>\n<li>\n<h6><span style=\"color: #009b7e !important;\"><a style=\"color: #009b7e !important;\" href=\"https:\/\/mailchi.mp\/1fc479131d1d\/miriams-long-trip-to-school\" target=\"_blank\" rel=\"noopener\"><span class=\"elementor-icon-list-text\">El largo viaje de Miriam a la escuela<\/span><\/a><\/span><\/h6>\n<\/li>\n<\/ul>\n<p>[\/vc_column_text][\/vc_column][\/vc_row]<\/p>\n<\/section>","protected":false},"excerpt":{"rendered":"<p>[vc_row full_width=\u00bbstretch_row\u00bb video_opacity=\u00bb0.5&#8243; css=\u00bb.vc_custom_1726075662606{margin-bottom: 0px !important;background-image: url(http:\/\/kusikawsay.org\/wp-content\/uploads\/2024\/09\/kusi_kawsay_portada_2.png?id=4311) !important;}\u00bb][vc_column][vc_row_inner content_placement=\u00bbmiddle\u00bb gap=\u00bb35&#8243;][vc_column_inner width=\u00bb1\/2&#8243;][vc_raw_html]CiAgICAgICAgICA8aWZyYW1lIHdpZHRoPSI4NTQiIGhlaWdodD0iNDgwIiBzcmM9Imh0dHBzOi8vd3d3LnlvdXR1YmUuY29tL2VtYmVkL19nZ0lFVnM5WDdvP2F1dG9wbGF5PTEmYW1wO211dGU9MCZhbXA7bW9kZXN0YnJhbmRpbmc9MSIgdGl0bGU9IlJlcHJvZHVjdG9yIGRlIHbDrWRlbyBkZSBZb3VUdWJlIiBmcmFtZWJvcmRlcj0iMCIgYWxsb3c9ImFjY2VsZXJvbWV0ZXI7IGF1dG9wbGF5OyBjbGlwYm9hcmQtd3JpdGU7IGVuY3J5cHRlZC1tZWRpYTsgZ3lyb3Njb3BlOyBwaWN0dXJlLWluLXBpY3R1cmU7IHdlYi1zaGFyZSIgYWxsb3dmdWxsc2NyZWVuPSIiPjwvaWZyYW1lPgogICAgICAgIA==[\/vc_raw_html][\/vc_column_inner][vc_column_inner width=\u00bb1\/2&#8243;][vc_single_image image=\u00bb1380&#8243; alignment=\u00bbcenter\u00bb][vc_column_text] KAWSAY \u00d1ANKUNA CAMINOS DE VIDA [\/vc_column_text][vc_column_text] En estas semanas descubriremos cuales son esos caminos y caminantes de nuestra escuela andina de Kusi Kawsay. En quechua, nuestra lengua, la palabra \u00f1ankuna define a los caminos. Por ello la campa\u00f1a de este a\u00f1o &#8230;<a class=\"r_more_blog\" href=\"https:\/\/kusikawsay.org\/es\/campana-de-recaudacion-de-fondos-2022\/#more-4669\"><i class=\"fa fa-sign-in\"><\/i> read more<\/a><\/p>\n","protected":false},"author":1,"featured_media":0,"parent":0,"menu_order":0,"comment_status":"closed","ping_status":"closed","template":"","meta":{"footnotes":""},"class_list":["post-4669","page","type-page","status-publish","hentry"],"_links":{"self":[{"href":"https:\/\/kusikawsay.org\/es\/wp-json\/wp\/v2\/pages\/4669","targetHints":{"allow":["GET"]}}],"collection":[{"href":"https:\/\/kusikawsay.org\/es\/wp-json\/wp\/v2\/pages"}],"about":[{"href":"https:\/\/kusikawsay.org\/es\/wp-json\/wp\/v2\/types\/page"}],"author":[{"embeddable":true,"href":"https:\/\/kusikawsay.org\/es\/wp-json\/wp\/v2\/users\/1"}],"replies":[{"embeddable":true,"href":"https:\/\/kusikawsay.org\/es\/wp-json\/wp\/v2\/comments?post=4669"}],"version-history":[{"count":4,"href":"https:\/\/kusikawsay.org\/es\/wp-json\/wp\/v2\/pages\/4669\/revisions"}],"predecessor-version":[{"id":5265,"href":"https:\/\/kusikawsay.org\/es\/wp-json\/wp\/v2\/pages\/4669\/revisions\/5265"}],"wp:attachment":[{"href":"https:\/\/kusikawsay.org\/es\/wp-json\/wp\/v2\/media?parent=4669"}],"curies":[{"name":"wp","href":"https:\/\/api.w.org\/{rel}","templated":true}]}}