{"id":4672,"date":"2024-09-11T08:48:34","date_gmt":"2024-09-11T08:48:34","guid":{"rendered":"http:\/\/kusikawsay.org\/campana-de-recaudacion-de-fondos-2021\/"},"modified":"2024-09-20T20:02:56","modified_gmt":"2024-09-20T20:02:56","slug":"campana-de-recaudacion-de-fondos-2021","status":"publish","type":"page","link":"https:\/\/kusikawsay.org\/es\/campana-de-recaudacion-de-fondos-2021\/","title":{"rendered":"Campa\u00f1a de Recaudaci\u00f3n de Fondos 2021"},"content":{"rendered":"<section class=\"wpb-content-wrapper\"><p>[vc_row full_width=\u00bbstretch_row\u00bb video_opacity=\u00bb0.5&#8243; css=\u00bb.vc_custom_1726044774992{margin-bottom: 0px !important;background-image: url(http:\/\/kusikawsay.org\/wp-content\/uploads\/2024\/03\/Potada_Kusi_Kawsay_W_v2-1-scaled.jpg?id=2633) !important;}\u00bb][vc_column][vc_row_inner content_placement=\u00bbmiddle\u00bb gap=\u00bb35&#8243;][vc_column_inner width=\u00bb1\/2&#8243;][vc_raw_html]CiAgICAgICAgICA8aWZyYW1lIHdpZHRoPSI4NTQiIGhlaWdodD0iNDgwIiBzcmM9Imh0dHBzOi8vd3d3LnlvdXR1YmUuY29tL2VtYmVkL05Kb1VWLTRsR2YwP2F1dG9wbGF5PTEmYW1wO211dGU9MCZhbXA7bW9kZXN0YnJhbmRpbmc9MSIgdGl0bGU9IlJlcHJvZHVjdG9yIGRlIHbDrWRlbyBkZSBZb3VUdWJlIiBmcmFtZWJvcmRlcj0iMCIgYWxsb3c9ImFjY2VsZXJvbWV0ZXI7IGF1dG9wbGF5OyBjbGlwYm9hcmQtd3JpdGU7IGVuY3J5cHRlZC1tZWRpYTsgZ3lyb3Njb3BlOyBwaWN0dXJlLWluLXBpY3R1cmU7IHdlYi1zaGFyZSIgYWxsb3dmdWxsc2NyZWVuPSIiPjwvaWZyYW1lPgogICAgICAgIA==[\/vc_raw_html][\/vc_column_inner][vc_column_inner width=\u00bb1\/2&#8243;][vc_single_image image=\u00bb1380&#8243; alignment=\u00bbcenter\u00bb][vc_column_text]<\/p>\n<h2 class=\"kt-adv-heading_cd099b-ed wp-block-kadence-advancedheading\" style=\"text-align: center;\"><span style=\"color: #ffffff;\"><strong>YACHAY<\/strong><\/span><\/h2>\n<h4 class=\"kt-adv-heading_cd099b-ed wp-block-kadence-advancedheading\" style=\"text-align: center;\"><span style=\"color: #ffffff;\">Campa\u00f1a de Recaudaci\u00f3n de Fondos 2021<\/span><\/h4>\n<p>[\/vc_column_text][vc_column_text]<\/p>\n<blockquote>\n<h6 style=\"text-align: justify;\"><strong><em>La vida es un continuo aprendizaje y este a\u00f1o 2021 ha significado una gran lecci\u00f3n para la comunidad de Kusi Kawsay as\u00ed como a nivel mundial. Luego de un periodo tan dif\u00edcil como el vivido en el a\u00f1o 2020, debido a la crisis sanitaria por el COVID -19, ahora podemos ver hacia<br \/>adelante con una ense\u00f1anza: el amor, la solidaridad y la uni\u00f3n son el \u00fanico camino para continuar. <\/em><\/strong><\/h6>\n<\/blockquote>\n<p>[\/vc_column_text][vc_btn title=\u00bbDONAR AHORA\u00bb style=\u00bb3d\u00bb align=\u00bbcenter\u00bb link=\u00bburl:https%3A%2F%2Fwww.paypal.com%2Fdonate%2F%3Fcmd%3D_s-xclick%26hosted_button_id%3DC3VZW9QLJM6U2%26ssrt%3D1726003375658|target:_blank|\u00bb][\/vc_column_inner][\/vc_row_inner][\/vc_column][\/vc_row][vc_row general_row_align=\u00bbzass-align-center\u00bb css=\u00bb.vc_custom_1726862390407{margin-bottom: 0px !important;padding-top: 40px !important;padding-bottom: 40px !important;background-color: #ffffff !important;}\u00bb][vc_column][vc_column_text]<\/p>\n<blockquote>\n<h6 style=\"text-align: justify;\">En Kusi Kawsay, nuestros grandes maestros y maestras han sido los ni\u00f1os, ni\u00f1as y j\u00f3venes de quienes hemos aprendido a adaptarnos a las nuevas formas de educaci\u00f3n virtual, las nuevas formas de socializaci\u00f3n y sobre todo a ver la vida con esperanza y optimismo. A partir del mes de agosto del presente a\u00f1o, los ni\u00f1os, ni\u00f1as y j\u00f3venes han estado retornando progresivamente al colegio luego de 16 meses de ausencia. Los salones y los juegos estuvieron vac\u00edos todo este tiempo, el esp\u00edritu de ellos y ellas hac\u00edan vital las instalaciones de Kusi Kawsay, con sus voces y risas la escuela era un lugar realmente feliz.  <\/h6>\n<\/blockquote>\n<p>[\/vc_column_text][vc_column_text]<\/p>\n<h6 style=\"text-align: justify;\">Ahora seguimos aprendiendo y reaprendiendo, muchos ni\u00f1os y ni\u00f1as hab\u00edan olvidado jugar, socializar, pero poco a poco vuelven a ser los de antes, los de siempre. Este 15 de noviembre iniciamos la campa\u00f1a de recaudaci\u00f3n de fondos para el periodo 2022 de Kusi Kawsay. La hemos denominado \u201c<strong>Yachay\u201d<\/strong>, que en quechua significa aprender, porque este periodo ha sido de grandes ense\u00f1anzas. A lo largo de estas semanas estaremos compartiendo con ustedes los logros y aprendizajes de este periodo. Tambi\u00e9n nos gustar\u00eda compartir con ustedes algunas historias y noticias el d\u00eda del lanzamiento de campa\u00f1a. Est\u00e9n atentos a un gran anuncio que daremos en el transcurso de estos d\u00edas.    <\/h6>\n<p>[\/vc_column_text][vc_column_text]<\/p>\n<h6 style=\"text-align: justify;\">Esperamos su colaboraci\u00f3n y apoyo al proyecto educativo Kusi Kawsay para cerrar este a\u00f1o acad\u00e9mico lleno de lecciones enriquecedoras, al mismo tiempo que esperamos el inicio de nuestro nuevo a\u00f1o escolar lleno de posibilidades y oportunidades para brindar una educaci\u00f3n digna a los ni\u00f1os y j\u00f3venes andinos del Valle Sagrado del Per\u00fa.<\/h6>\n<p>[\/vc_column_text][vc_column_text]<\/p>\n<h6 style=\"text-align: justify;\">Nuestra comunidad ha creado un hermoso calendario 2022 de conmovedoras expresiones po\u00e9ticas e im\u00e1genes que estamos muy emocionados de compartir con ustedes en agradecimiento por su donaci\u00f3n. Por favor incluya su direcci\u00f3n de correo electr\u00f3nico cuando haga una donaci\u00f3n. <\/h6>\n<p>[\/vc_column_text][vc_btn title=\u00bbDONAR AHORA\u00bb style=\u00bb3d\u00bb align=\u00bbcenter\u00bb link=\u00bburl:https%3A%2F%2Fwww.paypal.com%2Fdonate%2F%3Fcmd%3D_s-xclick%26hosted_button_id%3DC3VZW9QLJM6U2%26ssrt%3D1726003375658|target:_blank|\u00bb][\/vc_column][\/vc_row][vc_row full_width=\u00bbstretch_row_content\u00bb css=\u00bb.vc_custom_1726862400553{padding-top: 20px !important;padding-right: 70px !important;padding-bottom: 20px !important;padding-left: 70px !important;background-color: #ffffff !important;}\u00bb][vc_column][vc_column_text]<\/p>\n<h5 style=\"text-align: center;\">Su donaci\u00f3n apoyar\u00e1 una experiencia educativa vibrante arraigada en la rica identidad cultural de la tradici\u00f3n andina tejida con elementos de la pedagog\u00eda Waldorf, tales como:<\/h5>\n<p>[\/vc_column_text][vc_row_inner css=\u00bb.vc_custom_1726069527842{margin-bottom: 20px !important;}\u00bb][vc_column_inner width=\u00bb1\/3&#8243;]\t\t<div class=\"wpb_zass_banner wpb_content_element banner-top-left  \">\n\t\t\t<div class=\"wpb_wrapper\">\n\t\t\t\t<div class=\"zass_whole_banner_wrapper\">\n\t\t\t\t\t<a href=\"https:%2F%2Fwww.paypal.com%2Fdonate%2F%3Fcmd%3D_s-xclick%26amp%3Bhosted_button_id%3DC3VZW9QLJM6U2%26amp%3Bssrt%3D1726003375658|\" target=\"_blank\" title=\"Celebraci\u00f3n del calendario Andino\">\n\t\t\t\t\t\t\t\t\t\t\t\t\t<div class=\"zass_banner_image\">\n\t\t\t\t\t\t\t\t<img decoding=\"async\" class=\"zass_banner_bg\" src=\"https:\/\/kusikawsay.org\/wp-content\/uploads\/2024\/09\/IMG_20240805_090318-scaled.jpg\" alt=\"Celebraci\u00f3n del calendario Andino\" \/>\n\t\t\t\t\t\t\t<\/div>\n\t\t\t\t\t\t\t\t\t\t\t\t<div class=\"zass_banner_text\">\n\t\t\t\t\t\t\t<div class=\"zass_banner_centering\">\n\t\t\t\t\t\t\t\t<div class=\"zass_banner_centered\">\n\t\t\t\t\t\t\t\t\t\t\t\t\t\t\t\t\t\t\t\t\t\t\t\t\t\t\t\t<h4>Celebraci\u00f3n del calendario Andino<\/h4>\n\t\t\t\t\t\t\t\t\t\t\t\t\t\t\t\t\t\t\t\t\t\t\t\t\t\t\t\t\t\t\t\t\t\t\t\t\t<span class=\"zass_banner_buton\">DONAR AHORA<\/span>\n\t\t\t\t\t\t\t\t\t\t\t\t\t\t\t\t\t<\/div>\n\t\t\t\t\t\t\t<\/div>\n\t\t\t\t\t\t<\/div>\n\t\t\t\t\t<\/a>\n\t\t\t\t<\/div>\n\t\t\t<\/div>\n\t\t<\/div>\n\t\t[\/vc_column_inner][vc_column_inner width=\u00bb1\/3&#8243;]\t\t<div class=\"wpb_zass_banner wpb_content_element banner-top-center  \">\n\t\t\t<div class=\"wpb_wrapper\">\n\t\t\t\t<div class=\"zass_whole_banner_wrapper\">\n\t\t\t\t\t<a href=\"https:%2F%2Fwww.paypal.com%2Fdonate%2F%3Fcmd%3D_s-xclick%26amp%3Bhosted_button_id%3DC3VZW9QLJM6U2%26amp%3Bssrt%3D1726003375658|\" target=\"_blank\" title=\"Talleres Legado Andino\">\n\t\t\t\t\t\t\t\t\t\t\t\t\t<div class=\"zass_banner_image\">\n\t\t\t\t\t\t\t\t<img decoding=\"async\" class=\"zass_banner_bg\" src=\"https:\/\/kusikawsay.org\/wp-content\/uploads\/2024\/09\/tarpuy_3-scaled.jpg\" alt=\"Talleres Legado Andino\" \/>\n\t\t\t\t\t\t\t<\/div>\n\t\t\t\t\t\t\t\t\t\t\t\t<div class=\"zass_banner_text\">\n\t\t\t\t\t\t\t<div class=\"zass_banner_centering\">\n\t\t\t\t\t\t\t\t<div class=\"zass_banner_centered\">\n\t\t\t\t\t\t\t\t\t\t\t\t\t\t\t\t\t\t\t\t\t\t\t\t\t\t\t\t<h4>Talleres Legado Andino<\/h4>\n\t\t\t\t\t\t\t\t\t\t\t\t\t\t\t\t\t\t\t\t\t\t\t\t\t\t\t\t\t\t\t\t\t\t\t\t\t<span class=\"zass_banner_buton\">DONAR AHORA<\/span>\n\t\t\t\t\t\t\t\t\t\t\t\t\t\t\t\t\t<\/div>\n\t\t\t\t\t\t\t<\/div>\n\t\t\t\t\t\t<\/div>\n\t\t\t\t\t<\/a>\n\t\t\t\t<\/div>\n\t\t\t<\/div>\n\t\t<\/div>\n\t\t[\/vc_column_inner][vc_column_inner width=\u00bb1\/3&#8243;]\t\t<div class=\"wpb_zass_banner wpb_content_element banner-top-right  \">\n\t\t\t<div class=\"wpb_wrapper\">\n\t\t\t\t<div class=\"zass_whole_banner_wrapper\">\n\t\t\t\t\t<a href=\"https:%2F%2Fwww.paypal.com%2Fdonate%2F%3Fcmd%3D_s-xclick%26amp%3Bhosted_button_id%3DC3VZW9QLJM6U2%26amp%3Bssrt%3D1726003375658|\" target=\"_blank\" title=\"Clases de jard\u00edn de infancia, primaria y secundaria\">\n\t\t\t\t\t\t\t\t\t\t\t\t\t<div class=\"zass_banner_image\">\n\t\t\t\t\t\t\t\t<img decoding=\"async\" class=\"zass_banner_bg\" src=\"https:\/\/kusikawsay.org\/wp-content\/uploads\/2024\/09\/tarpuy_4-scaled.jpg\" alt=\"Clases de jard\u00edn de infancia, primaria y secundaria\" \/>\n\t\t\t\t\t\t\t<\/div>\n\t\t\t\t\t\t\t\t\t\t\t\t<div class=\"zass_banner_text\">\n\t\t\t\t\t\t\t<div class=\"zass_banner_centering\">\n\t\t\t\t\t\t\t\t<div class=\"zass_banner_centered\">\n\t\t\t\t\t\t\t\t\t\t\t\t\t\t\t\t\t\t\t\t\t\t\t\t\t\t\t\t<h4>Clases de jard\u00edn de infancia, primaria y secundaria<\/h4>\n\t\t\t\t\t\t\t\t\t\t\t\t\t\t\t\t\t\t\t\t\t\t\t\t\t\t\t\t\t\t\t\t\t\t\t\t\t<span class=\"zass_banner_buton\">DONAR AHORA<\/span>\n\t\t\t\t\t\t\t\t\t\t\t\t\t\t\t\t\t<\/div>\n\t\t\t\t\t\t\t<\/div>\n\t\t\t\t\t\t<\/div>\n\t\t\t\t\t<\/a>\n\t\t\t\t<\/div>\n\t\t\t<\/div>\n\t\t<\/div>\n\t\t[\/vc_column_inner][\/vc_row_inner][vc_row_inner css=\u00bb.vc_custom_1726066163732{margin-bottom: 40px !important;}\u00bb][vc_column_inner width=\u00bb1\/3&#8243;]\t\t<div class=\"wpb_zass_banner wpb_content_element banner-top-left  \">\n\t\t\t<div class=\"wpb_wrapper\">\n\t\t\t\t<div class=\"zass_whole_banner_wrapper\">\n\t\t\t\t\t<a href=\"https:%2F%2Fwww.paypal.com%2Fdonate%2F%3Fcmd%3D_s-xclick%26amp%3Bhosted_button_id%3DC3VZW9QLJM6U2%26amp%3Bssrt%3D1726003375658|\" target=\"_blank\" title=\"Formaci\u00f3n e intercambios de profesores\">\n\t\t\t\t\t\t\t\t\t\t\t\t\t<div class=\"zass_banner_image\">\n\t\t\t\t\t\t\t\t<img decoding=\"async\" class=\"zass_banner_bg\" src=\"https:\/\/kusikawsay.org\/wp-content\/uploads\/2024\/09\/kusi_kawsay_teacher_training-scaled.jpg\" alt=\"Formaci\u00f3n e intercambios de profesores\" \/>\n\t\t\t\t\t\t\t<\/div>\n\t\t\t\t\t\t\t\t\t\t\t\t<div class=\"zass_banner_text\">\n\t\t\t\t\t\t\t<div class=\"zass_banner_centering\">\n\t\t\t\t\t\t\t\t<div class=\"zass_banner_centered\">\n\t\t\t\t\t\t\t\t\t\t\t\t\t\t\t\t\t\t\t\t\t\t\t\t\t\t\t\t<h4>Formaci\u00f3n e intercambios de profesores<\/h4>\n\t\t\t\t\t\t\t\t\t\t\t\t\t\t\t\t\t\t\t\t\t\t\t\t\t\t\t\t\t\t\t\t\t\t\t\t\t<span class=\"zass_banner_buton\">DONAR AHORA<\/span>\n\t\t\t\t\t\t\t\t\t\t\t\t\t\t\t\t\t<\/div>\n\t\t\t\t\t\t\t<\/div>\n\t\t\t\t\t\t<\/div>\n\t\t\t\t\t<\/a>\n\t\t\t\t<\/div>\n\t\t\t<\/div>\n\t\t<\/div>\n\t\t[\/vc_column_inner][vc_column_inner width=\u00bb1\/3&#8243;]\t\t<div class=\"wpb_zass_banner wpb_content_element banner-top-center  \">\n\t\t\t<div class=\"wpb_wrapper\">\n\t\t\t\t<div class=\"zass_whole_banner_wrapper\">\n\t\t\t\t\t<a href=\"https:%2F%2Fwww.paypal.com%2Fdonate%2F%3Fcmd%3D_s-xclick%26amp%3Bhosted_button_id%3DC3VZW9QLJM6U2%26amp%3Bssrt%3D1726003375658|\" target=\"_blank\" title=\"Alcance comunitario\">\n\t\t\t\t\t\t\t\t\t\t\t\t\t<div class=\"zass_banner_image\">\n\t\t\t\t\t\t\t\t<img decoding=\"async\" class=\"zass_banner_bg\" src=\"https:\/\/kusikawsay.org\/wp-content\/uploads\/2024\/09\/pukllay_nawpa_nan-1.jpg\" alt=\"Alcance comunitario\" \/>\n\t\t\t\t\t\t\t<\/div>\n\t\t\t\t\t\t\t\t\t\t\t\t<div class=\"zass_banner_text\">\n\t\t\t\t\t\t\t<div class=\"zass_banner_centering\">\n\t\t\t\t\t\t\t\t<div class=\"zass_banner_centered\">\n\t\t\t\t\t\t\t\t\t\t\t\t\t\t\t\t\t\t\t\t\t\t\t\t\t\t\t\t<h4>Alcance comunitario<\/h4>\n\t\t\t\t\t\t\t\t\t\t\t\t\t\t\t\t\t\t\t\t\t\t\t\t\t\t\t\t\t\t\t\t\t\t\t\t\t<span class=\"zass_banner_buton\">DONAR AHORA<\/span>\n\t\t\t\t\t\t\t\t\t\t\t\t\t\t\t\t\t<\/div>\n\t\t\t\t\t\t\t<\/div>\n\t\t\t\t\t\t<\/div>\n\t\t\t\t\t<\/a>\n\t\t\t\t<\/div>\n\t\t\t<\/div>\n\t\t<\/div>\n\t\t[\/vc_column_inner][vc_column_inner width=\u00bb1\/3&#8243;]\t\t<div class=\"wpb_zass_banner wpb_content_element banner-top-right  \">\n\t\t\t<div class=\"wpb_wrapper\">\n\t\t\t\t<div class=\"zass_whole_banner_wrapper\">\n\t\t\t\t\t<a href=\"https:%2F%2Fwww.paypal.com%2Fdonate%2F%3Fcmd%3D_s-xclick%26amp%3Bhosted_button_id%3DC3VZW9QLJM6U2%26amp%3Bssrt%3D1726003375658|\" target=\"_blank\" title=\"Campa\u00f1as de sensibilizaci\u00f3n\">\n\t\t\t\t\t\t\t\t\t\t\t\t\t<div class=\"zass_banner_image\">\n\t\t\t\t\t\t\t\t<img decoding=\"async\" class=\"zass_banner_bg\" src=\"https:\/\/kusikawsay.org\/wp-content\/uploads\/2024\/09\/kusi_kawsay_sensibilizacion-scaled.jpg\" alt=\"Campa\u00f1as de sensibilizaci\u00f3n\" \/>\n\t\t\t\t\t\t\t<\/div>\n\t\t\t\t\t\t\t\t\t\t\t\t<div class=\"zass_banner_text\">\n\t\t\t\t\t\t\t<div class=\"zass_banner_centering\">\n\t\t\t\t\t\t\t\t<div class=\"zass_banner_centered\">\n\t\t\t\t\t\t\t\t\t\t\t\t\t\t\t\t\t\t\t\t\t\t\t\t\t\t\t\t<h4>Campa\u00f1as de sensibilizaci\u00f3n<\/h4>\n\t\t\t\t\t\t\t\t\t\t\t\t\t\t\t\t\t\t\t\t\t\t\t\t\t\t\t\t\t\t\t\t\t\t\t\t\t<span class=\"zass_banner_buton\">DONAR AHORA<\/span>\n\t\t\t\t\t\t\t\t\t\t\t\t\t\t\t\t\t<\/div>\n\t\t\t\t\t\t\t<\/div>\n\t\t\t\t\t\t<\/div>\n\t\t\t\t\t<\/a>\n\t\t\t\t<\/div>\n\t\t\t<\/div>\n\t\t<\/div>\n\t\t[\/vc_column_inner][\/vc_row_inner][vc_row_inner css=\u00bb.vc_custom_1726066163732{margin-bottom: 40px !important;}\u00bb][vc_column_inner width=\u00bb1\/3&#8243;]\t\t<div class=\"wpb_zass_banner wpb_content_element banner-top-left  \">\n\t\t\t<div class=\"wpb_wrapper\">\n\t\t\t\t<div class=\"zass_whole_banner_wrapper\">\n\t\t\t\t\t<a href=\"https:%2F%2Fwww.paypal.com%2Fdonate%2F%3Fcmd%3D_s-xclick%26amp%3Bhosted_button_id%3DC3VZW9QLJM6U2%26amp%3Bssrt%3D1726003375658|\" target=\"_blank\" title=\"Empoderamiento de las ni\u00f1as\">\n\t\t\t\t\t\t\t\t\t\t\t\t\t<div class=\"zass_banner_image\">\n\t\t\t\t\t\t\t\t<img decoding=\"async\" class=\"zass_banner_bg\" src=\"https:\/\/kusikawsay.org\/wp-content\/uploads\/2024\/09\/kusi_kawsay_aula2-1-scaled.jpg\" alt=\"Empoderamiento de las ni\u00f1as\" \/>\n\t\t\t\t\t\t\t<\/div>\n\t\t\t\t\t\t\t\t\t\t\t\t<div class=\"zass_banner_text\">\n\t\t\t\t\t\t\t<div class=\"zass_banner_centering\">\n\t\t\t\t\t\t\t\t<div class=\"zass_banner_centered\">\n\t\t\t\t\t\t\t\t\t\t\t\t\t\t\t\t\t\t\t\t\t\t\t\t\t\t\t\t<h4>Empoderamiento de las ni\u00f1as<\/h4>\n\t\t\t\t\t\t\t\t\t\t\t\t\t\t\t\t\t\t\t\t\t\t\t\t\t\t\t\t\t\t\t\t\t\t\t\t\t<span class=\"zass_banner_buton\">DONAR AHORA<\/span>\n\t\t\t\t\t\t\t\t\t\t\t\t\t\t\t\t\t<\/div>\n\t\t\t\t\t\t\t<\/div>\n\t\t\t\t\t\t<\/div>\n\t\t\t\t\t<\/a>\n\t\t\t\t<\/div>\n\t\t\t<\/div>\n\t\t<\/div>\n\t\t[\/vc_column_inner][vc_column_inner width=\u00bb1\/3&#8243;]\t\t<div class=\"wpb_zass_banner wpb_content_element banner-top-center  \">\n\t\t\t<div class=\"wpb_wrapper\">\n\t\t\t\t<div class=\"zass_whole_banner_wrapper\">\n\t\t\t\t\t<a href=\"https:%2F%2Fwww.paypal.com%2Fdonate%2F%3Fcmd%3D_s-xclick%26amp%3Bhosted_button_id%3DC3VZW9QLJM6U2%26amp%3Bssrt%3D1726003375658|\" target=\"_blank\" title=\"Programas de liderazgo juvenil\">\n\t\t\t\t\t\t\t\t\t\t\t\t\t<div class=\"zass_banner_image\">\n\t\t\t\t\t\t\t\t<img decoding=\"async\" class=\"zass_banner_bg\" src=\"https:\/\/kusikawsay.org\/wp-content\/uploads\/2024\/09\/Kusi_Kawsay_liderazgo-scaled.jpg\" alt=\"Programas de liderazgo juvenil\" \/>\n\t\t\t\t\t\t\t<\/div>\n\t\t\t\t\t\t\t\t\t\t\t\t<div class=\"zass_banner_text\">\n\t\t\t\t\t\t\t<div class=\"zass_banner_centering\">\n\t\t\t\t\t\t\t\t<div class=\"zass_banner_centered\">\n\t\t\t\t\t\t\t\t\t\t\t\t\t\t\t\t\t\t\t\t\t\t\t\t\t\t\t\t<h4>Programas de liderazgo juvenil<\/h4>\n\t\t\t\t\t\t\t\t\t\t\t\t\t\t\t\t\t\t\t\t\t\t\t\t\t\t\t\t\t\t\t\t\t\t\t\t\t<span class=\"zass_banner_buton\">DONAR AHORA<\/span>\n\t\t\t\t\t\t\t\t\t\t\t\t\t\t\t\t\t<\/div>\n\t\t\t\t\t\t\t<\/div>\n\t\t\t\t\t\t<\/div>\n\t\t\t\t\t<\/a>\n\t\t\t\t<\/div>\n\t\t\t<\/div>\n\t\t<\/div>\n\t\t[\/vc_column_inner][vc_column_inner width=\u00bb1\/3&#8243;][\/vc_column_inner][\/vc_row_inner][\/vc_column][\/vc_row][vc_row css=\u00bb.vc_custom_1726862408459{padding-bottom: 40px !important;}\u00bb][vc_column][vc_column_text]<\/p>\n<h5 style=\"text-align: left;\">Enlaces a los boletines informativos semanales de la campa\u00f1a Yachay:<\/h5>\n<p>[\/vc_column_text][vc_column_text]<\/p>\n<ul>\n<li style=\"text-align: left;\">\n<h6><span style=\"color: #009b7e !important;\"><a style=\"color: #009b7e !important;\" href=\"https:\/\/mailchi.mp\/7e50cb722bfd\/weaving-life-in-the-andes\" target=\"_blank\" rel=\"noopener\"><span class=\"elementor-icon-list-text\">Tejiendo la vida en los Andes<\/span><\/a><\/span><\/h6>\n<\/li>\n<li>\n<h6><span style=\"color: #009b7e !important;\"><a style=\"color: #009b7e !important;\" href=\"https:\/\/mailchi.mp\/5b88fa05c1e6\/learning-from-the-ancestors-machu-qhaswa\" target=\"_blank\" rel=\"noopener\"><span class=\"elementor-icon-list-text\">Campa\u00f1a de Recaudaci\u00f3n de Fondos 2021 Semana 5<\/span><\/a><\/span><\/h6>\n<\/li>\n<li>\n<h6><span style=\"color: #009b7e !important;\"><a style=\"color: #009b7e !important;\" href=\"https:\/\/mailchi.mp\/02f065683194\/learning-from-life-itself\" target=\"_blank\" rel=\"noopener\"><span class=\"elementor-icon-list-text\">Campa\u00f1a de Recaudaci\u00f3n de Fondos 2021 Semana 4<\/span><\/a><\/span><\/h6>\n<\/li>\n<li>\n<h6><span style=\"color: #009b7e !important;\"><a style=\"color: #009b7e !important;\" href=\"https:\/\/mailchi.mp\/70e5d08cedf7\/learning-from-the-children-of-kusi-kawsay\" target=\"_blank\" rel=\"noopener\"><span class=\"elementor-icon-list-text\">Campa\u00f1a de Recaudaci\u00f3n de Fondos 2021 Semana 3<\/span><\/a><\/span><\/h6>\n<\/li>\n<li>\n<h6><span style=\"color: #009b7e !important;\"><a style=\"color: #009b7e !important;\" href=\"https:\/\/mailchi.mp\/fc31213403e7\/pachamama-teaches-us-interview-with-melba\" target=\"_blank\" rel=\"noopener\"><span class=\"elementor-icon-list-text\">Campa\u00f1a de Recaudaci\u00f3n de Fondos 2021 Semana 2<\/span><\/a><\/span><\/h6>\n<\/li>\n<li>\n<h6><span style=\"color: #009b7e !important;\"><a style=\"color: #009b7e !important;\" href=\"https:\/\/mailchi.mp\/415644b15389\/kusi-kawsay-fundraising-campaign-for-2021_week-1\" target=\"_blank\" rel=\"noopener\"><span class=\"elementor-icon-list-text\">Campa\u00f1a de Recaudaci\u00f3n de Fondos 2021 Semana 1<\/span><\/a><\/span><\/h6>\n<\/li>\n<li>\n<h6><span style=\"color: #009b7e !important;\"><a style=\"color: #009b7e !important;\" href=\"https:\/\/mailchi.mp\/475a485c391a\/givingtuesday\" target=\"_blank\" rel=\"noopener\"><span class=\"elementor-icon-list-text\">Martes de Regalos <\/span><\/a><\/span><\/h6>\n<\/li>\n<li>\n<h6><span style=\"color: #009b7e !important;\"><a style=\"color: #009b7e !important;\" href=\"https:\/\/mailchi.mp\/8e72b8e7a6d2\/2021-fundraising-campaign_pre-launching\" target=\"_blank\" rel=\"noopener\"><span class=\"elementor-icon-list-text\">Lanzamiento Previo de la Campa\u00f1a de Recaudaci\u00f3n de Fondos 2021<\/span><\/a><\/span><\/h6>\n<\/li>\n<\/ul>\n<p>[\/vc_column_text][\/vc_column][\/vc_row]<\/p>\n<\/section>","protected":false},"excerpt":{"rendered":"<p>[vc_row full_width=\u00bbstretch_row\u00bb video_opacity=\u00bb0.5&#8243; css=\u00bb.vc_custom_1726044774992{margin-bottom: 0px !important;background-image: url(http:\/\/kusikawsay.org\/wp-content\/uploads\/2024\/03\/Potada_Kusi_Kawsay_W_v2-1-scaled.jpg?id=2633) !important;}\u00bb][vc_column][vc_row_inner content_placement=\u00bbmiddle\u00bb gap=\u00bb35&#8243;][vc_column_inner width=\u00bb1\/2&#8243;][vc_raw_html]CiAgICAgICAgICA8aWZyYW1lIHdpZHRoPSI4NTQiIGhlaWdodD0iNDgwIiBzcmM9Imh0dHBzOi8vd3d3LnlvdXR1YmUuY29tL2VtYmVkL05Kb1VWLTRsR2YwP2F1dG9wbGF5PTEmYW1wO211dGU9MCZhbXA7bW9kZXN0YnJhbmRpbmc9MSIgdGl0bGU9IlJlcHJvZHVjdG9yIGRlIHbDrWRlbyBkZSBZb3VUdWJlIiBmcmFtZWJvcmRlcj0iMCIgYWxsb3c9ImFjY2VsZXJvbWV0ZXI7IGF1dG9wbGF5OyBjbGlwYm9hcmQtd3JpdGU7IGVuY3J5cHRlZC1tZWRpYTsgZ3lyb3Njb3BlOyBwaWN0dXJlLWluLXBpY3R1cmU7IHdlYi1zaGFyZSIgYWxsb3dmdWxsc2NyZWVuPSIiPjwvaWZyYW1lPgogICAgICAgIA==[\/vc_raw_html][\/vc_column_inner][vc_column_inner width=\u00bb1\/2&#8243;][vc_single_image image=\u00bb1380&#8243; alignment=\u00bbcenter\u00bb][vc_column_text] YACHAY Campa\u00f1a de Recaudaci\u00f3n de Fondos 2021 [\/vc_column_text][vc_column_text] La vida es un continuo aprendizaje y este a\u00f1o 2021 ha significado una gran lecci\u00f3n para la comunidad de Kusi Kawsay as\u00ed como a nivel mundial. Luego de un periodo tan dif\u00edcil como &#8230;<a class=\"r_more_blog\" href=\"https:\/\/kusikawsay.org\/es\/campana-de-recaudacion-de-fondos-2021\/#more-4672\"><i class=\"fa fa-sign-in\"><\/i> read more<\/a><\/p>\n","protected":false},"author":1,"featured_media":0,"parent":0,"menu_order":0,"comment_status":"closed","ping_status":"closed","template":"","meta":{"footnotes":""},"class_list":["post-4672","page","type-page","status-publish","hentry"],"_links":{"self":[{"href":"https:\/\/kusikawsay.org\/es\/wp-json\/wp\/v2\/pages\/4672","targetHints":{"allow":["GET"]}}],"collection":[{"href":"https:\/\/kusikawsay.org\/es\/wp-json\/wp\/v2\/pages"}],"about":[{"href":"https:\/\/kusikawsay.org\/es\/wp-json\/wp\/v2\/types\/page"}],"author":[{"embeddable":true,"href":"https:\/\/kusikawsay.org\/es\/wp-json\/wp\/v2\/users\/1"}],"replies":[{"embeddable":true,"href":"https:\/\/kusikawsay.org\/es\/wp-json\/wp\/v2\/comments?post=4672"}],"version-history":[{"count":5,"href":"https:\/\/kusikawsay.org\/es\/wp-json\/wp\/v2\/pages\/4672\/revisions"}],"predecessor-version":[{"id":5262,"href":"https:\/\/kusikawsay.org\/es\/wp-json\/wp\/v2\/pages\/4672\/revisions\/5262"}],"wp:attachment":[{"href":"https:\/\/kusikawsay.org\/es\/wp-json\/wp\/v2\/media?parent=4672"}],"curies":[{"name":"wp","href":"https:\/\/api.w.org\/{rel}","templated":true}]}}