{"id":4676,"date":"2024-09-10T23:49:21","date_gmt":"2024-09-10T23:49:21","guid":{"rendered":"http:\/\/kusikawsay.org\/campana-de-recaudacion-de-fondos-2020\/"},"modified":"2024-09-20T19:53:44","modified_gmt":"2024-09-20T19:53:44","slug":"campana-de-recaudacion-de-fondos-2020","status":"publish","type":"page","link":"https:\/\/kusikawsay.org\/es\/campana-de-recaudacion-de-fondos-2020\/","title":{"rendered":"Campa\u00f1a de Recaudaci\u00f3n de Fondos 2020"},"content":{"rendered":"<section class=\"wpb-content-wrapper\"><p>[vc_row full_width=\u00bbstretch_row\u00bb video_opacity=\u00bb0.5&#8243; css=\u00bb.vc_custom_1726061253991{margin-bottom: 0px !important;background-image: url(http:\/\/kusikawsay.org\/wp-content\/uploads\/2024\/09\/telar_kusi_kawsay_campaing.png?id=4222) !important;}\u00bb][vc_column][vc_row_inner content_placement=\u00bbmiddle\u00bb gap=\u00bb35&#8243;][vc_column_inner width=\u00bb1\/2&#8243;][vc_raw_html]CiAgICAgICAgICA8aWZyYW1lIHdpZHRoPSI4NTQiIGhlaWdodD0iNDgwIiBzcmM9Imh0dHBzOi8vd3d3LnlvdXR1YmUuY29tL2VtYmVkL1MxYW5uTTJ0a2lFP2F1dG9wbGF5PTEmYW1wO211dGU9MCZhbXA7bW9kZXN0YnJhbmRpbmc9MSIgdGl0bGU9IlJlcHJvZHVjdG9yIGRlIHbDrWRlbyBkZSBZb3VUdWJlIiBmcmFtZWJvcmRlcj0iMCIgYWxsb3c9ImFjY2VsZXJvbWV0ZXI7IGF1dG9wbGF5OyBjbGlwYm9hcmQtd3JpdGU7IGVuY3J5cHRlZC1tZWRpYTsgZ3lyb3Njb3BlOyBwaWN0dXJlLWluLXBpY3R1cmU7IHdlYi1zaGFyZSIgYWxsb3dmdWxsc2NyZWVuPSIiPjwvaWZyYW1lPgogICAgICAgIA==[\/vc_raw_html][\/vc_column_inner][vc_column_inner width=\u00bb1\/2&#8243;][vc_column_text]<\/p>\n<h3 style=\"text-align: center;\"><strong>CAMPA\u00d1A DE RECAUDACI\u00d3N DE FONDOS 2020<\/strong><\/h3>\n<p>[\/vc_column_text][vc_column_text]<\/p>\n<h4 id=\"kt-adv-heading_cd099b-ed\" class=\"kt-adv-heading_cd099b-ed wp-block-kadence-advancedheading\" style=\"text-align: center;\"><strong>EN MEDIO<\/strong>:Nuestra vida durante la pandemia<\/h4>\n<p>[\/vc_column_text][vc_column_text]<\/p>\n<blockquote>\n<h6 style=\"text-align: justify;\"><strong><em>Los meses de encierro han sido un tiempo de incertidumbre y cambio. Pero tambi\u00e9n han sido un tiempo de nuevos desaf\u00edos y de descubrimientos personales y colectivos. <\/em><\/strong><\/h6>\n<h6><\/h6>\n<h6 style=\"text-align: justify;\"><strong><em>Durante este tiempo, las j\u00f3venes de Kusi Kawsay comparten su experiencia: sus sue\u00f1os y adversidades cotidianas, la esperanza y la alegr\u00eda de vivir.<\/em><\/strong><\/h6>\n<\/blockquote>\n<p>[\/vc_column_text][vc_btn title=\u00bbDONAR AHORA\u00bb style=\u00bb3d\u00bb align=\u00bbcenter\u00bb link=\u00bburl:https%3A%2F%2Fwww.paypal.com%2Fdonate%2F%3Fcmd%3D_s-xclick%26hosted_button_id%3DC3VZW9QLJM6U2%26ssrt%3D1726003375658|target:_blank|\u00bb][\/vc_column_inner][\/vc_row_inner][vc_column_text]<\/p>\n<blockquote>\n<h6 style=\"text-align: justify;\">Nuestra Campa\u00f1a de Recaudaci\u00f3n de Fondos en el Medio apoya a nuestra escuela mientras navegamos hacia el final de un a\u00f1o acad\u00e9mico muy impredecible y dif\u00edcil mientras esperamos el inicio de nuestro nuevo a\u00f1o escolar lleno de posibilidades y oportunidades para proporcionar una educaci\u00f3n digna a los ni\u00f1os y j\u00f3venes andinos del Valle Sagrado de Per\u00fa.<\/h6>\n<\/blockquote>\n<p>[\/vc_column_text][\/vc_column][\/vc_row][vc_row general_row_align=\u00bbzass-align-center\u00bb css=\u00bb.vc_custom_1726014631848{margin-bottom: 0px !important;padding-top: 80px !important;padding-bottom: 80px !important;background-color: #ffffff !important;}\u00bb][vc_column][vc_wp_text]<\/p>\n<h5 id=\"kt-adv-heading_3cef69-bb\" class=\"kt-adv-heading_3cef69-bb wp-block-kadence-advancedheading has-vivid-purple-color\"><strong>\u00a1NOTICIAS !<\/strong> Todas las donaciones se han igualado d\u00f3lar por d\u00f3lar hasta $ 50.000 USD gracias a Nancy Park Wilder Green Fund, Justine, Jules y Jim Epstein Family, Megan y Adam Neale Family, Freitas Foundation, NYC London circle of friends, Matt Reeves y Lisa Noguchi Family, Acacia-Fonds f\u00fcr Entwicklungszusammenarbeit <img decoding=\"async\" src=\"https:\/\/static.xx.fbcdn.net\/images\/emoji.php\/v9\/tfd\/1\/16\/1f9e1.png\" alt=\"?\" width=\"16\" height=\"16\"><\/h5>\n<p>[\/vc_wp_text][vc_column_text]<\/p>\n<h5 id=\"kt-adv-heading_cd099b-ed\" class=\"kt-adv-heading_cd099b-ed wp-block-kadence-advancedheading\" style=\"text-align: center;\"><strong>En agradecimiento por su donaci\u00f3n,<\/strong> nuestra comunidad ha creado un hermoso calendario de escritorio 2021 que se le enviar\u00e1, siempre y cuando incluya su direcci\u00f3n de correo electr\u00f3nico al donar.<\/h5>\n<p>[\/vc_column_text][\/vc_column][\/vc_row][vc_row][vc_column][vc_column_text]<\/p>\n<h4 id=\"kt-adv-heading_cdd6e0-b0\" class=\"kt-adv-heading_cdd6e0-b0 wp-block-kadence-advancedheading\" style=\"text-align: center;\"><strong>USTED PUEDE AYUDAR A HACERLO POSIBLE !!<\/strong><\/h4>\n<p>[\/vc_column_text][vc_row_inner][vc_column_inner width=\u00bb1\/3&#8243; css=\u00bb.vc_custom_1726015630654{border-top-width: 1px !important;border-right-width: 1px !important;border-bottom-width: 1px !important;border-left-width: 1px !important;border-left-color: #009b7e !important;border-right-color: #009b7e !important;border-top-color: #009b7e !important;border-bottom-color: #009b7e !important;}\u00bb][vc_single_image image=\u00bb3404&#8243; img_size=\u00bbfull\u00bb alignment=\u00bbcenter\u00bb style=\u00bbvc_box_rounded\u00bb][vc_custom_heading text=\u00bbApoyar la celebraci\u00f3n del calendario andino.\u00bb font_container=\u00bbtag:h5|text_align:center\u00bb use_theme_fonts=\u00bbyes\u00bb][vc_wp_text]<\/p>\n<div class=\"vc_btn3-container vc_btn3-center\"><a class=\"go_to_page go_to_page_blog\" title=\"Ver\" href=\"https:\/\/www.paypal.com\/donate?hosted_button_id=FYSAAHSRMD5B6&amp;source=url\"><button class=\"vc_general vc_btn3 vc_btn3-size-md vc_btn3-shape-rounded vc_btn3-style-3d vc_btn3-icon-left vc_btn3-color-grey\" style=\"background-color: #ebebeb; color: #009b7e;\">DONAR $25<\/button><\/a><\/div>\n<p>[\/vc_wp_text][\/vc_column_inner][vc_column_inner width=\u00bb1\/3&#8243; css=\u00bb.vc_custom_1726015640721{border-top-width: 1px !important;border-right-width: 1px !important;border-bottom-width: 1px !important;border-left-width: 1px !important;border-left-color: #009b7e !important;border-right-color: #009b7e !important;border-top-color: #009b7e !important;border-bottom-color: #009b7e !important;}\u00bb][vc_single_image image=\u00bb3440&#8243; img_size=\u00bbfull\u00bb alignment=\u00bbcenter\u00bb style=\u00bbvc_box_rounded\u00bb][vc_custom_heading text=\u00bbApoyar talleres andinos durante un mes.\u00bb font_container=\u00bbtag:h5|text_align:center\u00bb use_theme_fonts=\u00bbyes\u00bb][vc_wp_text]<\/p>\n<div class=\"vc_btn3-container vc_btn3-center\"><a class=\"go_to_page go_to_page_blog\" title=\"Ver\" href=\"https:\/\/www.paypal.com\/donate?hosted_button_id=3THBNAX8V2LA2&amp;source=url\"><button class=\"vc_general vc_btn3 vc_btn3-size-md vc_btn3-shape-rounded vc_btn3-style-3d vc_btn3-icon-left vc_btn3-color-grey\" style=\"background-color: #ebebeb; color: #009b7e;\">DONAR $45<\/button><\/a><\/div>\n<p>[\/vc_wp_text][\/vc_column_inner][vc_column_inner width=\u00bb1\/3&#8243; css=\u00bb.vc_custom_1726015647799{border-top-width: 1px !important;border-right-width: 1px !important;border-bottom-width: 1px !important;border-left-width: 1px !important;border-left-color: #009b7e !important;border-right-color: #009b7e !important;border-top-color: #009b7e !important;border-bottom-color: #009b7e !important;}\u00bb][vc_single_image image=\u00bb4249&#8243; img_size=\u00bbfull\u00bb alignment=\u00bbcenter\u00bb style=\u00bbvc_box_rounded\u00bb][vc_custom_heading text=\u00bbApoye las lecciones de la escuela Secundaria por un mes.\u00bb font_container=\u00bbtag:h5|text_align:center\u00bb use_theme_fonts=\u00bbyes\u00bb][vc_wp_text]<\/p>\n<div class=\"vc_btn3-container vc_btn3-center\"><a class=\"go_to_page go_to_page_blog\" title=\"Ver\" href=\"https:\/\/www.paypal.com\/donate?hosted_button_id=2D4UGRK44J3KY&amp;source=url\"><button class=\"vc_general vc_btn3 vc_btn3-size-md vc_btn3-shape-rounded vc_btn3-style-3d vc_btn3-icon-left vc_btn3-color-grey\" style=\"background-color: #ebebeb; color: #009b7e;\">DONAR $85<\/button><\/a><\/div>\n<p>[\/vc_wp_text][\/vc_column_inner][\/vc_row_inner][vc_empty_space height=\u00bb30px\u00bb][vc_row_inner][vc_column_inner width=\u00bb1\/3&#8243; css=\u00bb.vc_custom_1726015656169{border-top-width: 1px !important;border-right-width: 1px !important;border-bottom-width: 1px !important;border-left-width: 1px !important;border-left-color: #009b7e !important;border-right-color: #009b7e !important;border-top-color: #009b7e !important;border-bottom-color: #009b7e !important;}\u00bb][vc_single_image image=\u00bb4240&#8243; img_size=\u00bbfull\u00bb alignment=\u00bbcenter\u00bb style=\u00bbvc_box_rounded\u00bb][vc_custom_heading text=\u00bbApoyar las lecciones de Jard\u00edn de Infancias durante un mes.\u00bb font_container=\u00bbtag:h5|text_align:center\u00bb use_theme_fonts=\u00bbyes\u00bb][vc_wp_text]<\/p>\n<div class=\"vc_btn3-container vc_btn3-center\"><a class=\"go_to_page go_to_page_blog\" title=\"Ver\" href=\"https:\/\/www.paypal.com\/donate?hosted_button_id=7E3JHDL8RPVCE&amp;source=url\"><button class=\"vc_general vc_btn3 vc_btn3-size-md vc_btn3-shape-rounded vc_btn3-style-3d vc_btn3-icon-left vc_btn3-color-grey\" style=\"background-color: #ebebeb; color: #009b7e;\">DONAR $100<\/button><\/a><\/div>\n<p>[\/vc_wp_text][\/vc_column_inner][vc_column_inner width=\u00bb1\/3&#8243; css=\u00bb.vc_custom_1726015663095{border-top-width: 1px !important;border-right-width: 1px !important;border-bottom-width: 1px !important;border-left-width: 1px !important;border-left-color: #009b7e !important;border-right-color: #009b7e !important;border-top-color: #009b7e !important;border-bottom-color: #009b7e !important;}\u00bb][vc_single_image image=\u00bb3433&#8243; img_size=\u00bbfull\u00bb alignment=\u00bbcenter\u00bb style=\u00bbvc_box_rounded\u00bb][vc_custom_heading text=\u00bbApoyar talleres de Legado Andino por un a\u00f1o.\u00bb font_container=\u00bbtag:h5|text_align:center\u00bb use_theme_fonts=\u00bbyes\u00bb][vc_wp_text]<\/p>\n<div class=\"vc_btn3-container vc_btn3-center\"><a class=\"go_to_page go_to_page_blog\" title=\"Ver\" href=\"https:\/\/www.paypal.com\/donate?hosted_button_id=YAMML6U9LVRV8&amp;source=url\"><button class=\"vc_general vc_btn3 vc_btn3-size-md vc_btn3-shape-rounded vc_btn3-style-3d vc_btn3-icon-left vc_btn3-color-grey\" style=\"background-color: #ebebeb; color: #009b7e;\">DONAR $500<\/button><\/a><\/div>\n<p>[\/vc_wp_text][\/vc_column_inner][vc_column_inner width=\u00bb1\/3&#8243; css=\u00bb.vc_custom_1726015670113{border-top-width: 1px !important;border-right-width: 1px !important;border-bottom-width: 1px !important;border-left-width: 1px !important;border-left-color: #009b7e !important;border-right-color: #009b7e !important;border-top-color: #009b7e !important;border-bottom-color: #009b7e !important;}\u00bb][vc_single_image image=\u00bb4252&#8243; img_size=\u00bbfull\u00bb alignment=\u00bbcenter\u00bb style=\u00bbvc_box_rounded\u00bb][vc_custom_heading text=\u00bbApoye las lecciones de la escuela Secundaria por un a\u00f1o.\u00bb font_container=\u00bbtag:h5|text_align:center\u00bb use_theme_fonts=\u00bbyes\u00bb][vc_wp_text]<\/p>\n<div class=\"vc_btn3-container vc_btn3-center\"><a class=\"go_to_page go_to_page_blog\" title=\"Ver\" href=\"https:\/\/www.paypal.com\/donate?hosted_button_id=9738B6MZ7BYJS&amp;source=url\"><button class=\"vc_general vc_btn3 vc_btn3-size-md vc_btn3-shape-rounded vc_btn3-style-3d vc_btn3-icon-left vc_btn3-color-grey\" style=\"background-color: #ebebeb; color: #009b7e;\">DONAR $1,000<\/button><\/a><\/div>\n<p>[\/vc_wp_text][\/vc_column_inner][\/vc_row_inner][vc_empty_space height=\u00bb30px\u00bb][vc_row_inner][vc_column_inner width=\u00bb1\/3&#8243; css=\u00bb.vc_custom_1726015678099{border-top-width: 1px !important;border-right-width: 1px !important;border-bottom-width: 1px !important;border-left-width: 1px !important;border-left-color: #009b7e !important;border-right-color: #009b7e !important;border-top-color: #009b7e !important;border-bottom-color: #009b7e !important;}\u00bb][\/vc_column_inner][vc_column_inner width=\u00bb1\/3&#8243;][vc_single_image image=\u00bb4254&#8243; img_size=\u00bbfull\u00bb alignment=\u00bbcenter\u00bb style=\u00bbvc_box_rounded\u00bb][vc_custom_heading text=\u00bbDonaci\u00f3n no restrictiva: Apoyar la mayor necesidad seg\u00fan la Asociaci\u00f3n Kusi Kawsay.\u00bb font_container=\u00bbtag:h5|text_align:center\u00bb use_theme_fonts=\u00bbyes\u00bb][vc_wp_text]<\/p>\n<div class=\"vc_btn3-container vc_btn3-center\"><a class=\"go_to_page go_to_page_blog\" title=\"Ver\" href=\"https:\/\/www.paypal.com\/donate?hosted_button_id=9U9TX3G98S9DY\"><button class=\"vc_general vc_btn3 vc_btn3-size-md vc_btn3-shape-rounded vc_btn3-style-3d vc_btn3-icon-left vc_btn3-color-grey\" style=\"background-color: #ebebeb; color: #009b7e;\">ELIGE TU CANTIDAD<\/button><\/a><\/div>\n<p>[\/vc_wp_text][\/vc_column_inner][vc_column_inner width=\u00bb1\/3&#8243;][\/vc_column_inner][\/vc_row_inner][vc_empty_space height=\u00bb30px\u00bb][vc_separator style=\u00bbshadow\u00bb border_width=\u00bb4&#8243;][\/vc_column][\/vc_row]<\/p>\n<\/section>","protected":false},"excerpt":{"rendered":"<p>[vc_row full_width=\u00bbstretch_row\u00bb video_opacity=\u00bb0.5&#8243; css=\u00bb.vc_custom_1726061253991{margin-bottom: 0px !important;background-image: url(http:\/\/kusikawsay.org\/wp-content\/uploads\/2024\/09\/telar_kusi_kawsay_campaing.png?id=4222) !important;}\u00bb][vc_column][vc_row_inner content_placement=\u00bbmiddle\u00bb gap=\u00bb35&#8243;][vc_column_inner width=\u00bb1\/2&#8243;][vc_raw_html]CiAgICAgICAgICA8aWZyYW1lIHdpZHRoPSI4NTQiIGhlaWdodD0iNDgwIiBzcmM9Imh0dHBzOi8vd3d3LnlvdXR1YmUuY29tL2VtYmVkL1MxYW5uTTJ0a2lFP2F1dG9wbGF5PTEmYW1wO211dGU9MCZhbXA7bW9kZXN0YnJhbmRpbmc9MSIgdGl0bGU9IlJlcHJvZHVjdG9yIGRlIHbDrWRlbyBkZSBZb3VUdWJlIiBmcmFtZWJvcmRlcj0iMCIgYWxsb3c9ImFjY2VsZXJvbWV0ZXI7IGF1dG9wbGF5OyBjbGlwYm9hcmQtd3JpdGU7IGVuY3J5cHRlZC1tZWRpYTsgZ3lyb3Njb3BlOyBwaWN0dXJlLWluLXBpY3R1cmU7IHdlYi1zaGFyZSIgYWxsb3dmdWxsc2NyZWVuPSIiPjwvaWZyYW1lPgogICAgICAgIA==[\/vc_raw_html][\/vc_column_inner][vc_column_inner width=\u00bb1\/2&#8243;][vc_column_text] CAMPA\u00d1A DE RECAUDACI\u00d3N DE FONDOS 2020 [\/vc_column_text][vc_column_text] EN MEDIO:Nuestra vida durante la pandemia [\/vc_column_text][vc_column_text] Los meses de encierro han sido un tiempo de incertidumbre y cambio. Pero tambi\u00e9n han sido un tiempo de nuevos desaf\u00edos y de descubrimientos personales y colectivos. Durante este &#8230;<a class=\"r_more_blog\" href=\"https:\/\/kusikawsay.org\/es\/campana-de-recaudacion-de-fondos-2020\/#more-4676\"><i class=\"fa fa-sign-in\"><\/i> read more<\/a><\/p>\n","protected":false},"author":1,"featured_media":0,"parent":0,"menu_order":0,"comment_status":"closed","ping_status":"closed","template":"","meta":{"footnotes":""},"class_list":["post-4676","page","type-page","status-publish","hentry"],"_links":{"self":[{"href":"https:\/\/kusikawsay.org\/es\/wp-json\/wp\/v2\/pages\/4676","targetHints":{"allow":["GET"]}}],"collection":[{"href":"https:\/\/kusikawsay.org\/es\/wp-json\/wp\/v2\/pages"}],"about":[{"href":"https:\/\/kusikawsay.org\/es\/wp-json\/wp\/v2\/types\/page"}],"author":[{"embeddable":true,"href":"https:\/\/kusikawsay.org\/es\/wp-json\/wp\/v2\/users\/1"}],"replies":[{"embeddable":true,"href":"https:\/\/kusikawsay.org\/es\/wp-json\/wp\/v2\/comments?post=4676"}],"version-history":[{"count":12,"href":"https:\/\/kusikawsay.org\/es\/wp-json\/wp\/v2\/pages\/4676\/revisions"}],"predecessor-version":[{"id":5255,"href":"https:\/\/kusikawsay.org\/es\/wp-json\/wp\/v2\/pages\/4676\/revisions\/5255"}],"wp:attachment":[{"href":"https:\/\/kusikawsay.org\/es\/wp-json\/wp\/v2\/media?parent=4676"}],"curies":[{"name":"wp","href":"https:\/\/api.w.org\/{rel}","templated":true}]}}