{"id":4681,"date":"2024-09-10T16:38:15","date_gmt":"2024-09-10T16:38:15","guid":{"rendered":"http:\/\/kusikawsay.org\/warmallan-amaraq-mamaqa\/"},"modified":"2024-09-20T19:48:07","modified_gmt":"2024-09-20T19:48:07","slug":"warmallan-amaraq-mamaqa","status":"publish","type":"page","link":"https:\/\/kusikawsay.org\/es\/warmallan-amaraq-mamaqa\/","title":{"rendered":"Warmallan Amaraq Mamaqa"},"content":{"rendered":"<section class=\"wpb-content-wrapper\"><p>[vc_row point_down=\u00bbyes\u00bb css=\u00bb.vc_custom_1726860966591{background-color: #ffffff !important;}\u00bb][vc_column][vc_column_text]<\/p>\n<h3 style=\"text-align: center;\">Warmallan Amaraq Mamaqa<\/h3>\n<p>[\/vc_column_text][vc_column_text]<\/p>\n<h4 id=\"kt-adv-heading_af37f3-f9\" class=\"kt-adv-heading_af37f3-f9 wp-block-kadence-advancedheading\" style=\"text-align: center;\">Kusi Kawsay #Campa\u00f1a Ni\u00f1as No Madres<\/h4>\n<p>[\/vc_column_text][\/vc_column][\/vc_row][vc_row][vc_column width=\u00bb1\/6&#8243;][\/vc_column][vc_column width=\u00bb2\/3&#8243;][vc_raw_html]CiAgICAgICAgICA8aWZyYW1lIHdpZHRoPSI2NDAgICIgaGVpZ2h0PSIzNjAiIHNyYz0iaHR0cHM6Ly93d3cueW91dHViZS5jb20vZW1iZWQvcXdUcjI3ekhwLU0\/YXV0b3BsYXk9MSZhbXA7bXV0ZT0wJmFtcDttb2Rlc3RicmFuZGluZz0xIiB0aXRsZT0iUmVwcm9kdWN0b3IgZGUgdsOtZGVvIGRlIFlvdVR1YmUiIGZyYW1lYm9yZGVyPSIwIiBhbGxvdz0iYWNjZWxlcm9tZXRlcjsgYXV0b3BsYXk7IGNsaXBib2FyZC13cml0ZTsgZW5jcnlwdGVkLW1lZGlhOyBneXJvc2NvcGU7IHBpY3R1cmUtaW4tcGljdHVyZTsgd2ViLXNoYXJlIiBhbGxvd2Z1bGxzY3JlZW49IiI+PC9pZnJhbWU+CiAgICAgICAg[\/vc_raw_html][vc_column_text]<\/p>\n<pre style=\"text-align: center;\">The Campaign team: Voices &amp; Actors: Flor Melany Pare Merma, Grimaldo Hillhua Ccahuana, Walter Hillhua Ccahuana, Jaime Hillhua Ccahuana, Elizangela Salas Ochoa. Kusi Sami Franco Minaja, Katari Vizcarra Wood, Araq Franco Monteagudo,, Onpash Monteagudo Suma, Ruth Milagros Sosa,Quispe, Alejandro Vasquez Paolini \/\/ Campaign Coordination: Illary Valenzuela Oblitas \/\/ Muscial Composition: Valent\u00edn Boomes \/\/ Workshops Rap in Quechua; Celinda Enriquez Mamanii &amp; Callej\u00f3n Producer \/\/ Director: Natalia Grande \/\/ Editor: Alejandro Bartra \/\/ Project Manager: Mariaclaudia Paolini<\/pre>\n<p>[\/vc_column_text][vc_column_text]<\/p>\n<h6 style=\"text-align: center;\">Hoy, 5 de septiembre, en el D\u00eda Internacional de la Mujer Ind\u00edgena, lanzamos nuestra campa\u00f1a <strong>#WarmallanAmaraqMamaqa, <\/strong>afiliado al m\u00e1s amplio <span style=\"color: #009b7e !important;\"><a style=\"color: #009b7e !important;\" href=\"https:\/\/www.ninasnomadres.org\/\">#Campa\u00f1aNi\u00f1asNoMadres<\/a><\/span> (ambos se refieren a Ni\u00f1as, no a Madres), exigiendo que:<\/h6>\n<p>[\/vc_column_text][\/vc_column][vc_column width=\u00bb1\/6&#8243;][\/vc_column][\/vc_row][vc_row full_width=\u00bbstretch_row\u00bb css=\u00bb.vc_custom_1726861257517{margin-bottom: 0px !important;padding-top: 20px !important;padding-bottom: 0px !important;background-color: #ffffff !important;}\u00bb][vc_column][vc_row_inner content_placement=\u00bbmiddle\u00bb gap=\u00bb35&#8243;][vc_column_inner][vc_column_text]<\/p>\n<h3 style=\"text-align: center;\"><strong>NUESTRA PETICI\u00d3N<\/strong><\/h3>\n<p>[\/vc_column_text][vc_column_text]<\/p>\n<blockquote>\n<h6 style=\"text-align: justify;\">El Gobierno de Am\u00e9rica Latina toma medidas para proteger la salud y la integridad de las ni\u00f1as que son v\u00edctimas de violencia sexual a trav\u00e9s del acceso a la informaci\u00f3n, la educaci\u00f3n sexual integral, los servicios esenciales de salud, tales como <strong>anticoncepci\u00f3n de emergencia<\/strong> y <strong>el derecho al acceso al aborto legal<\/strong>.<\/h6>\n<\/blockquote>\n<p>[\/vc_column_text][\/vc_column_inner][\/vc_row_inner][\/vc_column][\/vc_row][vc_row full_width=\u00bbstretch_row\u00bb css=\u00bb.vc_custom_1726861610267{margin-bottom: 0px !important;padding-top: 0px !important;padding-bottom: 0px !important;}\u00bb][vc_column][vc_row_inner content_placement=\u00bbmiddle\u00bb gap=\u00bb35&#8243;][vc_column_inner width=\u00bb1\/2&#8243;][vc_single_image image=\u00bb3985&#8243; img_size=\u00bbfull\u00bb][\/vc_column_inner][vc_column_inner width=\u00bb1\/2&#8243;][vc_column_text]<\/p>\n<h5 id=\"kt-adv-heading_4d2a87-d3\" class=\"kt-adv-heading_4d2a87-d3 wp-block-kadence-advancedheading\"><strong>\u00bfQU\u00c9 PUEDES HACER?<\/strong><\/h5>\n<p>[\/vc_column_text][vc_column_text]<\/p>\n<ul>\n<li>\n<h6 style=\"text-align: justify;\">Amplifica la Campa\u00f1a compartiendo el video en tus redes sociales.<\/h6>\n<\/li>\n<li>\n<h6>Firma la petici\u00f3n <a style=\"color: #009b7e !important;\" href=\"https:\/\/www.amnistia.org.pe\/firma\/\" target=\"_blank\" rel=\"noopener\"><span style=\"color: #009b7e !important;\">Aqu\u00ed <\/span><\/a>en la p\u00e1gina web de Amnist\u00eda Internacional Per\u00fa.<\/h6>\n<\/li>\n<\/ul>\n<p>[\/vc_column_text][\/vc_column_inner][\/vc_row_inner][\/vc_column][\/vc_row][vc_row full_width=\u00bbstretch_row\u00bb css=\u00bb.vc_custom_1725988304967{margin-bottom: 0px !important;padding-top: 20px !important;padding-bottom: 80px !important;background-color: #ffffff !important;}\u00bb][vc_column][vc_row_inner content_placement=\u00bbmiddle\u00bb gap=\u00bb35&#8243;][vc_column_inner][vc_column_text]<\/p>\n<blockquote>\n<h6 style=\"text-align: justify;\"><em>\u00abLas ni\u00f1as campesinas e ind\u00edgenas no reciben mucho apoyo cuando son v\u00edctimas de violaci\u00f3n, incluso cuando la ley les reconoce ese derecho de acceso. [Girls] Las ni\u00f1as tienen que dejar de estudiar cuando quedan embarazadas y su vida diaria cambia completamente\u00bb <\/em>\u2013 Kusi Sami, 16 a\u00f1os, estudiante de secundaria de IV grado.<\/h6>\n<\/blockquote>\n<p>[\/vc_column_text][\/vc_column_inner][\/vc_row_inner][vc_row_inner content_placement=\u00bbmiddle\u00bb gap=\u00bb35&#8243;][vc_column_inner][vc_column_text]<\/p>\n<blockquote>\n<h6 style=\"text-align: justify;\"><em>\u00abDebemos poner fin al miedo de una mujer o una ni\u00f1a, de las calles o de las casas, porque los agresores est\u00e1n en todas partes. Una ni\u00f1a tiene derecho a la integridad, a la salud, a estar a salvo de la tortura, libre de discriminaci\u00f3n, el derecho a una vida privada, el derecho a ser escuchada\u00bb <\/em>\u2013 Elizangela, 13 a\u00f1os, estudiante de I grado de Secundaria.<\/h6>\n<\/blockquote>\n<p>[\/vc_column_text][\/vc_column_inner][\/vc_row_inner][vc_row_inner content_placement=\u00bbmiddle\u00bb gap=\u00bb35&#8243;][vc_column_inner][vc_column_text]<\/p>\n<blockquote>\n<h6 style=\"text-align: justify;\"><em>\u00abEstamos haciendo esta campa\u00f1a porque durante la cuarentena los casos de violencia a las ni\u00f1as, ni\u00f1os y mujeres j\u00f3venes han aumentado\u00bb<\/em> \u2013 Mayta Katari, 16 a\u00f1os, estudiante de IV grado de Secundaria.<\/h6>\n<\/blockquote>\n<p>[\/vc_column_text][\/vc_column_inner][\/vc_row_inner][vc_row_inner content_placement=\u00bbmiddle\u00bb gap=\u00bb35&#8243;][vc_column_inner][vc_column_text]<\/p>\n<blockquote>\n<h6 style=\"text-align: justify;\"><em>\u00abEsta injusticia es una imposici\u00f3n que vino de la colonizaci\u00f3n y hoy tal situaci\u00f3n se reitera. Muchas personas no son conscientes de lo que est\u00e1 sucediendo o simplemente lo ignoran como si nada estuviera sucediendo.\u00bb <\/em>\u2013 Araq, 16 a\u00f1os, estudiante de secundaria de IV grado.<\/h6>\n<\/blockquote>\n<p>[\/vc_column_text][\/vc_column_inner][\/vc_row_inner][\/vc_column][\/vc_row][vc_row][vc_column][vc_single_image image=\u00bb3995&#8243; img_size=\u00bbfull\u00bb alignment=\u00bbcenter\u00bb][vc_single_image image=\u00bb3985&#8243; img_size=\u00bbfull\u00bb alignment=\u00bbcenter\u00bb][\/vc_column][\/vc_row][vc_row][vc_column width=\u00bb1\/4&#8243;][\/vc_column][vc_column width=\u00bb1\/2&#8243;][vc_raw_html]CiAgICAgICAgICA8aWZyYW1lIHNyYz0iaHR0cHM6Ly93d3cuZmFjZWJvb2suY29tL3BsdWdpbnMvdmlkZW8ucGhwP2hlaWdodD0zMTQmYW1wO2hyZWY9aHR0cHMlM0ElMkYlMkZ3d3cuZmFjZWJvb2suY29tJTJGUm9jaW9TaWx2YVNhbnRpc3RlYmFuTSUyRnZpZGVvcyUyRjI2MDMyNjM0MjMzMzY5MTIlMkYmYW1wO3Nob3dfdGV4dD1mYWxzZSZhbXA7d2lkdGg9NTYwJmFtcDt0PTAiIHdpZHRoPSI1NjAiIGhlaWdodD0iMzE0IiBzdHlsZT0iYm9yZGVyOm5vbmU7b3ZlcmZsb3c6aGlkZGVuIiBzY3JvbGxpbmc9Im5vIiBmcmFtZWJvcmRlcj0iMCIgYWxsb3dmdWxsc2NyZWVuPSJ0cnVlIiBhbGxvdz0iYXV0b3BsYXk7IGNsaXBib2FyZC13cml0ZTsgZW5jcnlwdGVkLW1lZGlhOyBwaWN0dXJlLWluLXBpY3R1cmU7IHdlYi1zaGFyZSI+PC9pZnJhbWU+CiAgICAgICAg[\/vc_raw_html][\/vc_column][vc_column width=\u00bb1\/4&#8243;][\/vc_column][\/vc_row][vc_row][vc_column width=\u00bb1\/4&#8243;][\/vc_column][vc_column width=\u00bb1\/2&#8243;][vc_raw_html]CiAgICAgICAgICA8aWZyYW1lIHNyYz0iaHR0cHM6Ly93d3cuZmFjZWJvb2suY29tL3BsdWdpbnMvdmlkZW8ucGhwP2hlaWdodD0zMTQmYW1wO2hyZWY9aHR0cHMlM0ElMkYlMkZ3d3cuZmFjZWJvb2suY29tJTJGNzI1MDQzMDUwODg4NzkyJTJGdmlkZW9zJTJGNjQ5OTIzOTUyNjEwMjgzJTJGJmFtcDtzaG93X3RleHQ9ZmFsc2UmYW1wO3dpZHRoPTU2MCZhbXA7dD0wIiB3aWR0aD0iNTYwIiBoZWlnaHQ9IjMxNCIgc3R5bGU9ImJvcmRlcjpub25lO292ZXJmbG93OmhpZGRlbiIgc2Nyb2xsaW5nPSJubyIgZnJhbWVib3JkZXI9IjAiIGFsbG93ZnVsbHNjcmVlbj0idHJ1ZSIgYWxsb3c9ImF1dG9wbGF5OyBjbGlwYm9hcmQtd3JpdGU7IGVuY3J5cHRlZC1tZWRpYTsgcGljdHVyZS1pbi1waWN0dXJlOyB3ZWItc2hhcmUiPjwvaWZyYW1lPgogICAgICAgIA==[\/vc_raw_html][\/vc_column][vc_column width=\u00bb1\/4&#8243;][\/vc_column][\/vc_row][vc_row css=\u00bb.vc_custom_1725991359027{padding-bottom: 50px !important;}\u00bb][vc_column width=\u00bb1\/4&#8243;][\/vc_column][vc_column width=\u00bb1\/2&#8243;][vc_raw_html]CiAgICAgICAgICA8aWZyYW1lIHNyYz0iaHR0cHM6Ly93d3cuZmFjZWJvb2suY29tL3BsdWdpbnMvdmlkZW8ucGhwP2hlaWdodD0zMTQmYW1wO2hyZWY9aHR0cHMlM0ElMkYlMkZ3d3cuZmFjZWJvb2suY29tJTJGS3VzaUthd3NheUlFJTJGdmlkZW9zJTJGMjQ1MzU4MjQwMjUxNTE3JTJGJmFtcDtzaG93X3RleHQ9ZmFsc2UmYW1wO3dpZHRoPTU2MCZhbXA7dD0wIiB3aWR0aD0iNTYwIiBoZWlnaHQ9IjMxNCIgc3R5bGU9ImJvcmRlcjpub25lO292ZXJmbG93OmhpZGRlbiIgc2Nyb2xsaW5nPSJubyIgZnJhbWVib3JkZXI9IjAiIGFsbG93ZnVsbHNjcmVlbj0idHJ1ZSIgYWxsb3c9ImF1dG9wbGF5OyBjbGlwYm9hcmQtd3JpdGU7IGVuY3J5cHRlZC1tZWRpYTsgcGljdHVyZS1pbi1waWN0dXJlOyB3ZWItc2hhcmUiPjwvaWZyYW1lPgogICAgICAgIA==[\/vc_raw_html][\/vc_column][vc_column width=\u00bb1\/4&#8243;][\/vc_column][\/vc_row][vc_row css=\u00bb.vc_custom_1725991351669{padding-top: 50px !important;}\u00bb][vc_column][vc_column_text]<\/p>\n<h4 style=\"text-align: center;\">Los pol\u00edticos que est\u00e1n firmando nuestra petici\u00f3n:<\/h4>\n<p>[\/vc_column_text][\/vc_column][\/vc_row][vc_row css=\u00bb.vc_custom_1726861470813{padding-bottom: 20px !important;}\u00bb][vc_column width=\u00bb1\/6&#8243;][\/vc_column][vc_column width=\u00bb2\/3&#8243;][vc_row_inner content_placement=\u00bbmiddle\u00bb gap=\u00bb35&#8243;][vc_column_inner][vc_column_text]<\/p>\n<ul>\n<li style=\"text-align: left;\">\n<h6>Arlette Contreras, Diputada Peruana<\/h6>\n<\/li>\n<li style=\"text-align: left;\">\n<h6>Mirtha V\u00e1squez, Diputada Peruana<\/h6>\n<\/li>\n<li style=\"text-align: left;\">\n<h6>Roc\u00edo Santiesteban, Diputada Peruana<\/h6>\n<\/li>\n<li style=\"text-align: left;\">\n<h6>Alberto de Belaunde de C\u00e1rdenas, Diputada Peruana<\/h6>\n<\/li>\n<li style=\"text-align: left;\">\n<h6>Indira Huiilca Flores, Ex Congresista Peruana<\/h6>\n<\/li>\n<li style=\"text-align: left;\">\n<h6>Marisa Glave, Ex Congresista Peruana<\/h6>\n<\/li>\n<li style=\"text-align: left;\">\n<h6>Gahela Cari Contreras\u2013 Partido Nuevo Per\u00fa<\/h6>\n<\/li>\n<li style=\"text-align: left;\">\n<h6>Maria Pilar Lezama Gutierrez- Partido Morado<\/h6>\n<\/li>\n<li style=\"text-align: left;\">\n<h6>Patricia Tubilla- Partido APRA<\/h6>\n<\/li>\n<\/ul>\n<p>[\/vc_column_text][\/vc_column_inner][\/vc_row_inner][\/vc_column][vc_column width=\u00bb1\/6&#8243;][\/vc_column][\/vc_row][vc_row css=\u00bb.vc_custom_1726861480476{padding-top: 20px !important;}\u00bb][vc_column][vc_column_text]<\/p>\n<h4 class=\"elementor-heading-title elementor-size-default\" style=\"text-align: center;\">Las organizaciones que firman nuestra petici\u00f3n:<\/h4>\n<p>[\/vc_column_text][\/vc_column][\/vc_row][vc_row full_width=\u00bbstretch_row\u00bb css=\u00bb.vc_custom_1726861491496{margin-bottom: 0px !important;padding-bottom: 20px !important;background-color: #ffffff !important;}\u00bb][vc_column][vc_row_inner][vc_column_inner width=\u00bb1\/6&#8243;][vc_single_image image=\u00bb4050&#8243; img_size=\u00bbfull\u00bb onclick=\u00bbcustom_link\u00bb img_link_target=\u00bb_blank\u00bb link=\u00bbhttps:\/\/promsex.org\/\u00bb][\/vc_column_inner][vc_column_inner width=\u00bb1\/6&#8243;][vc_single_image image=\u00bb4048&#8243; img_size=\u00bbfull\u00bb onclick=\u00bbcustom_link\u00bb img_link_target=\u00bb_blank\u00bb link=\u00bbhttps:\/\/www.manosunidasinternational.org\/\u00bb][\/vc_column_inner][vc_column_inner width=\u00bb1\/6&#8243;][vc_single_image image=\u00bb4040&#8243; img_size=\u00bbfull\u00bb onclick=\u00bbcustom_link\u00bb img_link_target=\u00bb_blank\u00bb link=\u00bbhttps:\/\/www.flora.org.pe\/\u00bb][\/vc_column_inner][vc_column_inner width=\u00bb1\/6&#8243;][vc_single_image image=\u00bb4058&#8243; img_size=\u00bbfull\u00bb onclick=\u00bbcustom_link\u00bb img_link_target=\u00bb_blank\u00bb link=\u00bbhttps:\/\/www.facebook.com\/people\/Colectivo-Sonqo-Warmi-Cusco\/100066895913167\/\u00bb][\/vc_column_inner][vc_column_inner width=\u00bb1\/6&#8243;][vc_single_image image=\u00bb4056&#8243; img_size=\u00bbfull\u00bb onclick=\u00bbcustom_link\u00bb img_link_target=\u00bb_blank\u00bb link=\u00bbhttps:\/\/www.facebook.com\/somosmenstruantes\/\u00bb][\/vc_column_inner][vc_column_inner width=\u00bb1\/6&#8243;][vc_single_image image=\u00bb4054&#8243; img_size=\u00bbfull\u00bb onclick=\u00bbcustom_link\u00bb img_link_target=\u00bb_blank\u00bb link=\u00bbhttps:\/\/www.pukllasunchis.org\/sipas-wayna\u00bb][\/vc_column_inner][\/vc_row_inner][vc_row_inner][vc_column_inner width=\u00bb1\/6&#8243;][vc_single_image image=\u00bb4046&#8243; img_size=\u00bbfull\u00bb onclick=\u00bbcustom_link\u00bb img_link_target=\u00bb_blank\u00bb link=\u00bbhttps:\/\/kallpa.org.pe\/\u00bb][\/vc_column_inner][vc_column_inner width=\u00bb1\/6&#8243;][vc_single_image image=\u00bb4044&#8243; img_size=\u00bbfull\u00bb onclick=\u00bbcustom_link\u00bb img_link_target=\u00bb_blank\u00bb link=\u00bbhttps:\/\/redinterquorum.org\/\u00bb][\/vc_column_inner][vc_column_inner width=\u00bb1\/6&#8243;][vc_single_image image=\u00bb4038&#8243; img_size=\u00bbfull\u00bb onclick=\u00bbcustom_link\u00bb img_link_target=\u00bb_blank\u00bb link=\u00bbhttps:\/\/derechosinfronteras.pe\/\u00bb][\/vc_column_inner][vc_column_inner width=\u00bb1\/6&#8243;][vc_single_image image=\u00bb4034&#8243; img_size=\u00bbfull\u00bb onclick=\u00bbcustom_link\u00bb img_link_target=\u00bb_blank\u00bb link=\u00bbhttps:\/\/porlalibreinformacion.org\/\u00bb][\/vc_column_inner][vc_column_inner width=\u00bb1\/6&#8243;][vc_single_image image=\u00bb4032&#8243; img_size=\u00bbfull\u00bb onclick=\u00bbcustom_link\u00bb img_link_target=\u00bb_blank\u00bb link=\u00bbhttps:\/\/cladem.org\/\u00bb][\/vc_column_inner][vc_column_inner width=\u00bb1\/6&#8243;][vc_single_image image=\u00bb4030&#8243; img_size=\u00bbfull\u00bb onclick=\u00bbcustom_link\u00bb img_link_target=\u00bb_blank\u00bb link=\u00bbhttps:\/\/www.chirapaq.org.pe\/es\/\u00bb][\/vc_column_inner][\/vc_row_inner][vc_row_inner][vc_column_inner width=\u00bb1\/6&#8243;][vc_single_image image=\u00bb4028&#8243; img_size=\u00bbfull\u00bb onclick=\u00bbcustom_link\u00bb img_link_target=\u00bb_blank\u00bb link=\u00bbhttps:\/\/www.facebook.com\/acs.calandria\/\u00bb][\/vc_column_inner][vc_column_inner width=\u00bb1\/6&#8243;][vc_single_image image=\u00bb4026&#8243; img_size=\u00bbfull\u00bb onclick=\u00bbcustom_link\u00bb img_link_target=\u00bb_blank\u00bb link=\u00bbhttps:\/\/www.facebook.com\/mpdhmujer\/\u00bb][\/vc_column_inner][vc_column_inner width=\u00bb1\/6&#8243;][vc_single_image image=\u00bb4042&#8243; img_size=\u00bbfull\u00bb onclick=\u00bbcustom_link\u00bb img_link_target=\u00bb_blank\u00bb link=\u00bbhttps:\/\/www.masigualdad.pe\/\u00bb][\/vc_column_inner][\/vc_row_inner][\/vc_column][\/vc_row][vc_row css=\u00bb.vc_custom_1726861497941{padding-top: 20px !important;}\u00bb][vc_column][vc_column_text]<\/p>\n<h4 class=\"elementor-heading-title elementor-size-default\" style=\"text-align: center;\">Los artistas que firmaron nuestra petici\u00f3n:<\/h4>\n<p>[\/vc_column_text][\/vc_column][\/vc_row][vc_row full_width=\u00bbstretch_row\u00bb css=\u00bb.vc_custom_1726861503370{margin-bottom: 0px !important;padding-bottom: 20px !important;background-color: #ffffff !important;}\u00bb][vc_column][vc_row_inner][vc_column_inner width=\u00bb1\/3&#8243;][vc_single_image image=\u00bb4052&#8243; img_size=\u00bbfull\u00bb onclick=\u00bbcustom_link\u00bb img_link_target=\u00bb_blank\u00bb link=\u00bbhttps:\/\/www.facebook.com\/renatafloresperu\/?locale=es_LA\u00bb][vc_column_text]<\/p>\n<h6 class=\"elementor-heading-title elementor-size-default\" style=\"text-align: center;\">Renata Flores, Artista y Activista<\/h6>\n<p>[\/vc_column_text][\/vc_column_inner][vc_column_inner width=\u00bb1\/3&#8243;][\/vc_column_inner][vc_column_inner width=\u00bb1\/3&#8243;][vc_single_image image=\u00bb4036&#8243; img_size=\u00bbfull\u00bb onclick=\u00bbcustom_link\u00bb img_link_target=\u00bb_blank\u00bb link=\u00bb#\u00bb][vc_column_text]<\/p>\n<h6 class=\"elementor-heading-title elementor-size-default\" style=\"text-align: center;\">Daniela Ortiz, Artista y Activista<\/h6>\n<p>[\/vc_column_text][\/vc_column_inner][\/vc_row_inner][\/vc_column][\/vc_row][vc_row css=\u00bb.vc_custom_1726861560586{padding-top: 20px !important;}\u00bb][vc_column][vc_column_text]<\/p>\n<h4 class=\"elementor-heading-title elementor-size-default\" style=\"text-align: center;\"><strong>El donante de la Campa\u00f1a # Warmallan Amaraq Mamaqa:<\/strong><\/h4>\n<p>[\/vc_column_text][\/vc_column][\/vc_row][vc_row full_width=\u00bbstretch_row\u00bb css=\u00bb.vc_custom_1726861555278{margin-bottom: 0px !important;padding-bottom: 20px !important;background-color: #ffffff !important;}\u00bb][vc_column][vc_row_inner][vc_column_inner width=\u00bb1\/3&#8243;][\/vc_column_inner][vc_column_inner width=\u00bb1\/3&#8243;][vc_single_image image=\u00bb2179&#8243; img_size=\u00bbfull\u00bb onclick=\u00bbcustom_link\u00bb img_link_target=\u00bb_blank\u00bb link=\u00bbhttps:\/\/empowerweb.org\/\u00bb][\/vc_column_inner][vc_column_inner width=\u00bb1\/3&#8243;][\/vc_column_inner][\/vc_row_inner][\/vc_column][\/vc_row]<\/p>\n<\/section>","protected":false},"excerpt":{"rendered":"<p>[vc_row point_down=\u00bbyes\u00bb css=\u00bb.vc_custom_1726860966591{background-color: #ffffff !important;}\u00bb][vc_column][vc_column_text] Warmallan Amaraq Mamaqa [\/vc_column_text][vc_column_text] Kusi Kawsay #Campa\u00f1a Ni\u00f1as No Madres [\/vc_column_text][\/vc_column][\/vc_row][vc_row][vc_column width=\u00bb1\/6&#8243;][\/vc_column][vc_column width=\u00bb2\/3&#8243;][vc_raw_html]CiAgICAgICAgICA8aWZyYW1lIHdpZHRoPSI2NDAgICIgaGVpZ2h0PSIzNjAiIHNyYz0iaHR0cHM6Ly93d3cueW91dHViZS5jb20vZW1iZWQvcXdUcjI3ekhwLU0\/YXV0b3BsYXk9MSZhbXA7bXV0ZT0wJmFtcDttb2Rlc3RicmFuZGluZz0xIiB0aXRsZT0iUmVwcm9kdWN0b3IgZGUgdsOtZGVvIGRlIFlvdVR1YmUiIGZyYW1lYm9yZGVyPSIwIiBhbGxvdz0iYWNjZWxlcm9tZXRlcjsgYXV0b3BsYXk7IGNsaXBib2FyZC13cml0ZTsgZW5jcnlwdGVkLW1lZGlhOyBneXJvc2NvcGU7IHBpY3R1cmUtaW4tcGljdHVyZTsgd2ViLXNoYXJlIiBhbGxvd2Z1bGxzY3JlZW49IiI+PC9pZnJhbWU+CiAgICAgICAg[\/vc_raw_html][vc_column_text] The Campaign team: Voices &amp; Actors: Flor Melany Pare Merma, Grimaldo Hillhua Ccahuana, Walter Hillhua Ccahuana, Jaime Hillhua Ccahuana, Elizangela Salas Ochoa. Kusi Sami Franco Minaja, Katari Vizcarra Wood, Araq Franco Monteagudo,, Onpash Monteagudo Suma, Ruth Milagros &#8230;<a class=\"r_more_blog\" href=\"https:\/\/kusikawsay.org\/es\/warmallan-amaraq-mamaqa\/#more-4681\"><i class=\"fa fa-sign-in\"><\/i> read more<\/a><\/p>\n","protected":false},"author":1,"featured_media":0,"parent":0,"menu_order":0,"comment_status":"closed","ping_status":"closed","template":"","meta":{"footnotes":""},"class_list":["post-4681","page","type-page","status-publish","hentry"],"_links":{"self":[{"href":"https:\/\/kusikawsay.org\/es\/wp-json\/wp\/v2\/pages\/4681","targetHints":{"allow":["GET"]}}],"collection":[{"href":"https:\/\/kusikawsay.org\/es\/wp-json\/wp\/v2\/pages"}],"about":[{"href":"https:\/\/kusikawsay.org\/es\/wp-json\/wp\/v2\/types\/page"}],"author":[{"embeddable":true,"href":"https:\/\/kusikawsay.org\/es\/wp-json\/wp\/v2\/users\/1"}],"replies":[{"embeddable":true,"href":"https:\/\/kusikawsay.org\/es\/wp-json\/wp\/v2\/comments?post=4681"}],"version-history":[{"count":17,"href":"https:\/\/kusikawsay.org\/es\/wp-json\/wp\/v2\/pages\/4681\/revisions"}],"predecessor-version":[{"id":5250,"href":"https:\/\/kusikawsay.org\/es\/wp-json\/wp\/v2\/pages\/4681\/revisions\/5250"}],"wp:attachment":[{"href":"https:\/\/kusikawsay.org\/es\/wp-json\/wp\/v2\/media?parent=4681"}],"curies":[{"name":"wp","href":"https:\/\/api.w.org\/{rel}","templated":true}]}}