{"id":4710,"date":"2024-09-09T18:38:23","date_gmt":"2024-09-09T18:38:23","guid":{"rendered":"http:\/\/kusikawsay.org\/boletines-e-informes\/"},"modified":"2026-01-20T16:00:42","modified_gmt":"2026-01-20T16:00:42","slug":"boletines-e-informes","status":"publish","type":"page","link":"https:\/\/kusikawsay.org\/es\/boletines-e-informes\/","title":{"rendered":"Boletines e Informes"},"content":{"rendered":"<section class=\"wpb-content-wrapper\"><p>[vc_row full_width=\u00bbstretch_row\u00bb full_height=\u00bbyes\u00bb columns_placement=\u00bbtop\u00bb parallax=\u00bbcontent-moving\u00bb][vc_column css=\u00bb.vc_custom_1726244940131{padding-top: 0px !important;}\u00bb][vc_custom_heading text=\u00bb<br \/>\n          <strong>BOLETINES E INFORMES<\/strong><br \/>\n        \u00bb font_container=\u00bbtag:h4|text_align:left\u00bb use_theme_fonts=\u00bbyes\u00bb css=\u00bb.vc_custom_1726908933725{padding-top: 50px !important;padding-right: 25px !important;padding-left: 25px !important;}\u00bb][vc_empty_space height=\u00bb20px\u00bb][vc_column_text]<\/p>\n<h6>\u00danase a nuestra lista de correo de boletines: click <strong><span style=\"color: #009b7e !important;\"><a style=\"color: #009b7e !important;\" href=\"http:\/\/eepurl.com\/gnxcQ5\" target=\"_blank\" rel=\"noopener\">aqu\u00ed <\/a><\/span><\/strong>para registrarse.<\/h6>\n<p>[\/vc_column_text][vc_tta_accordion style=\u00bbmodern\u00bb active_section=\u00bb10&#8243; collapsible_all=\u00bbtrue\u00bb][vc_tta_section title=\u00bbBoletines\u00bb tab_id=\u00bb1760451016529-e5c020a7-bd0c\u00bb][vc_toggle title=\u00bb2025&#8243; css=\u00bb.vc_custom_1768924573292{background-color: #f0f0f0 !important;}\u00bb]<span style=\"color: #009b7e !important;\"><a style=\"color: #009b7e !important;\" href=\"https:\/\/drive.google.com\/file\/d\/1ShBxLLbHCF-JFFjOmBuAzD3KDUJ9_qJG\/view?usp=sharing\" target=\"_blank\" rel=\"noopener\">Reporte Cuatrimestral: Setiembre-Diciembre<\/a><\/span><\/p>\n<p><span style=\"color: #009b7e !important;\"><a style=\"color: #009b7e !important;\" href=\"https:\/\/drive.google.com\/file\/d\/1QGu7zsdbb5--lAEIM4wgxyxPU1p9b6xh\/view?usp=sharing\" target=\"_blank\" rel=\"noopener\">Reporte Cuatrimestral: Mayo-Agosto<\/a><\/span><\/p>\n<p><span style=\"color: #009b7e !important;\"><a style=\"color: #009b7e !important;\" href=\"https:\/\/drive.google.com\/file\/d\/1GX-uOg0A1VkgoGMDZUcrMj8XjpT_jRgG\/view?usp=sharing\" target=\"_blank\" rel=\"noopener\">Reporte Cuatrimestral: Enero-Abril<\/a> <\/span>[\/vc_toggle][vc_toggle title=\u00bb2023&#8243; css=\u00bb.vc_custom_1760464003144{background-color: #f0f0f0 !important;}\u00bb]<span style=\"color: #009b7e !important;\"><br \/>\n            <a style=\"color: #009b7e !important;\" href=\"https:\/\/mailchi.mp\/022a106942af\/hello-to-our-nyc-kusi-kawsay-supporters-we-have-some-very-special-news-to-share-with-you\" target=\"_blank\" rel=\"noopener\">Bolet\u00edn Especial<\/a><br \/>\n          <\/span>[\/vc_toggle][vc_toggle title=\u00bb2022&#8243; css=\u00bb.vc_custom_1760463656101{background-color: #f0f0f0 !important;}\u00bb]<span style=\"color: #009b7e !important;\"><a style=\"color: #009b7e !important;\" href=\"https:\/\/mailchi.mp\/0e93b43542a6\/kusi-kawsay-trimester-newsletter-april-june-2022\" target=\"_blank\" rel=\"noopener\">Bolet\u00edn Trimestral de Kusi Kawsay Abril \u2013 Junio de 2022<\/a><\/span><\/p>\n<p><span style=\"color: #009b7e !important;\"><a style=\"color: #009b7e !important;\" href=\"https:\/\/mailchi.mp\/bab2a4f1b5f9\/2022-starting-again-at-kusi-kawsay\" target=\"_blank\" rel=\"noopener\">2022 Comenzando de nuevo en Kusi Kawsay<\/a><\/span><\/p>\n<p><span style=\"color: #009b7e !important;\"><a style=\"color: #009b7e !important;\" href=\"https:\/\/mailchi.mp\/7e50cb722bfd\/weaving-life-in-the-andes\" target=\"_blank\" rel=\"noopener\">Tejiendo la vida en los Andes<\/a><\/span>[\/vc_toggle][vc_toggle title=\u00bb2021&#8243; css=\u00bb.vc_custom_1760463423706{background-color: #f0f0f0 !important;}\u00bb]<span style=\"color: #009b7e !important;\"><br \/>\n            <a style=\"color: #009b7e !important;\" href=\"https:\/\/mailchi.mp\/bab2a4f1b5f9\/2022-starting-again-at-kusi-kawsay\" target=\"_blank\" rel=\"noopener\">Bolet\u00edn Kusi Kawsay<\/a><br \/>\n          <\/span>[\/vc_toggle][vc_toggle title=\u00bb2020&#8243; css=\u00bb.vc_custom_1760463286606{background-color: #f0f0f0 !important;}\u00bb]<span style=\"color: #009b7e !important;\"><br \/>\n            <a style=\"color: #009b7e !important;\" href=\"https:\/\/mailchi.mp\/0aebfde6dc84\/kusi-kawsay-newsletter-i-2020?e=20f9e8c646\" target=\"_blank\" rel=\"noopener\">Bolet\u00edn Kusi Kawsay 2020: Agradecimiento<\/a><br \/>\n          <\/span>[\/vc_toggle][vc_toggle title=\u00bb2017&#8243; css=\u00bb.vc_custom_1760462705932{background-color: #f0f0f0 !important;}\u00bb]<span style=\"color: #009b7e !important;\"><br \/>\n            <a style=\"color: #009b7e !important;\" href=\"https:\/\/us2.campaign-archive.com\/?u=f220e3a8c6fef5cf5c385c1d1&amp;id=57c31a1e6f&amp;e=20f9e8c646\" target=\"_blank\" rel=\"noopener\">Octubre<\/a><br \/>\n          <\/span><\/p>\n<p>          <span style=\"color: #009b7e !important;\"><br \/>\n            <a style=\"color: #009b7e !important;\" href=\"https:\/\/us2.campaign-archive.com\/?u=f220e3a8c6fef5cf5c385c1d1&amp;id=3842c1dda0\" target=\"_blank\" rel=\"noopener\">Septiembre<\/a><br \/>\n          <\/span><\/p>\n<p>          <span style=\"color: #009b7e !important;\"><br \/>\n            <a style=\"color: #009b7e !important;\" href=\"https:\/\/us2.campaign-archive.com\/?u=f220e3a8c6fef5cf5c385c1d1&amp;id=7fc48cda8f\" target=\"_blank\" rel=\"noopener\">Agosto<\/a><br \/>\n          <\/span><\/p>\n<p>          <span style=\"color: #009b7e !important;\"><br \/>\n            <a style=\"color: #009b7e !important;\" href=\"https:\/\/us2.campaign-archive.com\/?u=f220e3a8c6fef5cf5c385c1d1&amp;id=70f7f6557d\" target=\"_blank\" rel=\"noopener\">Julio<\/a><br \/>\n          <\/span><\/p>\n<p>          <span style=\"color: #009b7e !important;\"><br \/>\n            <a style=\"color: #009b7e !important;\" href=\"https:\/\/us2.campaign-archive.com\/?u=f220e3a8c6fef5cf5c385c1d1&amp;id=7908d746db&amp;e=72cdcdb598\" target=\"_blank\" rel=\"noopener\">Junio<\/a><br \/>\n          <\/span><\/p>\n<p>          <span style=\"color: #009b7e !important;\"><br \/>\n            <a style=\"color: #009b7e !important;\" href=\"https:\/\/us2.campaign-archive.com\/?u=f220e3a8c6fef5cf5c385c1d1&amp;id=4e46086869&amp;e=72cdcdb598\" target=\"_blank\" rel=\"noopener\">Mayo<\/a><br \/>\n          <\/span><\/p>\n<p>          <span style=\"color: #009b7e !important;\"><br \/>\n            <a style=\"color: #009b7e !important;\" href=\"https:\/\/us2.campaign-archive.com\/?u=f220e3a8c6fef5cf5c385c1d1&amp;id=2cee0815df&amp;e=72cdcdb598\" target=\"_blank\" rel=\"noopener\">Abril<\/a><br \/>\n          <\/span><\/p>\n<p>          <span style=\"color: #009b7e !important;\"><br \/>\n            <a style=\"color: #009b7e !important;\" href=\"https:\/\/us2.campaign-archive.com\/?u=f220e3a8c6fef5cf5c385c1d1&amp;id=6db6150843&amp;e=72cdcdb598\" target=\"_blank\" rel=\"noopener\">Marzo<\/a><br \/>\n          <\/span><\/p>\n<p>          <span style=\"color: #009b7e !important;\"><br \/>\n            <a style=\"color: #009b7e !important;\" href=\"https:\/\/us2.campaign-archive.com\/?e=%5BUNIQID%5D&amp;u=f220e3a8c6fef5cf5c385c1d1&amp;id=4acc1c2407\" target=\"_blank\" rel=\"noopener\">Febrero<\/a><br \/>\n          <\/span>[\/vc_toggle][vc_toggle title=\u00bb2016&#8243; css=\u00bb.vc_custom_1760461443823{background-color: #f0f0f0 !important;}\u00bb]<span style=\"color: #009b7e !important;\"><br \/>\n            <a style=\"color: #009b7e !important;\" href=\"https:\/\/us2.campaign-archive.com\/?u=f220e3a8c6fef5cf5c385c1d1id=ea1cf6eb46\" target=\"_blank\" rel=\"noopener\">Diciembre<\/a><br \/>\n          <\/span>[\/vc_toggle][vc_toggle title=\u00bb2016&#8243; css=\u00bb.vc_custom_1760461443823{background-color: #f0f0f0 !important;}\u00bb]<span style=\"color: #009b7e !important;\"><br \/>\n            <a style=\"color: #009b7e !important;\" href=\"https:\/\/us2.campaign-archive.com\/?u=f220e3a8c6fef5cf5c385c1d1id=ea1cf6eb46\" target=\"_blank\" rel=\"noopener\">Diciembre<\/a><br \/>\n          <\/span>[\/vc_toggle][vc_toggle title=\u00bb2014&#8243; css=\u00bb.vc_custom_1760460982440{background-color: #f0f0f0 !important;}\u00bb]<span style=\"color: #009b7e !important;\"><a style=\"color: #009b7e !important;\" href=\"https:\/\/us2.campaign-archive.com\/?u=f220e3a8c6fef5cf5c385c1d1id=63b1cfefb7\" target=\"_blank\" rel=\"noopener\">Noviembre<\/a><\/span>[\/vc_toggle][vc_toggle title=\u00bb2013&#8243; css=\u00bb.vc_custom_1760460714881{background-color: #f0f0f0 !important;}\u00bb]<span style=\"color: #009b7e !important;\"><br \/>\n            <a style=\"color: #009b7e !important;\" href=\"https:\/\/us2.campaign-archive.com\/?u=f220e3a8c6fef5cf5c385c1d1id=a5c98cda3c\" target=\"_blank\" rel=\"noopener\">Diciembre<\/a><br \/>\n          <\/span><\/p>\n<p>          <span style=\"color: #009b7e !important;\"><br \/>\n            <a style=\"color: #009b7e !important;\" href=\"https:\/\/us2.campaign-archive.com\/?u=f220e3a8c6fef5cf5c385c1d1id=ddceec7a97\" target=\"_blank\" rel=\"noopener\">Octubre<\/a><br \/>\n          <\/span><\/p>\n<p>          <span style=\"color: #009b7e !important;\"><br \/>\n            <a style=\"color: #009b7e !important;\" href=\"https:\/\/us2.campaign-archive.com\/?u=f220e3a8c6fef5cf5c385c1d1id=5464d34a13\" target=\"_blank\" rel=\"noopener\">Septiembre<\/a><br \/>\n          <\/span>[\/vc_toggle][vc_toggle title=\u00bb2012&#8243; css=\u00bb.vc_custom_1760460391931{background-color: #f0f0f0 !important;}\u00bb]<span style=\"color: #009b7e !important;\"><a style=\"color: #009b7e !important;\" href=\"https:\/\/us2.campaign-archive.com\/?u=f220e3a8c6fef5cf5c385c1d1id=d0cd2bed3c\" target=\"_blank\" rel=\"noopener\">Diciembre<\/a><\/span><br \/>\n<span style=\"color: #009b7e !important;\"><a style=\"color: #009b7e !important;\" href=\"https:\/\/us2.campaign-archive.com\/?u=f220e3a8c6fef5cf5c385c1d1id=4f4112ba91e=d04db16774\" target=\"_blank\" rel=\"noopener\">Septiembre<\/a><\/span>[\/vc_toggle][vc_toggle title=\u00bb2011&#8243; css=\u00bb.vc_custom_1760460048675{background-color: #f0f0f0 !important;}\u00bb]<span style=\"color: #009b7e !important;\"><br \/>\n            <a style=\"color: #009b7e !important;\" href=\"https:\/\/us2.forward-to-friend.com\/forward\/show?u=f220e3a8c6fef5cf5c385c1d1&amp;id=8b2b32f341\" target=\"_blank\" rel=\"noopener\">Septiembre<\/a><br \/>\n          <\/span>[\/vc_toggle][\/vc_tta_section][vc_tta_section title=\u00bbCampa\u00f1as\u00bb tab_id=\u00bb1760451016554-2b40cced-2e58&#8243;][vc_toggle title=\u00bb2019: Campa\u00f1a Anual de Recaudaci\u00f3n de Fondos\u00bb css=\u00bb.vc_custom_1760452788200{background-color: #f0f0f0 !important;}\u00bb]<span style=\"color: #009b7e !important;\"><br \/>\n            <a style=\"color: #009b7e !important;\" href=\"https:\/\/mailchi.mp\/599206b7af9d\/kusi-kawsay-fundraising-campaign-for-3076889?e=72cdcdb598\" target=\"_blank\" rel=\"noopener\">Hermoso video para nuestra campa\u00f1a<\/a><br \/>\n          <\/span><\/p>\n<p>          <span style=\"color: #009b7e !important;\"><br \/>\n            <a style=\"color: #009b7e !important;\" href=\"https:\/\/mailchi.mp\/7301acfa960c\/kusi-kawsay-fundraising-campaign-for-3077653?e=72cdcdb598\" target=\"_blank\" rel=\"noopener\">Campa\u00f1a de Recaudaci\u00f3n de Fondos de Kusi Kawsay para 2020_semana 1\/2<\/a><br \/>\n          <\/span><\/p>\n<p>          <span style=\"color: #009b7e !important;\"><br \/>\n            <a style=\"color: #009b7e !important;\" href=\"https:\/\/mailchi.mp\/bcfd923ebc73\/kusi-kawsay-fundraising-campaign-for-3079409?e=72cdcdb598\" target=\"_blank\" rel=\"noopener\">Campa\u00f1a de Recaudaci\u00f3n de Fondos en L\u00ednea de Kusi Kawsay para 2020_semana 2\/3<\/a><br \/>\n          <\/span><\/p>\n<p>          <span style=\"color: #009b7e !important;\"><br \/>\n            <a style=\"color: #009b7e !important;\" href=\"https:\/\/mailchi.mp\/5173f714a40d\/kusi-kawsay-fundraising-campaign-for-3082289?e=72cdcdb598\" target=\"_blank\" rel=\"noopener\">Sue\u00f1a con los estudiantes de Kusi Kawsay en #GivingTuesday<\/a><br \/>\n          <\/span><\/p>\n<p>          <span style=\"color: #009b7e !important;\"><br \/>\n            <a style=\"color: #009b7e !important;\" href=\"https:\/\/mailchi.mp\/badaf62f0215\/kusi-kawsay-fundraising-campaign-for-3086129?e=72cdcdb598\" target=\"_blank\" rel=\"noopener\">Temporada de Lluvias<\/a><br \/>\n          <\/span>[\/vc_toggle][vc_toggle title=\u00bb2022: Kawsay \u00d1ankuna &#8211; Caminos de vida\u00bb css=\u00bb.vc_custom_1760453837686{background-color: #f0f0f0 !important;}\u00bb]<span style=\"color: #009b7e !important;\"><br \/>\n            <a style=\"color: #009b7e !important;\" href=\"https:\/\/mailchi.mp\/a982e8bf843e\/2022-fundraising-campaignkawsay-ankuna-paths-of-life\" target=\"_blank\" rel=\"noopener\">Campa\u00f1a de Recaudaci\u00f3n de Fondos 2022<\/a><br \/>\n          <\/span><\/p>\n<p>          <span style=\"color: #009b7e !important;\"><br \/>\n            <a style=\"color: #009b7e !important;\" href=\"https:\/\/mailchi.mp\/1fc479131d1d\/miriams-long-trip-to-school\" target=\"_blank\" rel=\"noopener\">El largo viaje de Miriam a la escuela<\/a><br \/>\n          <\/span><\/p>\n<p>          <span style=\"color: #009b7e !important;\"><br \/>\n            <a style=\"color: #009b7e !important;\" href=\"https:\/\/mailchi.mp\/880b4bafaf36\/music-our-teacher-on-the-path-of-life\" target=\"_blank\" rel=\"noopener\">M\u00fasica: nuestro maestro en el camino de la vida<\/a><br \/>\n          <\/span><\/p>\n<p>          <span style=\"color: #009b7e !important;\"><br \/>\n            <a style=\"color: #009b7e !important;\" href=\"https:\/\/mailchi.mp\/b7f7ac2c008b\/the-long-path-of-regina-and-her-children\" target=\"_blank\" rel=\"noopener\">El largo camino de Regina y sus hijos<\/a><br \/>\n          <\/span><\/p>\n<p>          <span style=\"color: #009b7e !important;\"><br \/>\n            <a style=\"color: #009b7e !important;\" href=\"https:\/\/mailchi.mp\/8fafbd843861\/from-cusco-to-pisaq\" target=\"_blank\" rel=\"noopener\">De Cusco a Pisaq<\/a><br \/>\n          <\/span><\/p>\n<p>          <span style=\"color: #009b7e !important;\"><br \/>\n            <a style=\"color: #009b7e !important;\" href=\"https:\/\/mailchi.mp\/2dd4481c28a3\/remembering-our-ancestors\" target=\"_blank\" rel=\"noopener\">Recordando a nuestros Antepasados<\/a><br \/>\n          <\/span><\/p>\n<p>          <span style=\"color: #009b7e !important;\"><br \/>\n            <a style=\"color: #009b7e !important;\" href=\"https:\/\/mailchi.mp\/d422403f66aa\/kusi-kawsay-a-place-where-paths-cross\" target=\"_blank\" rel=\"noopener\">Kusi Kawsay: un lugar donde se cruzan caminos<\/a><br \/>\n          <\/span>[\/vc_toggle][vc_toggle title=\u00bb2023: Tinkuy\u00bb css=\u00bb.vc_custom_1760456117633{background-color: #f0f0f0 !important;}\u00bb]<span style=\"color: #009b7e !important;\"><br \/>\n            <a style=\"color: #009b7e !important;\" href=\"https:\/\/mailchi.mp\/fd77920991e1\/announcing-our-2023-fundraising-campaign\" target=\"_blank\" rel=\"noopener\">Anunciando nuestra campa\u00f1a de recaudaci\u00f3n de fondos 2023<\/a><br \/>\n          <\/span><\/p>\n<p>          <span style=\"color: #009b7e !important;\"><br \/>\n            <a style=\"color: #009b7e !important;\" href=\"https:\/\/mailchi.mp\/9acb80c77999\/tinkuy-recap-of-week-2\" target=\"_blank\" rel=\"noopener\">\u00a1TINKUY! Resumen de la Semana 2 <\/a><br \/>\n          <\/span><\/p>\n<p>          <span style=\"color: #009b7e !important;\"><br \/>\n            <a style=\"color: #009b7e !important;\" href=\"https:\/\/mailchi.mp\/e6d190d4ae19\/tinkuy-announcing-our-5000-challenge-fund\" target=\"_blank\" rel=\"noopener\">TINKUY! Anunciando nuestro fondo de desaf\u00edo de $5000 <\/a><br \/>\n          <\/span><\/p>\n<p>          <span style=\"color: #009b7e !important;\"><br \/>\n            <a style=\"color: #009b7e !important;\" href=\"https:\/\/mailchi.mp\/d70c9c80da1f\/tinkuy-support-us-this-giving-tuesday\" target=\"_blank\" rel=\"noopener\">\u00a1TINKUY! \u00a1Ap\u00f3yanos este Martes de Donaciones! <\/a><br \/>\n          <\/span><\/p>\n<p>          <span style=\"color: #009b7e !important;\"><br \/>\n            <a style=\"color: #009b7e !important;\" href=\"https:\/\/mailchi.mp\/b1a42f142a1b\/tinkuy-exchange-in-taquile\" target=\"_blank\" rel=\"noopener\">\u00a1TINKUY! Intercambio en Taquile <\/a><br \/>\n          <\/span><\/p>\n<p>          <span style=\"color: #009b7e !important;\"><br \/>\n            <a style=\"color: #009b7e !important;\" href=\"https:\/\/mailchi.mp\/139693d1ad82\/tinkuy-going-into-our-final-week\" target=\"_blank\" rel=\"noopener\">TINKUY: Entrando en nuestra \u00faltima semana<\/a><br \/>\n          <\/span><\/p>\n<p>          <span style=\"color: #009b7e !important;\"><br \/>\n            <a style=\"color: #009b7e !important;\" href=\"https:\/\/mailchi.mp\/dc9b508671ab\/tinkuy-thank-you-for-supporting-our-campaign\" target=\"_blank\" rel=\"noopener\">TINKUY: Gracias por apoyar nuestra campa\u00f1a<\/a><br \/>\n          <\/span>[\/vc_toggle][vc_toggle title=\u00bb2023: Campa\u00f1a A Trav\u00e9s de las Am\u00e9ricas\u00bb css=\u00bb.vc_custom_1760464685986{background-color: #f0f0f0 !important;}\u00bb]<span style=\"color: #009b7e !important;\"><a style=\"color: #009b7e !important;\" href=\"https:\/\/mailchi.mp\/d360fefcff18\/week-3-across-the-americas-campaign\" target=\"_blank\" rel=\"noopener\">SEMANA 3: Campa\u00f1a a trav\u00e9s de las Am\u00e9ricas<\/a><\/span><\/p>\n<p><span style=\"color: #009b7e !important;\"><a style=\"color: #009b7e !important;\" href=\"https:\/\/mailchi.mp\/0c27ddcb4ede\/week-4-across-the-americas-campaign\" target=\"_blank\" rel=\"noopener\">SEMANA 4: Campa\u00f1a a trav\u00e9s de las Am\u00e9ricas<\/a><\/span><\/p>\n<p><span style=\"color: #009b7e !important;\"><a style=\"color: #009b7e !important;\" href=\"https:\/\/mailchi.mp\/36b5f2d5a5ee\/last-week-of-our-across-the-americas-campaign\" target=\"_blank\" rel=\"noopener\">\u00daLTIMA SEMANA de nuestra Campa\u00f1a A Trav\u00e9s de las Am\u00e9ricas<\/a><\/span>[\/vc_toggle][\/vc_tta_section][\/vc_tta_accordion][vc_toggle title=\u00bbReportes Anuales\u00bb css=\u00bb.vc_custom_1760458647402{background-color: #f0f0f0 !important;}\u00bb]<span style=\"color: #009b7e !important;\"><br \/>\n            <a style=\"color: #009b7e !important;\" href=\"https:\/\/drive.google.com\/file\/d\/1XHM73zrrIyhcZGrQZZad4uLPWyFp2Spe\/view?usp=sharing\" target=\"_blank\" rel=\"noopener\">2024<\/a><br \/>\n          <\/span><\/p>\n<p>          <span style=\"color: #009b7e !important;\"><br \/>\n            <a style=\"color: #009b7e !important;\" href=\"https:\/\/drive.google.com\/file\/d\/1xZkj3RYZ-DjyazEKheSHP2Al9vhC3vHL\/view?usp=sharing\" target=\"_blank\" rel=\"noopener\">2023<\/a><br \/>\n          <\/span><\/p>\n<p>          <span style=\"color: #009b7e !important;\"><br \/>\n            <a style=\"color: #009b7e !important;\" href=\"https:\/\/drive.google.com\/file\/d\/1frxr7fnvzZjudBSA1i9EkNEgZIht0ZVP\/view?usp=sharing\" target=\"_blank\" rel=\"noopener\">2021<\/a><br \/>\n          <\/span><\/p>\n<p>          <span style=\"color: #009b7e !important;\"><br \/>\n            <a style=\"color: #009b7e !important;\" href=\"https:\/\/drive.google.com\/file\/d\/13oJmPQwvoKF8hphbMq9pfbj9nR49xiI2\/view?usp=sharing\" target=\"_blank\" rel=\"noopener\">2020<\/a><br \/>\n          <\/span><\/p>\n<p>          <span style=\"color: #009b7e !important;\"><br \/>\n            <a style=\"color: #009b7e !important;\" href=\"https:\/\/drive.google.com\/file\/d\/1l1zt2Y6xRTzgxqPBUG0LK-KDKxF2tfSr\/view?usp=sharing\" target=\"_blank\" rel=\"noopener\">2019<\/a><br \/>\n          <\/span><\/p>\n<p>          <span style=\"color: #009b7e !important;\"><br \/>\n            <a style=\"color: #009b7e !important;\" href=\"https:\/\/drive.google.com\/file\/d\/1gqWwU8DFI_yz8v3LcZW1HojwYNueFFBo\/view?usp=sharing\" target=\"_blank\" rel=\"noopener\">2018<\/a><br \/>\n          <\/span><\/p>\n<p>          <span style=\"color: #009b7e !important;\"><br \/>\n            <a style=\"color: #009b7e !important;\" href=\"https:\/\/drive.google.com\/file\/d\/1AWrt9iDrn_fZcgSnvSRYaHlDZpQgOdue\/view?usp=sharing\" target=\"_blank\" rel=\"noopener\">2017<\/a><br \/>\n          <\/span><\/p>\n<p>          <span style=\"color: #009b7e !important;\"><br \/>\n            <a style=\"color: #009b7e !important;\" href=\"https:\/\/drive.google.com\/file\/d\/1oszys3Y7moFfH6GbeXJ8FXv79OCTZFJX\/view?usp=sharing\" target=\"_blank\" rel=\"noopener\">2016<\/a><br \/>\n          <\/span><\/p>\n<p>          <span style=\"color: #009b7e !important;\"><br \/>\n            <a style=\"color: #009b7e !important;\" href=\"https:\/\/drive.google.com\/file\/d\/1wzW9py_9lVK1CkZW1pD1zM6cUBXLnBdI\/view?usp=sharing\" target=\"_blank\" rel=\"noopener\">2015<\/a><br \/>\n          <\/span><\/p>\n<p>          <span style=\"color: #009b7e !important;\"><br \/>\n            <a style=\"color: #009b7e !important;\" href=\"https:\/\/drive.google.com\/file\/d\/1bIKaVjT6VhPAWo7LPVuAR35Pt1c7thMl\/view?usp=sharing\" target=\"_blank\" rel=\"noopener\">2013<\/a><br \/>\n          <\/span>[\/vc_toggle][vc_toggle title=\u00bbA trav\u00e9s de las Am\u00e9ricas\u00bb css=\u00bb.vc_custom_1760454170738{background-color: #f0f0f0 !important;}\u00bb]<span style=\"color: #009b7e !important;\"><a style=\"color: #009b7e !important;\" href=\"http:\/\/kusikawsay.org\/wp-content\/uploads\/2024\/10\/Across-the-Americas_2023.pdf\" target=\"_blank\" rel=\"noopener\">2023<\/a><\/span><\/p>\n<p><span style=\"color: #009b7e !important;\"><a style=\"color: #009b7e !important;\" href=\"https:\/\/mailchi.mp\/8d6347ecf0f5\/across-the-americas-youth-led-cultural-presentation-exchange\" target=\"_blank\" rel=\"noopener\">A trav\u00e9s de las Am\u00e9ricas presentaci\u00f3n e intercambio cultural liderado por j\u00f3venes<\/a><\/span>[\/vc_toggle][vc_toggle title=\u00bbReportes Adicionales\u00bb css=\u00bb.vc_custom_1726246752000{background-color: #f0f0f0 !important;}\u00bb]<\/p>\n<h6>\n            <span style=\"color: #009b7e !important;\"><br \/>\n              <a style=\"color: #009b7e !important;\" href=\"http:\/\/kusikawsay.org\/wp-content\/uploads\/2024\/09\/Ann_Beckham_Visit_Kusi_Kawsay_July_2010.pdf\" target=\"_blank\" rel=\"noopener\"><br \/>\n                <span style=\"color: ##009b7e !important;\">Visita de Ann Beckham en julio de 2010<\/span><br \/>\n              <\/a><br \/>\n            <\/span><br \/>\n          <\/h6>\n<p>[\/vc_toggle][\/vc_column][\/vc_row][vc_row][vc_column][vc_empty_space height=\u00bb30px\u00bb][\/vc_column][\/vc_row]<\/p>\n<\/section>","protected":false},"excerpt":{"rendered":"<p>[vc_row full_width=\u00bbstretch_row\u00bb full_height=\u00bbyes\u00bb columns_placement=\u00bbtop\u00bb parallax=\u00bbcontent-moving\u00bb][vc_column css=\u00bb.vc_custom_1726244940131{padding-top: 0px !important;}\u00bb][vc_custom_heading text=\u00bb BOLETINES E INFORMES \u00bb font_container=\u00bbtag:h4|text_align:left\u00bb use_theme_fonts=\u00bbyes\u00bb css=\u00bb.vc_custom_1726908933725{padding-top: 50px !important;padding-right: 25px !important;padding-left: 25px !important;}\u00bb][vc_empty_space height=\u00bb20px\u00bb][vc_column_text] \u00danase a nuestra lista de correo de boletines: click aqu\u00ed para registrarse. [\/vc_column_text][vc_tta_accordion style=\u00bbmodern\u00bb active_section=\u00bb10&#8243; collapsible_all=\u00bbtrue\u00bb][vc_tta_section title=\u00bbBoletines\u00bb tab_id=\u00bb1760451016529-e5c020a7-bd0c\u00bb][vc_toggle title=\u00bb2025&#8243; css=\u00bb.vc_custom_1768924573292{background-color: #f0f0f0 !important;}\u00bb]Reporte Cuatrimestral: Setiembre-Diciembre Reporte Cuatrimestral: Mayo-Agosto Reporte Cuatrimestral: Enero-Abril [\/vc_toggle][vc_toggle title=\u00bb2023&#8243; &#8230;<a class=\"r_more_blog\" href=\"https:\/\/kusikawsay.org\/es\/boletines-e-informes\/#more-4710\"><i class=\"fa fa-sign-in\"><\/i> read more<\/a><\/p>\n","protected":false},"author":1,"featured_media":0,"parent":0,"menu_order":0,"comment_status":"closed","ping_status":"closed","template":"","meta":{"footnotes":""},"class_list":["post-4710","page","type-page","status-publish","hentry"],"_links":{"self":[{"href":"https:\/\/kusikawsay.org\/es\/wp-json\/wp\/v2\/pages\/4710","targetHints":{"allow":["GET"]}}],"collection":[{"href":"https:\/\/kusikawsay.org\/es\/wp-json\/wp\/v2\/pages"}],"about":[{"href":"https:\/\/kusikawsay.org\/es\/wp-json\/wp\/v2\/types\/page"}],"author":[{"embeddable":true,"href":"https:\/\/kusikawsay.org\/es\/wp-json\/wp\/v2\/users\/1"}],"replies":[{"embeddable":true,"href":"https:\/\/kusikawsay.org\/es\/wp-json\/wp\/v2\/comments?post=4710"}],"version-history":[{"count":123,"href":"https:\/\/kusikawsay.org\/es\/wp-json\/wp\/v2\/pages\/4710\/revisions"}],"predecessor-version":[{"id":6512,"href":"https:\/\/kusikawsay.org\/es\/wp-json\/wp\/v2\/pages\/4710\/revisions\/6512"}],"wp:attachment":[{"href":"https:\/\/kusikawsay.org\/es\/wp-json\/wp\/v2\/media?parent=4710"}],"curies":[{"name":"wp","href":"https:\/\/api.w.org\/{rel}","templated":true}]}}