{"id":4756,"date":"2024-09-07T15:33:05","date_gmt":"2024-09-07T15:33:05","guid":{"rendered":"http:\/\/kusikawsay.org\/como-donar\/"},"modified":"2026-02-27T15:04:50","modified_gmt":"2026-02-27T15:04:50","slug":"como-donar","status":"publish","type":"page","link":"https:\/\/kusikawsay.org\/es\/como-donar\/","title":{"rendered":"C\u00f3mo Donar"},"content":{"rendered":"<section class=\"wpb-content-wrapper\"><p>[vc_row full_width=\u00bbstretch_row\u00bb full_height=\u00bbyes\u00bb columns_placement=\u00bbtop\u00bb parallax=\u00bbcontent-moving\u00bb css=\u00bb.vc_custom_1725723529836{background-image: url(http:\/\/kusikawsay.org\/wp-content\/uploads\/2024\/09\/kusi_kawsay_banner_cantoepoca_banner.jpg?id=3700) !important;}\u00bb][vc_column width=\u00bb1\/2&#8243; css=\u00bb.vc_custom_1725723651058{padding-top: 0px !important;}\u00bb][\/vc_column][vc_column width=\u00bb1\/2&#8243; css=\u00bb.vc_custom_1726877242499{margin-top: 0px !important;padding-top: 0px !important;background-color: rgba(255,255,255,0.85) !important;*background-color: rgb(255,255,255) !important;}\u00bb][vc_custom_heading text=\u00bb<br \/>\n          <strong>DONAR AHORA<\/strong><br \/>\n        \u00bb font_container=\u00bbtag:h4|text_align:left\u00bb use_theme_fonts=\u00bbyes\u00bb css=\u00bb.vc_custom_1726877227630{padding-top: 50px !important;padding-right: 25px !important;padding-left: 25px !important;}\u00bb][vc_separator color=\u00bbcustom\u00bb align=\u00bbalign_left\u00bb border_width=\u00bb3&#8243; el_width=\u00bb20&#8243; css=\u00bb.vc_custom_1725723780344{margin-bottom: 15px !important;padding-top: 15px !important;padding-bottom: 15px !important;}\u00bb accent_color=\u00bb#02a4e2&#8243;][vc_column_text css=\u00bb.vc_custom_1726877251038{padding-right: 25px !important;padding-left: 25px !important;}\u00bb]<\/p>\n<h6 style=\"text-align: justify;\">\u00a1Hay tantas opciones para donar a la Asociaci\u00f3n Kusi Kawsay!<\/h6>\n<p>[\/vc_column_text][\/vc_column][\/vc_row][vc_row full_width=\u00bbstretch_row\u00bb css=\u00bb.vc_custom_1725475507138{padding-top: 50px !important;padding-bottom: 50px !important;background-color: #ffffff !important;}\u00bb][vc_column][vc_text_separator title=\u00bbDando\u00bb color=\u00bbcustom\u00bb style=\u00bbshadow\u00bb border_width=\u00bb4&#8243; accent_color=\u00bb#02a4e2&#8243;][vc_row_inner content_placement=\u00bbmiddle\u00bb css=\u00bb.vc_custom_1763135554017{padding-top: 10px !important;}\u00bb][vc_column_inner]\t\t\t<div class=\"wpb_content_element\">\n\t\t\t\t<div class=\"zass-iconbox\">\n\t\t\t\t\t<div class=\"icon_wrapper\">\n\t\t\t\t\t\t<span class=\"icon_inner\" style=\"background-color:#02a4e2;\">\n\t\t\t\t\t\t\t\t\t\t\t\t\t\t\t<i class=\"fas fa-hand-holding-heart\"><\/i>\n\t\t\t\t\t\t\t\t\t\t\t\t\t<\/span>\n\t\t\t\t\t<\/div>\n\t\t\t\t\t<div class=\"iconbox_content\">\n\t\t\t\t\t\t\t\t\t\t\t\t\t\t\t\t\t\t<div class=\"iconbox_text_content\">\n\t\t\t\t\t\t\t<\/p>\n<p style=\"text-align: center;\">Hay muchas formas de donar a la Asociaci\u00f3n Kusi Kawsay<\/p>\n<p style=\"text-align: center;\">\n            <strong>Cuando damos, Kusi Kawsay florece, y recibimos, en una espiral infinita de reciprocidad.<\/strong>\n          <\/p>\n<blockquote>\n<p style=\"text-align: justify;\">\u00bfC\u00f3mo puede Kusi Kawsay ser tan inspirador para un mundo mejor? <em>Cuando damos, Kusi Kawsay florece, y recibimos en una espiral infinita de reciprocidad.<\/em><\/p>\n<\/blockquote>\n<p style=\"text-align: justify;\">La generosidad de toda nuestra comunidad de familiares, amigos, voluntarios, exalumnos, madres y padres, profesores, junto con nuestra red de socios y aliados, permite a Kusi Kawsay honrar la cultura ind\u00edgena y lograr metas de educaci\u00f3n innovadora e integral para el desarrollo sostenible cruciales para nuestras generaciones futuras. Estamos agradecidos con todos los que forman parte de este incre\u00edble e inspirador compromiso. <\/p>\n<p style=\"text-align: justify;\">Cada donaci\u00f3n ayuda a que florezcan los valiosos proyectos de Kusi Kawsay apoyando el crecimiento y proporcionando un futuro sostenible para las pr\u00f3ximas generaciones. <\/p>\n<p>\t\t\t\t\t\t<\/div>\n\t\t\t\t\t<\/div>\n\t\t\t\t<\/div>\n\t\t\t<\/div>\n\t\t\t[\/vc_column_inner][\/vc_row_inner][\/vc_column][\/vc_row][vc_row full_width=\u00bbstretch_row\u00bb css=\u00bb.vc_custom_1725475507138{padding-top: 50px !important;padding-bottom: 50px !important;background-color: #ffffff !important;}\u00bb][vc_column][vc_text_separator title=\u00bbManeras de Donar\u00bb color=\u00bbcustom\u00bb style=\u00bbshadow\u00bb border_width=\u00bb4&#8243; accent_color=\u00bb#02a4e2&#8243;][vc_row_inner content_placement=\u00bbmiddle\u00bb css=\u00bb.vc_custom_1763135554017{padding-top: 10px !important;}\u00bb][vc_column_inner]\t\t\t<div class=\"wpb_content_element\">\n\t\t\t\t<div class=\"zass-iconbox\">\n\t\t\t\t\t<div class=\"icon_wrapper\">\n\t\t\t\t\t\t<span class=\"icon_inner\" style=\"background-color:#02a4e2;\">\n\t\t\t\t\t\t\t\t\t\t\t\t\t\t\t<i class=\"far fa-heart\"><\/i>\n\t\t\t\t\t\t\t\t\t\t\t\t\t<\/span>\n\t\t\t\t\t<\/div>\n\t\t\t\t\t<div class=\"iconbox_content\">\n\t\t\t\t\t\t\t\t\t\t\t\t\t\t\t\t\t\t<div class=\"iconbox_text_content\">\n\t\t\t\t\t\t\t<\/p>\n<p style=\"text-align: left;\">\n            <strong>En L\u00ednea<\/strong>\n          <\/p>\n<p style=\"text-align: justify;\">Puede donar de manera r\u00e1pida y sencilla utilizando nuestro sistema de pago seguro con Tarjeta de D\u00e9bito o Cr\u00e9dito y PayPal, a trav\u00e9s de nuestro bot\u00f3n DONAR AHORA. Las donaciones se pueden realizar mediante un solo pago o programando varios pagos a lo largo del a\u00f1o (por ejemplo, donaciones mensuales recurrentes). Todas las donaciones en l\u00ednea pasan por Pachamama\u2019s Path, nuestro 501 (c) (3) en los Estados Unidos, y son deducibles de impuestos en los Estados Unidos.<br \/>\nPachamama\u2019s Path est\u00e1 inscrito en <a href=\"http:\/\/paypal.com\/us\/fundraiser\/charity\/1657935\"><span style=\"color: #009b7e !important;\">PayPal Giving Fund and Grant Payments.<\/span><\/a>  <\/p>\n<p style=\"text-align: left;\">\n            <strong>Cheque<\/strong>\n          <\/p>\n<p style=\"text-align: justify;\">Puede donar a Kusi Kawsay mediante cheque a trav\u00e9s de Pachamama\u2019s Path, nuestro 501(c)(3) en los Estados Unidos. Las donaciones a trav\u00e9s de Pachamama\u2019s Path son deducibles de impuestos en los Estados Unidos. Env\u00edenos un correo electr\u00f3nico para informarnos cuando env\u00ede una donaci\u00f3n por correo con cheque. Haga cheques a nombre de Pachamama\u2019s Path y env\u00edelos a:<br \/>\nPachamama\u2019s Path<br \/>\n629 Flamingo Dr.<br \/>\nWest Palm Beach, Florida 33401  <\/p>\n<p style=\"text-align: left;\">\n            <strong>Transferencia bancaria<\/strong>\n          <\/p>\n<p style=\"text-align: justify;\">Si desea transferir su donaci\u00f3n, comun\u00edquese con nosotros para que podamos brindarle instrucciones de transferencia bancaria para nuestras cuentas de la Asociaci\u00f3n Kusi Kawsay en Per\u00fa (PEN, USD), nuestra cuenta en los Estados Unidos a trav\u00e9s de Pachamama\u2019s Path (USD) y nuestra cuenta en Alemania a trav\u00e9s de IntiPunku (EUROS). Tambi\u00e9n contamos con la posibilidad de recibir donaciones con recibo en Suiza. Al realizar una transferencia bancaria, por favor env\u00edenos un correo electr\u00f3nico con los detalles, incluido el nombre del donante y la designaci\u00f3n del regalo. <\/p>\n<p style=\"text-align: left;\">\n            <strong>Acciones Financieras<\/strong>\n          <\/p>\n<p style=\"text-align: justify;\">Para hacer un regalo de stock, por favor p\u00f3ngase en contacto con nosotros para informaci\u00f3n de valores donados en Per\u00fa y EE. UU. Todos los valores donados a Pachamama\u2019s Path en los EE. UU. deben colocarse a nombre de Pachamama\u2019s Path antes de ser vendidos; de lo contrario, usted ser\u00e1 responsable de pagar el impuesto sobre las ganancias de capital. Adem\u00e1s, aseg\u00farese de indicarle a su corredor que se comunique con Pachamama\u2019s Path para informarnos que su donaci\u00f3n est\u00e1 siendo transferida.<br \/>\nLa donaci\u00f3n de valores apreciados que se han mantenido durante m\u00e1s de un a\u00f1o permite al donante evitar todos los impuestos sobre las ganancias de capital sobre la parte apreciada de las acciones, calificar para una deducci\u00f3n fiscal igual al valor justo de mercado total de las acciones y hacer una donaci\u00f3n mayor de lo que podr\u00eda ser posible de otra manera.  <\/p>\n<p style=\"text-align: left;\">\n            <strong>Donaciones Equivalentes<\/strong>\n          <\/p>\n<p style=\"text-align: justify;\">Muchas corporaciones ofrecen programas de donaciones equivalentes para colaboradores y sus familias. La mayor\u00eda de los programas igualan 1:1, pero hay algunas empresas que igualan 2:1 e incluso 3: 1. Esta es una gran oportunidad para aumentar su donaci\u00f3n en apoyo de Kusi Kawsay. Para multiplicar su donaci\u00f3n de esta manera, comun\u00edquese con su oficina de recursos humanos para preguntar sobre el m\u00e9todo para que su empleador (o el de su pareja) haga coincidir su donaci\u00f3n.   <\/p>\n<p style=\"text-align: left;\">\n            <strong>Pledges<\/strong>\n          <\/p>\n<p style=\"text-align: justify;\">Las promesas de donaciones pueden hacerse durante un per\u00edodo m\u00e1s largo. Kusi Kawsay est\u00e1 cultivando compromisos m\u00e1s profundos con nuestros donantes para asegurar un futuro sostenible. Le damos la bienvenida a ser parte de este compromiso a largo plazo y nos encantar\u00eda estar en contacto para establecer un plan, ya sean donaciones mensuales o anuales.  <\/p>\n<p style=\"text-align: left;\">\n            <strong>Donaciones Planificadas<\/strong>\n          <\/p>\n<p style=\"text-align: justify;\">Seria un gran honor que Kusi Kawsay sea una prioridad en su planificaci\u00f3n filantr\u00f3pica de su legado. Nos encantar\u00eda estar en contacto para conversar de un obsequio planificado. <\/p>\n<p>\t\t\t\t\t\t<\/div>\n\t\t\t\t\t<\/div>\n\t\t\t\t<\/div>\n\t\t\t<\/div>\n\t\t\t[\/vc_column_inner][\/vc_row_inner][\/vc_column][\/vc_row][vc_row full_width=\u00bbstretch_row\u00bb css=\u00bb.vc_custom_1763137623369{padding-top: 50px !important;padding-bottom: 20px !important;background-color: #ffffff !important;}\u00bb][vc_column][vc_text_separator title=\u00bbCont\u00e1ctanos\u00bb color=\u00bbcustom\u00bb style=\u00bbshadow\u00bb border_width=\u00bb4&#8243; accent_color=\u00bb#02a4e2&#8243;][vc_row_inner content_placement=\u00bbmiddle\u00bb css=\u00bb.vc_custom_1763135554017{padding-top: 10px !important;}\u00bb][vc_column_inner]\t\t\t<div class=\"wpb_content_element\">\n\t\t\t\t<div class=\"zass-iconbox\">\n\t\t\t\t\t<div class=\"icon_wrapper\">\n\t\t\t\t\t\t<span class=\"icon_inner\" style=\"background-color:#02a4e2;\">\n\t\t\t\t\t\t\t\t\t\t\t\t\t\t\t<i class=\"fas fa-envelope-open\"><\/i>\n\t\t\t\t\t\t\t\t\t\t\t\t\t<\/span>\n\t\t\t\t\t<\/div>\n\t\t\t\t\t<div class=\"iconbox_content\">\n\t\t\t\t\t\t\t\t\t\t\t\t\t\t\t\t\t\t<div class=\"iconbox_text_content\">\n\t\t\t\t\t\t\t<\/p>\n<p style=\"text-align: justify;\">Puede comunicarse<span style=\"color: #009b7e !important;\"> <\/span><a href=\"mailto:info@pachamamaspath.org\"><span style=\"color: #009b7e !important;\">info@pachamamaspath.org<\/span><\/a> o <span style=\"color: #009b7e !important;\"><a style=\"color: #009b7e !important;\" href=\"mailto:development@kusikawsay.org\">development@kusikawsay.org<\/a><\/span>. con cualquier pregunta, si necesita m\u00e1s informaci\u00f3n, o si desea dar de una manera no mencionado. <\/p>\n<blockquote>\n<p style=\"text-align: justify;\">Pachamama\u2019s Path e <span style=\"color: #009b7e !important;\"><a style=\"color: #009b7e !important;\" href=\"https:\/\/inti-punku.de\/\">IntiPunku<\/a><\/span> son organizaciones hermanas de Kusi Kawsay, y todas las donaciones llegan a Kusi Kawsay.<\/p>\n<p style=\"text-align: justify;\"><a href=\"https:\/\/pachamamaspath.org\/\"><em><span style=\"color: #009b7e !important;\">Pachamama\u2019s Path<\/span><\/em><\/a><em>, es una organizaci\u00f3n ben\u00e9fica p\u00fablica de la Secci\u00f3n 501(c)(3) del IRS registrada en el Estado de Florida, EE. UU. por lo cual contribuciones a Pachamama\u2019s Path son deducibles de impuestos seg\u00fan la Secci\u00f3n 170 del C\u00f3digo del IRS, con cualquier forma de pago que elija utilizar (en l\u00ednea, cheque, transferencia<br \/>bancaria). Tambi\u00e9n estamos calificados para recibir solicitudes, dispositivos, transferencias u obsequios deducibles de impuestos seg\u00fan las secciones 2055, 2106 o 2522 del C\u00f3digo. P\u00f3ngase en contacto con su contador para conocer detalles.  <\/em><em>Las donaciones a trav\u00e9s de Pachamama\u2019s Path son deducibles de impuestos en los Estados Unidos para donaciones de $250 y m\u00e1s.<\/em><\/p>\n<p style=\"text-align: justify;\">En Alemania donaciones a <a href=\"https:\/\/inti-punku.de\/\"><span style=\"color: #009b7e !important;\">Inti Punku<\/span>,<\/a> reciben una deducci\u00f3n fiscal por donaciones superiores a 200 euros.<span style=\"color: #009b7e !important;\"> <a style=\"color: #009b7e !important;\" href=\"mailto:pachamamaspath@gmail.com\">info@inti-punku.de<\/a><\/span><\/p>\n<\/blockquote>\n<p style=\"text-align: justify;\">Las donaciones ayudan a cubrir nuestro presupuesto operativo anual. Desde la capacitaci\u00f3n de maestras hasta participaci\u00f3n comunal, desde programas de bienestar hasta talleres para madres y padres, desde becas hasta celebraciones e intercambios culturales, desde pr\u00e1cticas agrarias hasta materiales y tecnolog\u00eda para el aula, las donaciones anuales sostienen una experiencia vibrante: acad\u00e9mica, art\u00edstica, cultural, espiritual y emocional, promoviendo \u00e9l bienestar del Sumak Kawsay. <\/p>\n<p>\t\t\t\t\t\t<\/div>\n\t\t\t\t\t<\/div>\n\t\t\t\t<\/div>\n\t\t\t<\/div>\n\t\t\t[\/vc_column_inner][\/vc_row_inner][\/vc_column][\/vc_row][vc_row full_width=\u00bbstretch_row\u00bb css=\u00bb.vc_custom_1763137445526{padding-top: 10px !important;padding-bottom: 10px !important;background-color: #ffffff !important;}\u00bb][vc_column][vc_single_image image=\u00bb1380&#8243; alignment=\u00bbcenter\u00bb][vc_column_text]<\/p>\n<h3 id=\"kt-adv-heading_8455d6-4c\" class=\"kt-adv-heading_8455d6-4c wp-block-kadence-advancedheading\" style=\"text-align: center;\">\n            <strong>Urpillay Sonqollay<\/strong><br \/>\n          <\/h3>\n<h5 class=\"kt-adv-heading_8455d6-4c wp-block-kadence-advancedheading\" style=\"text-align: center;\">expresi\u00f3n de profunda gratitud<\/h5>\n<h5 style=\"text-align: center;\">for your support and for being an important part of this vision<\/h5>\n<p>[\/vc_column_text][vc_empty_space height=\u00bb80px\u00bb][\/vc_column][\/vc_row]<\/p>\n<\/section>","protected":false},"excerpt":{"rendered":"<p>[vc_row full_width=\u00bbstretch_row\u00bb full_height=\u00bbyes\u00bb columns_placement=\u00bbtop\u00bb parallax=\u00bbcontent-moving\u00bb css=\u00bb.vc_custom_1725723529836{background-image: url(http:\/\/kusikawsay.org\/wp-content\/uploads\/2024\/09\/kusi_kawsay_banner_cantoepoca_banner.jpg?id=3700) !important;}\u00bb][vc_column width=\u00bb1\/2&#8243; css=\u00bb.vc_custom_1725723651058{padding-top: 0px !important;}\u00bb][\/vc_column][vc_column width=\u00bb1\/2&#8243; css=\u00bb.vc_custom_1726877242499{margin-top: 0px !important;padding-top: 0px !important;background-color: rgba(255,255,255,0.85) !important;*background-color: rgb(255,255,255) !important;}\u00bb][vc_custom_heading text=\u00bb DONAR AHORA \u00bb font_container=\u00bbtag:h4|text_align:left\u00bb use_theme_fonts=\u00bbyes\u00bb css=\u00bb.vc_custom_1726877227630{padding-top: 50px !important;padding-right: 25px !important;padding-left: 25px !important;}\u00bb][vc_separator color=\u00bbcustom\u00bb align=\u00bbalign_left\u00bb border_width=\u00bb3&#8243; el_width=\u00bb20&#8243; css=\u00bb.vc_custom_1725723780344{margin-bottom: 15px !important;padding-top: 15px !important;padding-bottom: 15px !important;}\u00bb accent_color=\u00bb#02a4e2&#8243;][vc_column_text css=\u00bb.vc_custom_1726877251038{padding-right: 25px !important;padding-left: 25px !important;}\u00bb] \u00a1Hay tantas opciones &#8230;<a class=\"r_more_blog\" href=\"https:\/\/kusikawsay.org\/es\/como-donar\/#more-4756\"><i class=\"fa fa-sign-in\"><\/i> read more<\/a><\/p>\n","protected":false},"author":1,"featured_media":0,"parent":0,"menu_order":0,"comment_status":"closed","ping_status":"closed","template":"","meta":{"footnotes":""},"class_list":["post-4756","page","type-page","status-publish","hentry"],"_links":{"self":[{"href":"https:\/\/kusikawsay.org\/es\/wp-json\/wp\/v2\/pages\/4756","targetHints":{"allow":["GET"]}}],"collection":[{"href":"https:\/\/kusikawsay.org\/es\/wp-json\/wp\/v2\/pages"}],"about":[{"href":"https:\/\/kusikawsay.org\/es\/wp-json\/wp\/v2\/types\/page"}],"author":[{"embeddable":true,"href":"https:\/\/kusikawsay.org\/es\/wp-json\/wp\/v2\/users\/1"}],"replies":[{"embeddable":true,"href":"https:\/\/kusikawsay.org\/es\/wp-json\/wp\/v2\/comments?post=4756"}],"version-history":[{"count":55,"href":"https:\/\/kusikawsay.org\/es\/wp-json\/wp\/v2\/pages\/4756\/revisions"}],"predecessor-version":[{"id":6585,"href":"https:\/\/kusikawsay.org\/es\/wp-json\/wp\/v2\/pages\/4756\/revisions\/6585"}],"wp:attachment":[{"href":"https:\/\/kusikawsay.org\/es\/wp-json\/wp\/v2\/media?parent=4756"}],"curies":[{"name":"wp","href":"https:\/\/api.w.org\/{rel}","templated":true}]}}