{"id":4804,"date":"2024-09-09T16:44:07","date_gmt":"2024-09-09T16:44:07","guid":{"rendered":"http:\/\/kusikawsay.org\/colaboraciones\/"},"modified":"2024-09-21T08:50:49","modified_gmt":"2024-09-21T08:50:49","slug":"colaboraciones","status":"publish","type":"page","link":"https:\/\/kusikawsay.org\/es\/colaboraciones\/","title":{"rendered":"Colaboraciones"},"content":{"rendered":"<section class=\"wpb-content-wrapper\"><p>[vc_row full_width=\u00bbstretch_row\u00bb full_height=\u00bbyes\u00bb columns_placement=\u00bbtop\u00bb parallax=\u00bbcontent-moving\u00bb css=\u00bb.vc_custom_1725900244646{background-image: url(http:\/\/kusikawsay.org\/wp-content\/uploads\/2024\/09\/kusi_kawsay_pukllay_pizarra.jpg?id=3653) !important;}\u00bb][vc_column width=\u00bb1\/2&#8243; css=\u00bb.vc_custom_1725723651058{padding-top: 0px !important;}\u00bb][\/vc_column][vc_column width=\u00bb1\/2&#8243; css=\u00bb.vc_custom_1726908584846{margin-top: 0px !important;padding-top: 0px !important;background-color: rgba(255,255,255,0.85) !important;*background-color: rgb(255,255,255) !important;}\u00bb][vc_custom_heading text=\u00bb<br \/>\n          <strong>COLABORAR<\/strong><br \/>\n        \u00bb font_container=\u00bbtag:h4|text_align:left\u00bb use_theme_fonts=\u00bbyes\u00bb css=\u00bb.vc_custom_1726908590985{padding-top: 50px !important;padding-right: 25px !important;padding-left: 25px !important;}\u00bb][vc_separator color=\u00bbcustom\u00bb align=\u00bbalign_left\u00bb border_width=\u00bb3&#8243; el_width=\u00bb20&#8243; css=\u00bb.vc_custom_1725723780344{margin-bottom: 15px !important;padding-top: 15px !important;padding-bottom: 15px !important;}\u00bb accent_color=\u00bb#02a4e2&#8243;][\/vc_column][\/vc_row][vc_row full_width=\u00bbstretch_row\u00bb css=\u00bb.vc_custom_1725895474263{padding-top: 50px !important;padding-bottom: 50px !important;background-color: #ffffff !important;}\u00bb][vc_column][vc_text_separator title=\u00bbColaboraciones y Asociaciones\u00bb color=\u00bbcustom\u00bb style=\u00bbshadow\u00bb border_width=\u00bb4&#8243; accent_color=\u00bb#02a4e2&#8243;][vc_column_text]<\/p>\n<h6 style=\"text-align: justify;\">Kusi Kawsay ha tenido la suerte de colaborar y asociarse con muchas organizaciones y personas incre\u00edbles. Su tiempo y experiencia enriquecen los proyectos de Kusi Kawsay en m\u00faltiples \u00e1reas, desde asistentes de aula, mentores de formaci\u00f3n docente, profesionales de la fotograf\u00eda y los medios de comunicaci\u00f3n, mentores de desarrollo, consultores de recaudaci\u00f3n de fondos, editores de boletines y mucho m\u00e1s. El valor en especie es de gran apoyo y profundamente apreciado. Estos recursos y orientaci\u00f3n compartidos son invaluables para el \u00e9xito de Kusi Kawsay.   <\/h6>\n<p>[\/vc_column_text][vc_column_text]<\/p>\n<h6 style=\"text-align: justify;\">Tambi\u00e9n tenemos la alegr\u00eda de compartir nuestra experiencia con otras escuelas e iniciativas educativas \/ culturales que consideramos como socios importantes. Es parte de nuestra visi\u00f3n crear y nutrir redes y alianzas, ya que esperamos inspirarnos y aprender unos de otros y pretendemos que nuestro trabajo se extienda por todas partes y beneficie a la mayor cantidad de personas posible. La escuela Kurmi Wasi en Bolivia, la escuela Pukllasunchis en Cusco, la escuela Wi\u00f1aypaq en Pisac, el proyecto Yanpanacusun en Cusco y la red de escuelas afiliadas a la UNESCO son solo algunas de las iniciativas con las que colaboramos en muchos niveles, y estamos constantemente buscando crear nuevas alianzas.  <\/h6>\n<p>[\/vc_column_text][vc_column_text]<\/p>\n<h6 style=\"text-align: justify;\">Si desea colaborar con Kusi Kawsay, cont\u00e1ctenos en <span style=\"color: #009b7e !important;\"><a style=\"color: #009b7e !important;\" href=\"mailto:development@kusikawsay.org\" target=\"_blank\" rel=\"noopener\">development@kusikawsay.org<\/a><\/span><\/h6>\n<p>[\/vc_column_text][\/vc_column][\/vc_row]<\/p>\n<\/section>","protected":false},"excerpt":{"rendered":"<p>[vc_row full_width=\u00bbstretch_row\u00bb full_height=\u00bbyes\u00bb columns_placement=\u00bbtop\u00bb parallax=\u00bbcontent-moving\u00bb css=\u00bb.vc_custom_1725900244646{background-image: url(http:\/\/kusikawsay.org\/wp-content\/uploads\/2024\/09\/kusi_kawsay_pukllay_pizarra.jpg?id=3653) !important;}\u00bb][vc_column width=\u00bb1\/2&#8243; css=\u00bb.vc_custom_1725723651058{padding-top: 0px !important;}\u00bb][\/vc_column][vc_column width=\u00bb1\/2&#8243; css=\u00bb.vc_custom_1726908584846{margin-top: 0px !important;padding-top: 0px !important;background-color: rgba(255,255,255,0.85) !important;*background-color: rgb(255,255,255) !important;}\u00bb][vc_custom_heading text=\u00bb COLABORAR \u00bb font_container=\u00bbtag:h4|text_align:left\u00bb use_theme_fonts=\u00bbyes\u00bb css=\u00bb.vc_custom_1726908590985{padding-top: 50px !important;padding-right: 25px !important;padding-left: 25px !important;}\u00bb][vc_separator color=\u00bbcustom\u00bb align=\u00bbalign_left\u00bb border_width=\u00bb3&#8243; el_width=\u00bb20&#8243; css=\u00bb.vc_custom_1725723780344{margin-bottom: 15px !important;padding-top: 15px !important;padding-bottom: 15px !important;}\u00bb accent_color=\u00bb#02a4e2&#8243;][\/vc_column][\/vc_row][vc_row full_width=\u00bbstretch_row\u00bb css=\u00bb.vc_custom_1725895474263{padding-top: 50px !important;padding-bottom: 50px !important;background-color: #ffffff !important;}\u00bb][vc_column][vc_text_separator title=\u00bbColaboraciones &#8230;<a class=\"r_more_blog\" href=\"https:\/\/kusikawsay.org\/es\/colaboraciones\/#more-4804\"><i class=\"fa fa-sign-in\"><\/i> read more<\/a><\/p>\n","protected":false},"author":1,"featured_media":0,"parent":0,"menu_order":0,"comment_status":"closed","ping_status":"closed","template":"","meta":{"footnotes":""},"class_list":["post-4804","page","type-page","status-publish","hentry"],"_links":{"self":[{"href":"https:\/\/kusikawsay.org\/es\/wp-json\/wp\/v2\/pages\/4804","targetHints":{"allow":["GET"]}}],"collection":[{"href":"https:\/\/kusikawsay.org\/es\/wp-json\/wp\/v2\/pages"}],"about":[{"href":"https:\/\/kusikawsay.org\/es\/wp-json\/wp\/v2\/types\/page"}],"author":[{"embeddable":true,"href":"https:\/\/kusikawsay.org\/es\/wp-json\/wp\/v2\/users\/1"}],"replies":[{"embeddable":true,"href":"https:\/\/kusikawsay.org\/es\/wp-json\/wp\/v2\/comments?post=4804"}],"version-history":[{"count":6,"href":"https:\/\/kusikawsay.org\/es\/wp-json\/wp\/v2\/pages\/4804\/revisions"}],"predecessor-version":[{"id":5291,"href":"https:\/\/kusikawsay.org\/es\/wp-json\/wp\/v2\/pages\/4804\/revisions\/5291"}],"wp:attachment":[{"href":"https:\/\/kusikawsay.org\/es\/wp-json\/wp\/v2\/media?parent=4804"}],"curies":[{"name":"wp","href":"https:\/\/api.w.org\/{rel}","templated":true}]}}