{"id":4827,"date":"2024-09-05T23:03:08","date_gmt":"2024-09-05T23:03:08","guid":{"rendered":"http:\/\/kusikawsay.org\/proyectos\/"},"modified":"2024-09-19T22:40:31","modified_gmt":"2024-09-19T22:40:31","slug":"proyectos","status":"publish","type":"page","link":"https:\/\/kusikawsay.org\/es\/proyectos\/","title":{"rendered":"Proyectos"},"content":{"rendered":"<section class=\"wpb-content-wrapper\"><p>[vc_row full_width=\u00bbstretch_row\u00bb full_height=\u00bbyes\u00bb columns_placement=\u00bbtop\u00bb parallax=\u00bbcontent-moving\u00bb css=\u00bb.vc_custom_1725709383675{background-image: url(http:\/\/kusikawsay.org\/wp-content\/uploads\/2024\/09\/ausangate_1.jpg?id=3411) !important;}\u00bb][vc_column width=\u00bb1\/2&#8243; css=\u00bb.vc_custom_1478075257916{padding-top: 0px !important;}\u00bb][\/vc_column][vc_column width=\u00bb1\/2&#8243; css=\u00bb.vc_custom_1725709845514{margin-top: 0px !important;padding-top: 0px !important;}\u00bb][\/vc_column][\/vc_row][vc_row css=\u00bb.vc_custom_1726785469836{padding-top: 50px !important;}\u00bb][vc_column][vc_custom_heading text=\u00bbProyectos\u00bb font_container=\u00bbtag:h3|text_align:center\u00bb use_theme_fonts=\u00bbyes\u00bb][vc_column_text]<\/p>\n<blockquote>\n<h6 style=\"text-align: justify;\">La Asociaci\u00f3n Kusi Kawsay fomenta la conciencia global y el respeto de la diversidad cultural y ecol\u00f3gica, honrando la sabidur\u00eda de las tradiciones ind\u00edgenas y cultivando la unidad de los seres humanos en un marco de reciprocidad, respeto y justicia social a trav\u00e9s de sus tres iniciativas: <a href=\"http:\/\/kusikawsay.org\/es\/proyecto-educativo-andino-kusi-kawsay\/\"><span style=\"color: #009b7e;\">Proyecto Educativo Andino Kusi Kawsay<\/span><\/a>, <a href=\"http:\/\/kusikawsay.org\/es\/proyecto-agricola-andino-kusi-nan\/\"><span style=\"color: #009b7e;\">Proyecto Agr\u00edcola Andino Kusi \u00d1an<\/span><\/a> y <a href=\"http:\/\/kusikawsay.org\/es\/proyecto-cultural-andino-nawpa-nan\/\"><span style=\"color: #009b7e;\">Proyecto Cultural Andino \u00d1awpa \u00d1an<\/span><\/a>.<\/h6>\n<\/blockquote>\n<p>[\/vc_column_text][vc_column_text]<\/p>\n<h6 style=\"text-align: justify;\">Adem\u00e1s, la Asociaci\u00f3n organiza talleres, eventos especiales, intercambios culturales y otras actividades educativas integrales que refuerzan, promueven y protegen los valores y conocimientos de la cultura andina y de esta manera, empoderar el modo de vida tradicional en peligro.<\/h6>\n<p>[\/vc_column_text][\/vc_column][\/vc_row][vc_row general_row_align=\u00bbzass-align-center\u00bb css=\u00bb.vc_custom_1726785519850{margin-bottom: 0px !important;padding-top: 20px !important;padding-bottom: 80px !important;background-color: #ffffff !important;}\u00bb][vc_column][vc_row_inner][vc_column_inner width=\u00bb1\/3&#8243; css=\u00bb.vc_custom_1725459615829{border-top-width: 1px !important;border-right-width: 1px !important;border-bottom-width: 1px !important;border-left-width: 1px !important;border-left-color: #009b7e !important;border-left-style: solid !important;border-right-color: #009b7e !important;border-right-style: solid !important;border-top-color: #009b7e !important;border-top-style: solid !important;border-bottom-color: #009b7e !important;border-bottom-style: solid !important;border-radius: 2px !important;}\u00bb][vc_single_image image=\u00bb3056&#8243; img_size=\u00bbfull\u00bb alignment=\u00bbcenter\u00bb style=\u00bbvc_box_rounded\u00bb onclick=\u00bbcustom_link\u00bb link=\u00bbhttp:\/\/kusikawsay.org\/es\/proyecto-educativo-andino-kusi-kawsay\/\u00bb][vc_custom_heading text=\u00bb<br \/>\n          <strong>PROYECTO EDUCATIVO ANDINO KUSI KAWSAY<\/strong><br \/>\n        \u00bb font_container=\u00bbtag:h5|text_align:center\u00bb use_theme_fonts=\u00bbyes\u00bb][vc_separator color=\u00bbcustom\u00bb align=\u00bbalign_left\u00bb border_width=\u00bb3&#8243; el_width=\u00bb20&#8243; css=\u00bb.vc_custom_1680530203997{margin-bottom: 15px !important;padding-top: 15px !important;padding-bottom: 15px !important;}\u00bb accent_color=\u00bb#f8c014&#8243;][vc_column_text]<\/p>\n<h6 style=\"text-align: justify;\">La Escuela Andina Kusi Kawsay es una escuela aut\u00f3noma y sin fines de lucro arraigada en la tradici\u00f3n andina con elementos de la pedagog\u00eda Waldorf que empodera a los ni\u00f1os con problemas econ\u00f3micos de la regi\u00f3n de Pisac para que se conviertan en adultos j\u00f3venes seguros y l\u00edderes para el futuro. Somos una escuela mixta acreditada por el Ministerio de Educaci\u00f3n del Per\u00fa, sirviendo desde Jard\u00edn de infancia hasta el nivel Secundaria.<\/h6>\n<p>[\/vc_column_text][vc_wp_text]<\/p>\n<div class=\"vc_btn3-container vc_btn3-center\"><a class=\"go_to_page go_to_page_blog\" title=\"Ver\" href=\"http:\/\/kusikawsay.org\/es\/proyecto-educativo-andino-kusi-kawsay\/\"><button class=\"vc_general vc_btn3 vc_btn3-size-md vc_btn3-shape-rounded vc_btn3-style-3d vc_btn3-icon-left vc_btn3-color-grey\" style=\"background-color: #ebebeb; color: #009b7e;\">VER KUSI KAWSAY<\/button><\/a><\/div>\n<p>[\/vc_wp_text][\/vc_column_inner][vc_column_inner width=\u00bb1\/3&#8243; css=\u00bb.vc_custom_1725459622340{border-top-width: 1px !important;border-right-width: 1px !important;border-bottom-width: 1px !important;border-left-width: 1px !important;border-left-color: #009b7e !important;border-left-style: solid !important;border-right-color: #009b7e !important;border-right-style: solid !important;border-top-color: #009b7e !important;border-top-style: solid !important;border-bottom-color: #009b7e !important;border-bottom-style: solid !important;border-radius: 2px !important;}\u00bb][vc_single_image image=\u00bb2928&#8243; img_size=\u00bbfull\u00bb alignment=\u00bbcenter\u00bb style=\u00bbvc_box_rounded\u00bb onclick=\u00bbcustom_link\u00bb link=\u00bbhttp:\/\/kusikawsay.org\/es\/proyecto-agricola-andino-kusi-nan\/\u00bb][vc_custom_heading text=\u00bb<br \/>\n          <strong>PROYECTO AGR\u00cdCOLA ANDINO KUSI \u00d1AN<\/strong><br \/>\n        \u00bb font_container=\u00bbtag:h5|text_align:center\u00bb use_theme_fonts=\u00bbyes\u00bb][vc_separator color=\u00bbcustom\u00bb align=\u00bbalign_left\u00bb border_width=\u00bb3&#8243; el_width=\u00bb20&#8243; css=\u00bb.vc_custom_1680530203997{margin-bottom: 15px !important;padding-top: 15px !important;padding-bottom: 15px !important;}\u00bb accent_color=\u00bb#f8c014&#8243;][vc_column_text]<\/p>\n<h6 style=\"text-align: justify;\">Kusi \u00d1an es una Finca Org\u00e1nica creada por los egresados de la Escuela Andina Kusi Kawsay. Inspirados por su educaci\u00f3n Kusi Kawsay, los primeros graduados (2012) estaban motivados para revitalizar y recuperar su cultura contribuyendo a su comunidad como agentes de cambio. Kusi \u00d1an sirve como modelo para la adaptaci\u00f3n y mitigaci\u00f3n del Cambio Clim\u00e1tico.<\/h6>\n<p>[\/vc_column_text][vc_empty_space height=\u00bb10px\u00bb][vc_wp_text]<\/p>\n<div class=\"vc_btn3-container vc_btn3-center\"><a class=\"go_to_page go_to_page_blog\" title=\"Ver\" href=\"http:\/\/kusikawsay.org\/es\/proyecto-agricola-andino-kusi-nan\/\"><button class=\"vc_general vc_btn3 vc_btn3-size-md vc_btn3-shape-rounded vc_btn3-style-3d vc_btn3-icon-left vc_btn3-color-grey\" style=\"background-color: #ebebeb; color: #009b7e;\">VER KUSI \u00d1AN<\/button><\/a><\/div>\n<p>[\/vc_wp_text][\/vc_column_inner][vc_column_inner width=\u00bb1\/3&#8243; css=\u00bb.vc_custom_1725459629800{border-top-width: 1px !important;border-right-width: 1px !important;border-bottom-width: 1px !important;border-left-width: 1px !important;border-left-color: #009b7e !important;border-left-style: solid !important;border-right-color: #009b7e !important;border-right-style: solid !important;border-top-color: #009b7e !important;border-top-style: solid !important;border-bottom-color: #009b7e !important;border-bottom-style: solid !important;border-radius: 2px !important;}\u00bb][vc_single_image image=\u00bb2923&#8243; img_size=\u00bbfull\u00bb alignment=\u00bbcenter\u00bb style=\u00bbvc_box_rounded\u00bb onclick=\u00bbcustom_link\u00bb link=\u00bbhttp:\/\/kusikawsay.org\/es\/proyecto-cultural-andino-nawpa-nan\/\u00bb][vc_custom_heading text=\u00bb<br \/>\n          <strong>PROYECTO CULTURAL ANDINO \u00d1AWPA \u00d1AN<\/strong><br \/>\n        \u00bb font_container=\u00bbtag:h5|text_align:center\u00bb use_theme_fonts=\u00bbyes\u00bb][vc_separator color=\u00bbcustom\u00bb align=\u00bbalign_left\u00bb border_width=\u00bb3&#8243; el_width=\u00bb20&#8243; css=\u00bb.vc_custom_1680530203997{margin-bottom: 15px !important;padding-top: 15px !important;padding-bottom: 15px !important;}\u00bb accent_color=\u00bb#f8c014&#8243;][vc_column_text]<\/p>\n<h6 style=\"text-align: justify;\">\u00d1awpa \u00d1an significa \u2018Camino Antiguo\u2019 en quechua. Este incre\u00edble trabajo cultural de base a lo largo de los a\u00f1os todav\u00eda sirve como una base s\u00f3lida de nuestra filosof\u00eda Sumak Kawsay (Buen Vivir \/ Buen Vivir), presente en todos los proyectos que han fructificado desde entonces.<\/h6>\n<p>[\/vc_column_text][vc_empty_space height=\u00bb20px\u00bb][vc_wp_text]<\/p>\n<div class=\"vc_btn3-container vc_btn3-center\"><a class=\"go_to_page go_to_page_blog\" title=\"Ver\" href=\"http:\/\/kusikawsay.org\/es\/proyecto-cultural-andino-nawpa-nan\/\"><button class=\"vc_general vc_btn3 vc_btn3-size-md vc_btn3-shape-rounded vc_btn3-style-3d vc_btn3-icon-left vc_btn3-color-grey\" style=\"background-color: #ebebeb; color: #009b7e;\">VER \u00d1AWPA \u00d1AN<\/button><\/a><\/div>\n<p>[\/vc_wp_text][\/vc_column_inner][\/vc_row_inner][vc_empty_space height=\u00bb30px\u00bb][vc_separator style=\u00bbshadow\u00bb border_width=\u00bb4&#8243;][\/vc_column][\/vc_row]<\/p>\n<\/section>","protected":false},"excerpt":{"rendered":"<p>[vc_row full_width=\u00bbstretch_row\u00bb full_height=\u00bbyes\u00bb columns_placement=\u00bbtop\u00bb parallax=\u00bbcontent-moving\u00bb css=\u00bb.vc_custom_1725709383675{background-image: url(http:\/\/kusikawsay.org\/wp-content\/uploads\/2024\/09\/ausangate_1.jpg?id=3411) !important;}\u00bb][vc_column width=\u00bb1\/2&#8243; css=\u00bb.vc_custom_1478075257916{padding-top: 0px !important;}\u00bb][\/vc_column][vc_column width=\u00bb1\/2&#8243; css=\u00bb.vc_custom_1725709845514{margin-top: 0px !important;padding-top: 0px !important;}\u00bb][\/vc_column][\/vc_row][vc_row css=\u00bb.vc_custom_1726785469836{padding-top: 50px !important;}\u00bb][vc_column][vc_custom_heading text=\u00bbProyectos\u00bb font_container=\u00bbtag:h3|text_align:center\u00bb use_theme_fonts=\u00bbyes\u00bb][vc_column_text] La Asociaci\u00f3n Kusi Kawsay fomenta la conciencia global y el respeto de la diversidad cultural y ecol\u00f3gica, honrando la sabidur\u00eda de las tradiciones ind\u00edgenas y cultivando la unidad de los seres &#8230;<a class=\"r_more_blog\" href=\"https:\/\/kusikawsay.org\/es\/proyectos\/#more-4827\"><i class=\"fa fa-sign-in\"><\/i> read more<\/a><\/p>\n","protected":false},"author":1,"featured_media":0,"parent":0,"menu_order":0,"comment_status":"closed","ping_status":"closed","template":"","meta":{"footnotes":""},"class_list":["post-4827","page","type-page","status-publish","hentry"],"_links":{"self":[{"href":"https:\/\/kusikawsay.org\/es\/wp-json\/wp\/v2\/pages\/4827","targetHints":{"allow":["GET"]}}],"collection":[{"href":"https:\/\/kusikawsay.org\/es\/wp-json\/wp\/v2\/pages"}],"about":[{"href":"https:\/\/kusikawsay.org\/es\/wp-json\/wp\/v2\/types\/page"}],"author":[{"embeddable":true,"href":"https:\/\/kusikawsay.org\/es\/wp-json\/wp\/v2\/users\/1"}],"replies":[{"embeddable":true,"href":"https:\/\/kusikawsay.org\/es\/wp-json\/wp\/v2\/comments?post=4827"}],"version-history":[{"count":16,"href":"https:\/\/kusikawsay.org\/es\/wp-json\/wp\/v2\/pages\/4827\/revisions"}],"predecessor-version":[{"id":5201,"href":"https:\/\/kusikawsay.org\/es\/wp-json\/wp\/v2\/pages\/4827\/revisions\/5201"}],"wp:attachment":[{"href":"https:\/\/kusikawsay.org\/es\/wp-json\/wp\/v2\/media?parent=4827"}],"curies":[{"name":"wp","href":"https:\/\/api.w.org\/{rel}","templated":true}]}}