{"id":4882,"date":"2024-09-05T15:41:45","date_gmt":"2024-09-05T15:41:45","guid":{"rendered":"http:\/\/kusikawsay.org\/proyecto-cultural-andino-nawpa-nan\/"},"modified":"2024-12-04T18:06:53","modified_gmt":"2024-12-04T18:06:53","slug":"proyecto-cultural-andino-nawpa-nan","status":"publish","type":"page","link":"https:\/\/kusikawsay.org\/es\/proyecto-cultural-andino-nawpa-nan\/","title":{"rendered":"Proyecto Cultural Andino \u00d1awpa \u00d1an"},"content":{"rendered":"<section class=\"wpb-content-wrapper\"><p>[vc_row full_width=\u00bbstretch_row\u00bb full_height=\u00bbyes\u00bb columns_placement=\u00bbtop\u00bb parallax=\u00bbcontent-moving\u00bb css=\u00bb.vc_custom_1726175380251{background-image: url(http:\/\/kusikawsay.org\/wp-content\/uploads\/2024\/09\/kusi_kawsay_inti_raymi_banner.jpg?id=4434) !important;}\u00bb][vc_column width=\u00bb1\/2&#8243; css=\u00bb.vc_custom_1478075257916{padding-top: 0px !important;}\u00bb][\/vc_column][vc_column width=\u00bb1\/2&#8243; css=\u00bb.vc_custom_1726791136848{margin-top: 0px !important;padding-top: 0px !important;background-color: rgba(255,255,255,0.85) !important;*background-color: rgb(255,255,255) !important;}\u00bb][vc_single_image image=\u00bb5108&#8243; alignment=\u00bbcenter\u00bb css_animation=\u00bbslideInDown\u00bb][vc_custom_heading text=\u00bb<br \/>\n          <strong>PROYECTO CULTURAL ANDINO \u00d1AWPA \u00d1AN<\/strong><br \/>\n        \u00bb font_container=\u00bbtag:h4|text_align:left\u00bb use_theme_fonts=\u00bbyes\u00bb css=\u00bb.vc_custom_1726791144295{padding-right: 25px !important;padding-left: 25px !important;}\u00bb][vc_separator color=\u00bbcustom\u00bb align=\u00bbalign_left\u00bb border_width=\u00bb3&#8243; el_width=\u00bb20&#8243; css=\u00bb.vc_custom_1725552091719{margin-bottom: 15px !important;padding-top: 15px !important;padding-bottom: 15px !important;}\u00bb accent_color=\u00bb#a83338&#8243;][vc_row_inner][vc_column_inner width=\u00bb1\/3&#8243;][vc_column_text css=\u00bb.vc_custom_1733335478801{padding-top: 15px !important;}\u00bb]<\/p>\n<h4><span class=\"EzKURWReUAB5oZgtQNkl\" data-src-align=\"0:9\">Vis\u00edtanos<\/span><span class=\"EzKURWReUAB5oZgtQNkl\" data-src-align=\"10:2\">:<\/span><\/h4>\n<p>[\/vc_column_text][\/vc_column_inner][vc_column_inner width=\u00bb1\/3&#8243;][vc_icon icon_fontawesome=\u00bbfab fa-instagram\u00bb color=\u00bbmulled_wine\u00bb align=\u00bbcenter\u00bb link=\u00bburl:https%3A%2F%2Fwww.instagram.com%2Fnawpanan%2F|title:Instagram|target:_blank|\u00bb][\/vc_column_inner][vc_column_inner width=\u00bb1\/3&#8243;][vc_icon icon_fontawesome=\u00bbfab fa-facebook-square\u00bb color=\u00bbmulled_wine\u00bb align=\u00bbcenter\u00bb link=\u00bburl:https%3A%2F%2Fwww.facebook.com%2Fpeople%2F%25C3%2591awpa-%25C3%2591an%2F100093471666341%2F|title:Facebook|target:_blank|\u00bb][\/vc_column_inner][\/vc_row_inner][\/vc_column][\/vc_row][vc_row css=\u00bb.vc_custom_1725582454501{padding-top: 50px !important;}\u00bb el_id=\u00bbsosteniendo_la_cultura\u00bb][vc_column][vc_custom_heading text=\u00bbSosteniendo la cultura tradicional\u00bb font_container=\u00bbtag:h3|text_align:center\u00bb use_theme_fonts=\u00bbyes\u00bb][vc_column_text]<\/p>\n<blockquote>\n<h6 style=\"text-align: justify;\">\u00d1awpa \u00d1an significa \u2018Camino Antiguo\u2019 en quechua. Este trabajo cultural comenz\u00f3 en 1993, catorce a\u00f1os antes de que naciera Pachamama\u2019s Path, y el asombroso trabajo de base a lo largo de estos a\u00f1os sigue siendo la base s\u00f3lida de nuestra filosof\u00eda Sumak Kawsay (Buen Vivir), presente en todos los proyectos que han llegado a buen t\u00e9rmino. ya que. Estos miembros de la comunidad, de hecho, \u201cmaestros\u201d originales, por as\u00ed decirlo, contribuyeron con a\u00f1os de investigaci\u00f3n dedicada a su herencia ancestral. Comparten conscientemente un compromiso de vida interconectado e interdependiente para preservar su cultura ind\u00edgena ancestral; sirviendo de inspiraci\u00f3n para un camino viable. A medida que el trabajo crec\u00eda y sus propios recursos personales y la dedicaci\u00f3n de la vida ya no pod\u00edan sostener el crecimiento, identificaron la necesidad de encontrar financiaci\u00f3n, por lo que en 2007, catorce a\u00f1os despu\u00e9s, el Camino de la Pachamama se form\u00f3 con este prop\u00f3sito. Hoy estos programas siguen vivos con un gran potencial de crecimiento.    <\/h6>\n<\/blockquote>\n<p>[\/vc_column_text][vc_column_text]<\/p>\n<h6 style=\"text-align: justify;\">Todos estos programas y eventos culturales han sido y siguen siendo posibles hasta el d\u00eda de hoy gracias a la dedicaci\u00f3n, compromiso, perseverancia y sacrificio de las familias fundadoras que nunca han recibido ninguna compensaci\u00f3n econ\u00f3mica por esta labor de reactivaci\u00f3n cultural. Para ellos es una forma de vida, un compromiso eterno, y su vocaci\u00f3n y visi\u00f3n de vida. <\/h6>\n<p>[\/vc_column_text][vc_column_text]<\/p>\n<h6 style=\"text-align: justify;\">Los talleres y eventos especiales han incluido: textiles, pintura, m\u00fasica y danza, teatro, juegos, artes y manualidades, cer\u00e1mica, hierbas medicinales, nutrici\u00f3n, habilidades para padres, empoderamiento de la mujer, artes marciales, sauna y ba\u00f1os de hierbas, festividades y ceremonias seg\u00fan el Calendario andino (solsticio, equinoccio, avistamiento de la Cruz del Sur, etc.), reuniones intertribales, trabajo de sanaci\u00f3n, salidas culturales (excursiones a sitios arqueol\u00f3gicos antiguos para celebrar y honrar la funci\u00f3n de los relojes de sol y otros logros astron\u00f3micos y aprender la verdadera historia), historia oral. y cuentacuentos, activaci\u00f3n de pr\u00e1cticas agrarias ancestrales denominadas faena y minka, trabajo comunal tradicional.<\/h6>\n<p>[\/vc_column_text][vc_empty_space height=\u00bb50px\u00bb][\/vc_column][\/vc_row][vc_row full_width=\u00bbstretch_row\u00bb css=\u00bb.vc_custom_1725582472180{padding-top: 50px !important;background-color: #ffffff !important;}\u00bb el_id=\u00bbcalendario_andino\u00bb][vc_column][vc_text_separator title=\u00bbEl Calendario Andino\u00bb color=\u00bbcustom\u00bb style=\u00bbshadow\u00bb border_width=\u00bb4&#8243; accent_color=\u00bb#a83338&#8243;][vc_row_inner content_placement=\u00bbmiddle\u00bb css=\u00bb.vc_custom_1725541679369{padding-top: 50px !important;}\u00bb][vc_column_inner]\t\t\t<div class=\"wpb_content_element\">\n\t\t\t\t<div class=\"zass-iconbox\">\n\t\t\t\t\t<div class=\"icon_wrapper\">\n\t\t\t\t\t\t<span class=\"icon_inner\" style=\"background-color:#a83338;\">\n\t\t\t\t\t\t\t\t\t\t\t\t\t\t\t<i class=\"fas fa-cloud-sun\"><\/i>\n\t\t\t\t\t\t\t\t\t\t\t\t\t<\/span>\n\t\t\t\t\t<\/div>\n\t\t\t\t\t<div class=\"iconbox_content\">\n\t\t\t\t\t\t\t\t\t\t\t\t\t\t\t\t\t\t<div class=\"iconbox_text_content\">\n\t\t\t\t\t\t\t<\/p>\n<h6 style=\"text-align: justify;\">Este es el calendario utilizado en nuestros proyectos culturales, educativos y agr\u00edcolas.<\/h6>\n<h6><\/h6>\n<h6 style=\"text-align: justify;\">Es a trav\u00e9s de la pr\u00e1ctica del calendario andino y la filosof\u00eda \u201cAyni\u201d (reciprocidad) que comprendemos el conocimiento tradicional basado en la integraci\u00f3n humana con los ciclos c\u00f3smicos naturales, y a trav\u00e9s de ello una comprensi\u00f3n profunda de la vida en equilibrio.<\/h6>\n<h6><\/h6>\n<h6 style=\"text-align: justify;\">Estas celebraciones, actividades y eventos se llevan a cabo en centros culturales, sitios arqueol\u00f3gicos sagrados, entre varios lugares, y son la esencia de nuestro trabajo de reactivaci\u00f3n cultural. La participaci\u00f3n intergeneracional celebra la esencia de las estructuras sociales ancestrales andinas de inclusi\u00f3n y comunidad. <\/h6>\n<p>\t\t\t\t\t\t<\/div>\n\t\t\t\t\t<\/div>\n\t\t\t\t<\/div>\n\t\t\t<\/div>\n\t\t\t[\/vc_column_inner][\/vc_row_inner][\/vc_column][\/vc_row][vc_row full_width=\u00bbstretch_row\u00bb gap=\u00bb35&#8243; content_placement=\u00bbmiddle\u00bb css=\u00bb.vc_custom_1725556810700{margin-bottom: 0px !important;padding-bottom: 50px !important;}\u00bb][vc_column width=\u00bb1\/2&#8243;][vc_column_text]<\/p>\n<h5 style=\"text-align: left;\">\n            <strong>Machu Qhaswa \/ noviembre \u2013 diciembre<\/strong><br \/>\n          <\/h5>\n<p>[\/vc_column_text][vc_column_text]<\/p>\n<h6 style=\"text-align: justify;\">Esta es una danza ancestral que despierta a los seres primarios para pedir lluvia y honra a los mayores como fuertes porque poseen sabidur\u00eda y experiencia.<\/h6>\n<p>[\/vc_column_text][\/vc_column][vc_column width=\u00bb1\/2&#8243;][vc_images_carousel images=\u00bb3355,3357,3359,3363,3361&#8243; img_size=\u00bbfull\u00bb autoplay=\u00bbyes\u00bb hide_pagination_control=\u00bbyes\u00bb wrap=\u00bbyes\u00bb][\/vc_column][\/vc_row][vc_row full_width=\u00bbstretch_row\u00bb gap=\u00bb35&#8243; content_placement=\u00bbmiddle\u00bb css=\u00bb.vc_custom_1725556810700{margin-bottom: 0px !important;padding-bottom: 50px !important;}\u00bb][vc_column width=\u00bb1\/2&#8243;][vc_column_text]<\/p>\n<h5 style=\"text-align: left;\">\n            <strong>Kapac Raymi (Solsticio de verano) \/ 21 de diciembre<\/strong><br \/>\n          <\/h5>\n<p>[\/vc_column_text][vc_column_text]<\/p>\n<h6 style=\"text-align: justify;\">Tiempo de celebrar el sol y recibir su fuerza en su punto m\u00e1s potente.<\/h6>\n<p>[\/vc_column_text][\/vc_column][vc_column width=\u00bb1\/2&#8243;][\/vc_column][\/vc_row][vc_row full_width=\u00bbstretch_row\u00bb gap=\u00bb35&#8243; content_placement=\u00bbmiddle\u00bb css=\u00bb.vc_custom_1725556810700{margin-bottom: 0px !important;padding-bottom: 50px !important;}\u00bb][vc_column width=\u00bb1\/2&#8243;][vc_column_text]<\/p>\n<h5 style=\"text-align: left;\">\n            <strong>Pukllay \/ Febrero \u2013 Marzo<\/strong><br \/>\n          <\/h5>\n<p>[\/vc_column_text][vc_column_text]<\/p>\n<h6 style=\"text-align: justify;\">Parejas bailan durante cuatro d\u00edas celebrando, honrando y promoviendo la fertilidad y la abundancia de todos los seres: plantas, animales y humanos incluidos.<\/h6>\n<p>[\/vc_column_text][\/vc_column][vc_column width=\u00bb1\/2&#8243;][vc_images_carousel images=\u00bb2923,3373,3375,3377,3379,3381&#8243; img_size=\u00bbfull\u00bb autoplay=\u00bbyes\u00bb hide_pagination_control=\u00bbyes\u00bb wrap=\u00bbyes\u00bb][\/vc_column][\/vc_row][vc_row full_width=\u00bbstretch_row\u00bb gap=\u00bb35&#8243; content_placement=\u00bbmiddle\u00bb css=\u00bb.vc_custom_1725556810700{margin-bottom: 0px !important;padding-bottom: 50px !important;}\u00bb][vc_column width=\u00bb1\/2&#8243;][vc_column_text]<\/p>\n<h5 style=\"text-align: left;\">\n            <strong>Equinoccio \/ 21 de marzo<\/strong><br \/>\n          <\/h5>\n<p>[\/vc_column_text][vc_column_text]<\/p>\n<h6 style=\"text-align: justify;\">Celebraci\u00f3n del sol ya que est\u00e1 en medio de su camino.<\/h6>\n<p>[\/vc_column_text][\/vc_column][vc_column width=\u00bb1\/2&#8243;][\/vc_column][\/vc_row][vc_row full_width=\u00bbstretch_row\u00bb gap=\u00bb35&#8243; content_placement=\u00bbmiddle\u00bb css=\u00bb.vc_custom_1725556810700{margin-bottom: 0px !important;padding-bottom: 50px !important;}\u00bb][vc_column width=\u00bb1\/2&#8243;][vc_column_text]<\/p>\n<h5 style=\"text-align: left;\">\n            <strong>Tiempo de cosecha \/ Mayo \u2013 Junio<\/strong><br \/>\n          <\/h5>\n<p>[\/vc_column_text][vc_column_text]<\/p>\n<h6 style=\"text-align: justify;\">Celebraciones por tiempo de cosecha.<\/h6>\n<p>[\/vc_column_text][\/vc_column][vc_column width=\u00bb1\/2&#8243;][vc_images_carousel images=\u00bb3399,3397,3395,3393,3391,3389&#8243; img_size=\u00bbfull\u00bb autoplay=\u00bbyes\u00bb hide_pagination_control=\u00bbyes\u00bb wrap=\u00bbyes\u00bb][\/vc_column][\/vc_row][vc_row full_width=\u00bbstretch_row\u00bb gap=\u00bb35&#8243; content_placement=\u00bbmiddle\u00bb css=\u00bb.vc_custom_1725556810700{margin-bottom: 0px !important;padding-bottom: 50px !important;}\u00bb][vc_column width=\u00bb1\/2&#8243;][vc_column_text]<\/p>\n<h5 style=\"text-align: left;\">\n            <strong>Chakana (Cruz del Sur) 3 de mayo<\/strong><br \/>\n          <\/h5>\n<p>[\/vc_column_text][vc_column_text]<\/p>\n<h6 style=\"text-align: justify;\">Tiempo de honrar a la Cruz del Sur mientras est\u00e1 en su cenit.<\/h6>\n<p>[\/vc_column_text][\/vc_column][vc_column width=\u00bb1\/2&#8243;][vc_images_carousel images=\u00bb3408,3406,3404,3402&#8243; img_size=\u00bbfull\u00bb autoplay=\u00bbyes\u00bb hide_pagination_control=\u00bbyes\u00bb wrap=\u00bbyes\u00bb][\/vc_column][\/vc_row][vc_row full_width=\u00bbstretch_row\u00bb gap=\u00bb35&#8243; content_placement=\u00bbmiddle\u00bb css=\u00bb.vc_custom_1725556810700{margin-bottom: 0px !important;padding-bottom: 50px !important;}\u00bb][vc_column width=\u00bb1\/2&#8243;][vc_column_text]<\/p>\n<h5 style=\"text-align: left;\">\n            <strong>Coylloriti \/ mayo o junio<\/strong><br \/>\n          <\/h5>\n<p>[\/vc_column_text][vc_column_text]<\/p>\n<h6 style=\"text-align: justify;\">Peregrinaci\u00f3n de tres d\u00edas a la fuente sagrada de agua (glaciares) y al meteorito sagrado.<\/h6>\n<p>[\/vc_column_text][\/vc_column][vc_column width=\u00bb1\/2&#8243;][vc_images_carousel images=\u00bb3419,3417,3415,3413,3411&#8243; img_size=\u00bbfull\u00bb autoplay=\u00bbyes\u00bb hide_pagination_control=\u00bbyes\u00bb wrap=\u00bbyes\u00bb][\/vc_column][\/vc_row][vc_row full_width=\u00bbstretch_row\u00bb gap=\u00bb35&#8243; content_placement=\u00bbmiddle\u00bb css=\u00bb.vc_custom_1725556810700{margin-bottom: 0px !important;padding-bottom: 50px !important;}\u00bb][vc_column width=\u00bb1\/2&#8243;][vc_column_text]<\/p>\n<h5 style=\"text-align: left;\">\n            <strong>Inti Raymi (Solsticio de invierno) 21 de junio<\/strong><br \/>\n          <\/h5>\n<p>[\/vc_column_text][vc_column_text]<\/p>\n<h6 style=\"text-align: justify;\">Honra al sol en su punto m\u00e1s bajo, ofrece fuerza al sol en reciprocidad.<\/h6>\n<p>[\/vc_column_text][\/vc_column][vc_column width=\u00bb1\/2&#8243;][vc_images_carousel images=\u00bb3423,3425,3427,3429,3431,3433&#8243; img_size=\u00bbfull\u00bb autoplay=\u00bbyes\u00bb hide_pagination_control=\u00bbyes\u00bb wrap=\u00bbyes\u00bb][\/vc_column][\/vc_row][vc_row full_width=\u00bbstretch_row\u00bb gap=\u00bb35&#8243; content_placement=\u00bbmiddle\u00bb css=\u00bb.vc_custom_1725556810700{margin-bottom: 0px !important;padding-bottom: 50px !important;}\u00bb][vc_column width=\u00bb1\/2&#8243;][vc_column_text]<\/p>\n<h5 style=\"text-align: left;\">\n            <strong>Ofrendas de reciprocidad \/ agosto<\/strong><br \/>\n          <\/h5>\n<p>[\/vc_column_text][vc_column_text]<\/p>\n<h6 style=\"text-align: justify;\">\u00c9sta es la \u00e9poca del a\u00f1o para hacer ofrendas a la Pacha antes de la siembra; reciprocidad con la Pachamama.<\/h6>\n<p>[\/vc_column_text][\/vc_column][vc_column width=\u00bb1\/2&#8243;][vc_images_carousel images=\u00bb3446,3444,3442,3440,3438,3436&#8243; img_size=\u00bbfull\u00bb autoplay=\u00bbyes\u00bb hide_pagination_control=\u00bbyes\u00bb wrap=\u00bbyes\u00bb][\/vc_column][\/vc_row][vc_row full_width=\u00bbstretch_row\u00bb gap=\u00bb35&#8243; content_placement=\u00bbmiddle\u00bb css=\u00bb.vc_custom_1725556810700{margin-bottom: 0px !important;padding-bottom: 50px !important;}\u00bb][vc_column width=\u00bb1\/2&#8243;][vc_column_text]<\/p>\n<h5 style=\"text-align: left;\">\n            <strong>Equinoccio \/ 21 de septiembre<\/strong><br \/>\n          <\/h5>\n<p>[\/vc_column_text][vc_column_text]<\/p>\n<h6 style=\"text-align: justify;\">Fiesta del sol en medio de su recorrido.<\/h6>\n<p>[\/vc_column_text][\/vc_column][vc_column width=\u00bb1\/2&#8243;][\/vc_column][\/vc_row][vc_row full_width=\u00bbstretch_row\u00bb gap=\u00bb35&#8243; content_placement=\u00bbmiddle\u00bb css=\u00bb.vc_custom_1725556810700{margin-bottom: 0px !important;padding-bottom: 50px !important;}\u00bb][vc_column width=\u00bb1\/2&#8243;][vc_column_text]<\/p>\n<h5 style=\"text-align: left;\">\n            <strong>Tarpuy (\u00e9poca de la siembra) Septiembre<\/strong><br \/>\n          <\/h5>\n<p>[\/vc_column_text][vc_column_text]<\/p>\n<h6 style=\"text-align: justify;\">Fiestas de la siembra.<\/h6>\n<p>[\/vc_column_text][\/vc_column][vc_column width=\u00bb1\/2&#8243;][vc_images_carousel images=\u00bb3453,3459,3457,3455,3461,3451&#8243; img_size=\u00bbfull\u00bb autoplay=\u00bbyes\u00bb hide_pagination_control=\u00bbyes\u00bb wrap=\u00bbyes\u00bb][\/vc_column][\/vc_row]<\/p>\n<\/section>","protected":false},"excerpt":{"rendered":"<p>[vc_row full_width=\u00bbstretch_row\u00bb full_height=\u00bbyes\u00bb columns_placement=\u00bbtop\u00bb parallax=\u00bbcontent-moving\u00bb css=\u00bb.vc_custom_1726175380251{background-image: url(http:\/\/kusikawsay.org\/wp-content\/uploads\/2024\/09\/kusi_kawsay_inti_raymi_banner.jpg?id=4434) !important;}\u00bb][vc_column width=\u00bb1\/2&#8243; css=\u00bb.vc_custom_1478075257916{padding-top: 0px !important;}\u00bb][\/vc_column][vc_column width=\u00bb1\/2&#8243; css=\u00bb.vc_custom_1726791136848{margin-top: 0px !important;padding-top: 0px !important;background-color: rgba(255,255,255,0.85) !important;*background-color: rgb(255,255,255) !important;}\u00bb][vc_single_image image=\u00bb5108&#8243; alignment=\u00bbcenter\u00bb css_animation=\u00bbslideInDown\u00bb][vc_custom_heading text=\u00bb PROYECTO CULTURAL ANDINO \u00d1AWPA \u00d1AN \u00bb font_container=\u00bbtag:h4|text_align:left\u00bb use_theme_fonts=\u00bbyes\u00bb css=\u00bb.vc_custom_1726791144295{padding-right: 25px !important;padding-left: 25px !important;}\u00bb][vc_separator color=\u00bbcustom\u00bb align=\u00bbalign_left\u00bb border_width=\u00bb3&#8243; el_width=\u00bb20&#8243; css=\u00bb.vc_custom_1725552091719{margin-bottom: 15px !important;padding-top: 15px !important;padding-bottom: 15px !important;}\u00bb accent_color=\u00bb#a83338&#8243;][vc_row_inner][vc_column_inner width=\u00bb1\/3&#8243;][vc_column_text css=\u00bb.vc_custom_1733335478801{padding-top: 15px !important;}\u00bb] &#8230;<a class=\"r_more_blog\" href=\"https:\/\/kusikawsay.org\/es\/proyecto-cultural-andino-nawpa-nan\/#more-4882\"><i class=\"fa fa-sign-in\"><\/i> read more<\/a><\/p>\n","protected":false},"author":1,"featured_media":0,"parent":0,"menu_order":0,"comment_status":"closed","ping_status":"closed","template":"","meta":{"footnotes":""},"class_list":["post-4882","page","type-page","status-publish","hentry"],"_links":{"self":[{"href":"https:\/\/kusikawsay.org\/es\/wp-json\/wp\/v2\/pages\/4882","targetHints":{"allow":["GET"]}}],"collection":[{"href":"https:\/\/kusikawsay.org\/es\/wp-json\/wp\/v2\/pages"}],"about":[{"href":"https:\/\/kusikawsay.org\/es\/wp-json\/wp\/v2\/types\/page"}],"author":[{"embeddable":true,"href":"https:\/\/kusikawsay.org\/es\/wp-json\/wp\/v2\/users\/1"}],"replies":[{"embeddable":true,"href":"https:\/\/kusikawsay.org\/es\/wp-json\/wp\/v2\/comments?post=4882"}],"version-history":[{"count":26,"href":"https:\/\/kusikawsay.org\/es\/wp-json\/wp\/v2\/pages\/4882\/revisions"}],"predecessor-version":[{"id":5697,"href":"https:\/\/kusikawsay.org\/es\/wp-json\/wp\/v2\/pages\/4882\/revisions\/5697"}],"wp:attachment":[{"href":"https:\/\/kusikawsay.org\/es\/wp-json\/wp\/v2\/media?parent=4882"}],"curies":[{"name":"wp","href":"https:\/\/api.w.org\/{rel}","templated":true}]}}