{"id":4895,"date":"2024-09-06T00:48:14","date_gmt":"2024-09-06T00:48:14","guid":{"rendered":"http:\/\/kusikawsay.org\/nosotros\/"},"modified":"2025-03-10T21:10:20","modified_gmt":"2025-03-10T21:10:20","slug":"nosotros","status":"publish","type":"page","link":"https:\/\/kusikawsay.org\/es\/nosotros\/","title":{"rendered":"Nosotros"},"content":{"rendered":"<section class=\"wpb-content-wrapper\"><p>[vc_row full_width=\u00bbstretch_row\u00bb full_height=\u00bbyes\u00bb columns_placement=\u00bbtop\u00bb parallax=\u00bbcontent-moving\u00bb css=\u00bb.vc_custom_1725709633657{background-image: url(http:\/\/kusikawsay.org\/wp-content\/uploads\/2024\/09\/inti_raymi_1-scaled.jpg?id=3423) !important;}\u00bb][vc_column width=\u00bb1\/2&#8243; css=\u00bb.vc_custom_1478075257916{padding-top: 0px !important;}\u00bb][\/vc_column][vc_column width=\u00bb1\/2&#8243; css=\u00bb.vc_custom_1725709791558{margin-top: 0px !important;padding-top: 0px !important;}\u00bb][\/vc_column][\/vc_row][vc_row css=\u00bb.vc_custom_1726784227357{padding-top: 50px !important;}\u00bb][vc_column][vc_custom_heading text=\u00bb<br \/>\n          <strong>ASOCIACI\u00d3N KUSI KAWSAY<\/strong><br \/>\n        \u00bb font_container=\u00bbtag:h3|text_align:center\u00bb use_theme_fonts=\u00bbyes\u00bb][vc_column_text]<\/p>\n<blockquote>\n<h6 style=\"text-align: justify;\">La Asociaci\u00f3n Kusi Kawsay busca empoderar a los ni\u00f1os, j\u00f3venes y adultos de las comunidades ind\u00edgenas en el Valle Sagrado cerca de Cusco, Per\u00fa a trav\u00e9s de la creaci\u00f3n y el apoyo de programas permanentes y multidisciplinarios a trav\u00e9s de su escuela andina, videos producidos por la comunidad, centro cultural, talleres, grupo de m\u00fasica y danza tradicional, transmisiones de radio e intercambios culturales con otras comunidades ind\u00edgenas.<\/h6>\n<\/blockquote>\n<p>[\/vc_column_text][\/vc_column][\/vc_row][vc_row full_width=\u00bbstretch_row\u00bb css=\u00bb.vc_custom_1726784220683{padding-top: 50px !important;padding-bottom: 50px !important;background-color: #ffffff !important;}\u00bb][vc_column][vc_row_inner content_placement=\u00bbmiddle\u00bb css=\u00bb.vc_custom_1726784239894{padding-top: 20px !important;}\u00bb][vc_column_inner]\t\t\t<div class=\"wpb_content_element\">\n\t\t\t\t<div class=\"zass-iconbox zass-icon-box-square\">\n\t\t\t\t\t<div class=\"icon_wrapper\">\n\t\t\t\t\t\t<span class=\"icon_inner\" style=\"background-color:#02a4e2;\">\n\t\t\t\t\t\t\t\t\t\t\t\t\t\t\t<i class=\"fas fa-users\"><\/i>\n\t\t\t\t\t\t\t\t\t\t\t\t\t<\/span>\n\t\t\t\t\t<\/div>\n\t\t\t\t\t<div class=\"iconbox_content\">\n\t\t\t\t\t\t\t\t\t\t\t\t\t<h5>\u00bfPOR QU\u00c9?<\/h5>\n\t\t\t\t\t\t\t\t\t\t\t\t\t\t\t\t\t\t<div class=\"iconbox_text_content\">\n\t\t\t\t\t\t\t<\/p>\n<h6 style=\"text-align: justify;\">Hist\u00f3ricamente, a los pueblos ind\u00edgenas se les ha negado la educaci\u00f3n formal No fue hasta la d\u00e9cada de 1950 que la educaci\u00f3n se legaliz\u00f3 oficialmente como un sistema de escuela p\u00fablica. Sin embargo, el sistema no respeta los valores culturales locales. Tambi\u00e9n ha desencadenado un \u00e9xodo hacia los pueblos y ciudades, afectando la din\u00e1mica comunitaria y familiar. Cuando los ni\u00f1os y j\u00f3venes migran, a menudo encuentran una educaci\u00f3n que denigra su herencia y transmite el mensaje de que para tener \u00e9xito hay que ser un \u2018profesional\u2019, lo que implica no volver nunca a su comunidad. Adem\u00e1s, en las comunidades tradicionales rara vez se ponen en pr\u00e1ctica los conocimientos adquiridos a trav\u00e9s de la educaci\u00f3n superior.<\/h6>\n<p>\t\t\t\t\t\t<\/div>\n\t\t\t\t\t<\/div>\n\t\t\t\t<\/div>\n\t\t\t<\/div>\n\t\t\t[vc_empty_space height=\u00bb20px\u00bb]\t\t\t<div class=\"wpb_content_element\">\n\t\t\t\t<div class=\"zass-iconbox zass-icon-box-square\">\n\t\t\t\t\t<div class=\"icon_wrapper\">\n\t\t\t\t\t\t<span class=\"icon_inner\" style=\"background-color:#02a4e2;\">\n\t\t\t\t\t\t\t\t\t\t\t\t\t\t\t<i class=\"fas fa-heart\"><\/i>\n\t\t\t\t\t\t\t\t\t\t\t\t\t<\/span>\n\t\t\t\t\t<\/div>\n\t\t\t\t\t<div class=\"iconbox_content\">\n\t\t\t\t\t\t\t\t\t\t\t\t\t<h5>\u00bfQUI\u00c9N?<\/h5>\n\t\t\t\t\t\t\t\t\t\t\t\t\t\t\t\t\t\t<div class=\"iconbox_text_content\">\n\t\t\t\t\t\t\t<\/p>\n<h6 style=\"text-align: justify;\">Hace m\u00e1s de 20 a\u00f1os las 5 familias fundadoras de la Asociaci\u00f3n Kusi Kawsay, inspiradas en los valores y tradiciones de la cultura andina, comenzaron con peque\u00f1as iniciativas de base dentro de las comunidades para iniciar centros culturales locales \u00d1awpa \u00d1an (Camino Antiguo) y organizar talleres educativos dirigidos a revitalizar, promover, proteger y celebrar la Cultura Andina.<\/h6>\n<p>\t\t\t\t\t\t<\/div>\n\t\t\t\t\t<\/div>\n\t\t\t\t<\/div>\n\t\t\t<\/div>\n\t\t\t[vc_empty_space height=\u00bb20px\u00bb]\t\t\t<div class=\"wpb_content_element\">\n\t\t\t\t<div class=\"zass-iconbox zass-icon-box-square\">\n\t\t\t\t\t<div class=\"icon_wrapper\">\n\t\t\t\t\t\t<span class=\"icon_inner\" style=\"background-color:#02a4e2;\">\n\t\t\t\t\t\t\t\t\t\t\t\t\t\t\t<i class=\"fas fa-graduation-cap\"><\/i>\n\t\t\t\t\t\t\t\t\t\t\t\t\t<\/span>\n\t\t\t\t\t<\/div>\n\t\t\t\t\t<div class=\"iconbox_content\">\n\t\t\t\t\t\t\t\t\t\t\t\t\t<h5>\u00bfC\u00d3MO?<\/h5>\n\t\t\t\t\t\t\t\t\t\t\t\t\t\t\t\t\t\t<div class=\"iconbox_text_content\">\n\t\t\t\t\t\t\t<\/p>\n<div class=\"wpb_text_column wpb_content_element \">\n<div class=\"wpb_wrapper\">\n<h6 style=\"text-align: justify;\">A medida que estas iniciativas crecieron, el Camino de Pachamama se form\u00f3 para ayudar a sostener este trabajo. Este trabajo es una forma de empoderar el modo de vida tradicional en peligro de extinci\u00f3n, al tiempo que inspira a otros a hacer lo mismo. Cuando se dieron cuenta de que la educaci\u00f3n era la forma m\u00e1s efectiva de crear cambios, comenzaron a trabajar dentro del sistema de escuelas p\u00fablicas con un maestro Waldorf y un especialista. La pedagog\u00eda waldorf comparte un enfoque similar a la CosmoVisi\u00f3n ind\u00edgena que abarca ideales de paz, solidaridad y reciprocidad.   <\/h6>\n<\/div>\n<\/div>\n<p>\t\t\t\t\t\t<\/div>\n\t\t\t\t\t<\/div>\n\t\t\t\t<\/div>\n\t\t\t<\/div>\n\t\t\t[vc_empty_space height=\u00bb20px\u00bb]\t\t\t<div class=\"wpb_content_element\">\n\t\t\t\t<div class=\"zass-iconbox zass-icon-box-square\">\n\t\t\t\t\t<div class=\"icon_wrapper\">\n\t\t\t\t\t\t<span class=\"icon_inner\" style=\"background-color:#02a4e2;\">\n\t\t\t\t\t\t\t\t\t\t\t\t\t\t\t<i class=\"fas fa-calendar-alt\"><\/i>\n\t\t\t\t\t\t\t\t\t\t\t\t\t<\/span>\n\t\t\t\t\t<\/div>\n\t\t\t\t\t<div class=\"iconbox_content\">\n\t\t\t\t\t\t\t\t\t\t\t\t\t<h5>\u00bfCU\u00c1NDO?<\/h5>\n\t\t\t\t\t\t\t\t\t\t\t\t\t\t\t\t\t\t<div class=\"iconbox_text_content\">\n\t\t\t\t\t\t\t<\/p>\n<div class=\"wpb_text_column wpb_content_element \">\n<div class=\"wpb_wrapper\">\n<h6 style=\"text-align: justify;\">La visi\u00f3n se realiz\u00f3 con una escuela independiente para ni\u00f1os locales sin medios econ\u00f3micos. La Escuela Andina\u201d Kusi Kawsay \u201d (Vida Feliz en Quechua) naci\u00f3 en 2010. Kusi Kawsay es ahora una escuela primaria y secundaria acreditada con una asistencia de m\u00e1s de 100 ni\u00f1os.  <\/h6>\n<\/div>\n<\/div>\n<p>\t\t\t\t\t\t<\/div>\n\t\t\t\t\t<\/div>\n\t\t\t\t<\/div>\n\t\t\t<\/div>\n\t\t\t[vc_empty_space height=\u00bb20px\u00bb]\t\t\t<div class=\"wpb_content_element\">\n\t\t\t\t<div class=\"zass-iconbox zass-icon-box-square\">\n\t\t\t\t\t<div class=\"icon_wrapper\">\n\t\t\t\t\t\t<span class=\"icon_inner\" style=\"background-color:#02a4e2;\">\n\t\t\t\t\t\t\t\t\t\t\t\t\t\t\t<i class=\"fas fa-map-marker-alt\"><\/i>\n\t\t\t\t\t\t\t\t\t\t\t\t\t<\/span>\n\t\t\t\t\t<\/div>\n\t\t\t\t\t<div class=\"iconbox_content\">\n\t\t\t\t\t\t\t\t\t\t\t\t\t<h5>\u00bfEN D\u00d3NDE?<\/h5>\n\t\t\t\t\t\t\t\t\t\t\t\t\t\t\t\t\t\t<div class=\"iconbox_text_content\">\n\t\t\t\t\t\t\t<\/p>\n<div class=\"wpb_text_column wpb_content_element \">\n<div class=\"wpb_wrapper\">\n<h6 style=\"text-align: justify;\">Pisac, Per\u00fa en el Valle Sagrado de los Incas. Estamos ubicados en la base del sitio arqueol\u00f3gico de Pisac. <\/h6>\n<\/div>\n<\/div>\n<p>\t\t\t\t\t\t<\/div>\n\t\t\t\t\t<\/div>\n\t\t\t\t<\/div>\n\t\t\t<\/div>\n\t\t\t[vc_empty_space height=\u00bb20px\u00bb]\t\t\t<div class=\"wpb_content_element\">\n\t\t\t\t<div class=\"zass-iconbox zass-icon-box-square\">\n\t\t\t\t\t<div class=\"icon_wrapper\">\n\t\t\t\t\t\t<span class=\"icon_inner\" style=\"background-color:#02a4e2;\">\n\t\t\t\t\t\t\t\t\t\t\t\t\t\t\t<i class=\"fas fa-chart-line\"><\/i>\n\t\t\t\t\t\t\t\t\t\t\t\t\t<\/span>\n\t\t\t\t\t<\/div>\n\t\t\t\t\t<div class=\"iconbox_content\">\n\t\t\t\t\t\t\t\t\t\t\t\t\t<h5>\u00bfQU\u00c9 SIGUE?<\/h5>\n\t\t\t\t\t\t\t\t\t\t\t\t\t\t\t\t\t\t<div class=\"iconbox_text_content\">\n\t\t\t\t\t\t\t<\/p>\n<div class=\"wpb_text_column wpb_content_element \">\n<div class=\"wpb_wrapper\">\n<h6 style=\"text-align: justify;\">En 2012, la primera clase graduada de Kusi Kawsay se enfrent\u00f3 a un desaf\u00edo. La realidad de las opciones limitadas, la discriminaci\u00f3n y la falta de recursos financieros determina el destino de muchos j\u00f3venes. Los graduados estaban motivados para revitalizar y recuperar su cultura contribuyendo a su comunidad como agentes de cambio. \u201cKusi \u00d1an\u201d (Camino Feliz en Quechua), fue creado. El proyecto Music Man de agricultura org\u00e1nica se convirti\u00f3 en una fuente de empleo para los exalumnos y proporcion\u00f3 una soluci\u00f3n creativa.    <\/h6>\n<\/div>\n<\/div>\n<p>\t\t\t\t\t\t<\/div>\n\t\t\t\t\t<\/div>\n\t\t\t\t<\/div>\n\t\t\t<\/div>\n\t\t\t[\/vc_column_inner][\/vc_row_inner][vc_empty_space height=\u00bb80px\u00bb][vc_row_inner][vc_column_inner][vc_text_separator title=\u00bbMisi\u00f3n y Visi\u00f3n\u00bb color=\u00bbcustom\u00bb style=\u00bbshadow\u00bb border_width=\u00bb4&#8243; accent_color=\u00bb#02a4e2&#8243; el_id=\u00bbmision_vision_association\u00bb][\/vc_column_inner][\/vc_row_inner][\/vc_column][\/vc_row][vc_row equal_height=\u00bbyes\u00bb content_placement=\u00bbbottom\u00bb css=\u00bb.vc_custom_1726596010449{padding-top: 20px !important;padding-bottom: 50px !important;}\u00bb el_id=\u00bbmision_vision_asociacion\u00bb][vc_column width=\u00bb1\/2&#8243; css=\u00bb.vc_custom_1725634157195{background-color: #02a4e2 !important;}\u00bb][vc_custom_heading text=\u00bbMisi\u00f3n\u00bb font_container=\u00bbtag:h4|text_align:left|color:%23ffffff\u00bb use_theme_fonts=\u00bbyes\u00bb css=\u00bb.vc_custom_1726784127764{padding-top: 0px !important;padding-right: 35px !important;padding-left: 35px !important;}\u00bb][vc_separator color=\u00bbcustom\u00bb align=\u00bbalign_left\u00bb border_width=\u00bb3&#8243; el_width=\u00bb20&#8243; css=\u00bb.vc_custom_1725468196303{margin-bottom: 15px !important;padding-top: 15px !important;padding-bottom: 15px !important;}\u00bb accent_color=\u00bb#f8c014&#8243;][vc_column_text css=\u00bb.vc_custom_1726784148806{margin-bottom: 15px !important;padding-right: 35px !important;padding-left: 35px !important;}\u00bb]<\/p>\n<h6 style=\"text-align: justify;\"><span style=\"color: #ffffff;\">Honrar, cultivar y celebrar la sabidur\u00eda milenaria de las comunidades ind\u00edgenas andinas a trav\u00e9s de la educaci\u00f3n, la agricultura y las actividades culturales arraigadas en la reciprocidad, el respeto, el amor y la justicia social.<\/span><\/h6>\n<p>[\/vc_column_text][\/vc_column][vc_column width=\u00bb1\/2&#8243; css=\u00bb.vc_custom_1725634168022{background-color: #02a4e2 !important;}\u00bb][vc_custom_heading text=\u00bbVisi\u00f3n\u00bb font_container=\u00bbtag:h4|text_align:left|color:%23ffffff\u00bb use_theme_fonts=\u00bbyes\u00bb css=\u00bb.vc_custom_1726784135846{padding-top: 0px !important;padding-right: 35px !important;padding-left: 35px !important;}\u00bb][vc_separator color=\u00bbcustom\u00bb align=\u00bbalign_left\u00bb border_width=\u00bb3&#8243; el_width=\u00bb20&#8243; css=\u00bb.vc_custom_1725468202753{margin-bottom: 15px !important;padding-top: 15px !important;padding-bottom: 15px !important;}\u00bb accent_color=\u00bb#f8c014&#8243;][vc_column_text css=\u00bb.vc_custom_1726784156332{margin-bottom: 15px !important;padding-right: 35px !important;padding-left: 35px !important;}\u00bb]<\/p>\n<h6 style=\"text-align: justify;\"><span style=\"color: #ffffff;\">Servir de modelo que fomente una conciencia global que respete la diversidad cultural y ecol\u00f3gica, honrando la sabidur\u00eda de las tradiciones ind\u00edgenas y cultivando la uni\u00f3n de los seres humanos en un marco de reciprocidad, respeto y justicia social.<\/span><\/h6>\n<p>[\/vc_column_text][\/vc_column][\/vc_row][vc_row equal_height=\u00bbyes\u00bb content_placement=\u00bbbottom\u00bb css=\u00bb.vc_custom_1725635373517{padding-top: 20px !important;padding-bottom: 20px !important;}\u00bb][vc_column css=\u00bb.vc_custom_1725634157195{background-color: #02a4e2 !important;}\u00bb][vc_custom_heading text=\u00bbNuestro Principio Rector\u00bb font_container=\u00bbtag:h4|text_align:left|color:%23ffffff\u00bb use_theme_fonts=\u00bbyes\u00bb css=\u00bb.vc_custom_1726784165138{padding-top: 0px !important;padding-right: 35px !important;padding-left: 35px !important;}\u00bb][vc_separator color=\u00bbcustom\u00bb align=\u00bbalign_left\u00bb border_width=\u00bb3&#8243; el_width=\u00bb20&#8243; css=\u00bb.vc_custom_1725468196303{margin-bottom: 15px !important;padding-top: 15px !important;padding-bottom: 15px !important;}\u00bb accent_color=\u00bb#f8c014&#8243;][vc_column_text css=\u00bb.vc_custom_1726784173005{margin-bottom: 15px !important;padding-right: 35px !important;padding-left: 35px !important;}\u00bb]<\/p>\n<h6 style=\"text-align: justify;\"><span style=\"color: #ffffff;\">La reciprocidad, o Ayni, el mandato andino de dar y recibir en todos los aspectos de la vida, juega un papel importante en el enfoque de Kusi Kawsay. El renacimiento de pr\u00e1cticas y rituales culturales ancestrales por parte de los estudiantes y sus familias est\u00e1 creando un \u201clegado vivo\u201d para la comunidad. Este trabajo ha sostenido los lazos de la comunidad con sus ricas ra\u00edces andinas.  <\/span><\/h6>\n<p>[\/vc_column_text][\/vc_column][\/vc_row][vc_row full_width=\u00bbstretch_row\u00bb css=\u00bb.vc_custom_1725635054517{padding-top: 50px !important;padding-bottom: 50px !important;background-color: #ffffff !important;}\u00bb el_id=\u00bbvalores_principales\u00bb][vc_column][vc_text_separator title=\u00bbValores Principales\u00bb color=\u00bbcustom\u00bb style=\u00bbshadow\u00bb border_width=\u00bb4&#8243; accent_color=\u00bb#02a4e2&#8243; el_id=\u00bbgender_equality\u00bb][vc_row_inner content_placement=\u00bbmiddle\u00bb css=\u00bb.vc_custom_1725634881670{padding-top: 20px !important;}\u00bb][vc_column_inner]\t\t\t<div class=\"wpb_content_element\">\n\t\t\t\t<div class=\"zass-iconbox\">\n\t\t\t\t\t<div class=\"icon_wrapper\">\n\t\t\t\t\t\t<span class=\"icon_inner\" style=\"background-color:#02a4e2;\">\n\t\t\t\t\t\t\t\t\t\t\t\t\t\t\t<i class=\"fas fa-trophy\"><\/i>\n\t\t\t\t\t\t\t\t\t\t\t\t\t<\/span>\n\t\t\t\t\t<\/div>\n\t\t\t\t\t<div class=\"iconbox_content\">\n\t\t\t\t\t\t\t\t\t\t\t\t\t\t\t\t\t\t<div class=\"iconbox_text_content\">\n\t\t\t\t\t\t\t<\/p>\n<h6>Respeto, Amor y Reciprocidad son los tres pilares principales de todo el mundo que realizamos a trav\u00e9s de nuestros proyectos.<\/h6>\n<p>\t\t\t\t\t\t<\/div>\n\t\t\t\t\t<\/div>\n\t\t\t\t<\/div>\n\t\t\t<\/div>\n\t\t\t[\/vc_column_inner][\/vc_row_inner][\/vc_column][\/vc_row][vc_row full_width=\u00bbstretch_row\u00bb css=\u00bb.vc_custom_1725635098654{padding-top: 50px !important;padding-bottom: 50px !important;background-color: #ffffff !important;}\u00bb el_id=\u00bblegado_andino\u00bb][vc_column][vc_text_separator title=\u00bbLegado Andino\u00bb color=\u00bbcustom\u00bb style=\u00bbshadow\u00bb border_width=\u00bb4&#8243; accent_color=\u00bb#02a4e2&#8243;][vc_row_inner content_placement=\u00bbmiddle\u00bb css=\u00bb.vc_custom_1725541679369{padding-top: 50px !important;}\u00bb][vc_column_inner]\t\t\t<div class=\"wpb_content_element\">\n\t\t\t\t<div class=\"zass-iconbox\">\n\t\t\t\t\t<div class=\"icon_wrapper\">\n\t\t\t\t\t\t<span class=\"icon_inner\" style=\"background-color:#02a4e2;\">\n\t\t\t\t\t\t\t\t\t\t\t\t\t\t\t<i class=\"fas fa-gopuram\"><\/i>\n\t\t\t\t\t\t\t\t\t\t\t\t\t<\/span>\n\t\t\t\t\t<\/div>\n\t\t\t\t\t<div class=\"iconbox_content\">\n\t\t\t\t\t\t\t\t\t\t\t\t\t\t\t\t\t\t<div class=\"iconbox_text_content\">\n\t\t\t\t\t\t\t<\/p>\n<blockquote>\n<h6 style=\"text-align: justify;\">El Programa Legado Andino (El Buen Vivir en Quechua es Sumak Kawsay) es la reuni\u00f3n, celebraciones y eventos que tienen lugar en varias partes del Per\u00fa. Fue instituido para honrar la cultura tradicional de las comunidades mientras que proporciona la plataforma para abogar por sus derechos y la autodirecci\u00f3n de la tierra y los recursos. La iniciativa busca proteger y conservar la identidad cultural andina y los recursos \/ tierra sagrada de los Apus que son vitales para la supervivencia cultural.  <\/h6>\n<\/blockquote>\n<h6><\/h6>\n<h6 style=\"text-align: justify;\">La iniciativa Legado Andino es parte de la fundaci\u00f3n de la Asociaci\u00f3n Kusi Kawsay e involucra el aprendizaje transformacional a trav\u00e9s de oportunidades educativas formales e informales: m\u00fasica, danza, arte, tejido y pr\u00e1ctica de conciencia ambiental. Los estudiantes est\u00e1n en conexi\u00f3n directa con las artes que dieron origen a su cultura, con la tierra que cuidan y cuidan, mientras reciben intrincadas habilidades de tejido que producen hermosos textiles. <\/h6>\n<h6><\/h6>\n<h6 style=\"text-align: justify;\">Nuestro objetivo a largo plazo es empoderar y equipar a una nueva generaci\u00f3n de j\u00f3venes ind\u00edgenas andinos con las herramientas sociales, emocionales y culturales y el respeto por la tierra que les permitir\u00e1 mantener su identidad cultural andina y continuar transmitiendo estas hermosas tradiciones a las generaciones futuras, al tiempo que proporciona medios de vida sostenibles.<\/h6>\n<p>\t\t\t\t\t\t<\/div>\n\t\t\t\t\t<\/div>\n\t\t\t\t<\/div>\n\t\t\t<\/div>\n\t\t\t[\/vc_column_inner][\/vc_row_inner][\/vc_column][\/vc_row]<\/p>\n<\/section>","protected":false},"excerpt":{"rendered":"<p>[vc_row full_width=\u00bbstretch_row\u00bb full_height=\u00bbyes\u00bb columns_placement=\u00bbtop\u00bb parallax=\u00bbcontent-moving\u00bb css=\u00bb.vc_custom_1725709633657{background-image: url(http:\/\/kusikawsay.org\/wp-content\/uploads\/2024\/09\/inti_raymi_1-scaled.jpg?id=3423) !important;}\u00bb][vc_column width=\u00bb1\/2&#8243; css=\u00bb.vc_custom_1478075257916{padding-top: 0px !important;}\u00bb][\/vc_column][vc_column width=\u00bb1\/2&#8243; css=\u00bb.vc_custom_1725709791558{margin-top: 0px !important;padding-top: 0px !important;}\u00bb][\/vc_column][\/vc_row][vc_row css=\u00bb.vc_custom_1726784227357{padding-top: 50px !important;}\u00bb][vc_column][vc_custom_heading text=\u00bb ASOCIACI\u00d3N KUSI KAWSAY \u00bb font_container=\u00bbtag:h3|text_align:center\u00bb use_theme_fonts=\u00bbyes\u00bb][vc_column_text] La Asociaci\u00f3n Kusi Kawsay busca empoderar a los ni\u00f1os, j\u00f3venes y adultos de las comunidades ind\u00edgenas en el Valle Sagrado cerca de Cusco, Per\u00fa a trav\u00e9s de &#8230;<a class=\"r_more_blog\" href=\"https:\/\/kusikawsay.org\/es\/nosotros\/#more-4895\"><i class=\"fa fa-sign-in\"><\/i> read more<\/a><\/p>\n","protected":false},"author":1,"featured_media":0,"parent":0,"menu_order":0,"comment_status":"closed","ping_status":"closed","template":"","meta":{"footnotes":""},"class_list":["post-4895","page","type-page","status-publish","hentry"],"_links":{"self":[{"href":"https:\/\/kusikawsay.org\/es\/wp-json\/wp\/v2\/pages\/4895","targetHints":{"allow":["GET"]}}],"collection":[{"href":"https:\/\/kusikawsay.org\/es\/wp-json\/wp\/v2\/pages"}],"about":[{"href":"https:\/\/kusikawsay.org\/es\/wp-json\/wp\/v2\/types\/page"}],"author":[{"embeddable":true,"href":"https:\/\/kusikawsay.org\/es\/wp-json\/wp\/v2\/users\/1"}],"replies":[{"embeddable":true,"href":"https:\/\/kusikawsay.org\/es\/wp-json\/wp\/v2\/comments?post=4895"}],"version-history":[{"count":17,"href":"https:\/\/kusikawsay.org\/es\/wp-json\/wp\/v2\/pages\/4895\/revisions"}],"predecessor-version":[{"id":5781,"href":"https:\/\/kusikawsay.org\/es\/wp-json\/wp\/v2\/pages\/4895\/revisions\/5781"}],"wp:attachment":[{"href":"https:\/\/kusikawsay.org\/es\/wp-json\/wp\/v2\/media?parent=4895"}],"curies":[{"name":"wp","href":"https:\/\/api.w.org\/{rel}","templated":true}]}}