{"id":4910,"date":"2024-09-07T11:04:24","date_gmt":"2024-09-07T11:04:24","guid":{"rendered":"http:\/\/kusikawsay.org\/sostenibilidad\/"},"modified":"2024-09-19T22:32:39","modified_gmt":"2024-09-19T22:32:39","slug":"sostenibilidad","status":"publish","type":"page","link":"https:\/\/kusikawsay.org\/es\/sostenibilidad\/","title":{"rendered":"Sostenibilidad"},"content":{"rendered":"<section class=\"wpb-content-wrapper\"><p>[vc_row full_width=\u00bbstretch_row\u00bb full_height=\u00bbyes\u00bb columns_placement=\u00bbtop\u00bb parallax=\u00bbcontent-moving\u00bb css=\u00bb.vc_custom_1725707062285{background-image: url(http:\/\/kusikawsay.org\/wp-content\/uploads\/2024\/09\/ausangate_4.jpg?id=3417) !important;}\u00bb][vc_column width=\u00bb1\/2&#8243; css=\u00bb.vc_custom_1726785036335{padding-top: 0px !important;background-color: rgba(255,255,255,0.85) !important;*background-color: rgb(255,255,255) !important;}\u00bb][vc_custom_heading text=\u00bb<br \/>\n          <strong>SOSTENIBILIDAD<\/strong><br \/>\n        \u00bb font_container=\u00bbtag:h4|text_align:left\u00bb use_theme_fonts=\u00bbyes\u00bb css=\u00bb.vc_custom_1726784617180{padding-top: 50px !important;padding-right: 25px !important;padding-left: 25px !important;}\u00bb][vc_separator color=\u00bbcustom\u00bb align=\u00bbalign_left\u00bb border_width=\u00bb3&#8243; el_width=\u00bb20&#8243; css=\u00bb.vc_custom_1725707430721{margin-bottom: 15px !important;padding-top: 15px !important;padding-bottom: 15px !important;}\u00bb accent_color=\u00bb#02a4e2&#8243;][vc_column_text]<\/p>\n<h6 style=\"text-align: justify;\">Motivado por el empoderamiento y la preservaci\u00f3n de las formas de vida ancestrales andinas, la Asociaci\u00f3n Kusi Kawsay trabaja para encarnar la visi\u00f3n de nuestra comunidad y servir como un modelo que fomenta la conciencia global que respeta la diversidad cultural y ecol\u00f3gica, honrando la sabidur\u00eda de las tradiciones ind\u00edgenas y cultivando la unidad de seres humanos en un marco de equidad, respeto, solidaridad y responsabilidad.<\/h6>\n<p>[\/vc_column_text][\/vc_column][vc_column width=\u00bb1\/2&#8243; css=\u00bb.vc_custom_1726784937508{margin-top: 0px !important;padding-top: 0px !important;}\u00bb][\/vc_column][\/vc_row][vc_row css=\u00bb.vc_custom_1725707327642{padding-top: 50px !important;}\u00bb][vc_column][vc_column_text]<\/p>\n<h6 style=\"text-align: justify;\">La Asociaci\u00f3n Kusi Kawsay se inici\u00f3 con el prop\u00f3sito de preservar nuestra forma de vida y transmitir el conocimiento, la sabidur\u00eda y las tradiciones ancestrales a nuestros ni\u00f1os y la comunidad. Nuestra misi\u00f3n es honrar, cultivar y celebrar la sabidur\u00eda ancestral de las comunidades ind\u00edgenas a trav\u00e9s de la educaci\u00f3n, la agricultura y las actividades culturales arraigadas en la reciprocidad, el respeto, la gratitud y la justicia social. Nuestro enfoque principal como organizaci\u00f3n y comunidad es el cultivo, la celebraci\u00f3n, la protecci\u00f3n y el sostenimiento de la cultura y tradici\u00f3n andina tradicional.  <\/h6>\n<p>[\/vc_column_text][vc_column_text]<\/p>\n<h6 style=\"text-align: justify;\">El legado andino es nuestro tesoro y engloba todos los proyectos de la Asociaci\u00f3n Kusi Kawsay. A trav\u00e9s de la pr\u00e1ctica de t\u00e9cnicas agr\u00edcolas ancestrales, talleres de negocios, pr\u00e1cticas de bienestar, recuperaci\u00f3n de nuestra lengua y tradiciones nativas, mientras celebramos el Calendario Andino, estamos empoderando a una nueva generaci\u00f3n para ser respetuosos, resilientes y l\u00edderes amorosos de nuestra comunidad y el mundo, mientras compartimos oportunidades de empleo y pr\u00e1cticas de vida sostenibles. <\/h6>\n<p>[\/vc_column_text][\/vc_column][\/vc_row][vc_row full_width=\u00bbstretch_row\u00bb css=\u00bb.vc_custom_1725707340546{padding-top: 50px !important;background-color: #ffffff !important;}\u00bb][vc_column][vc_text_separator title=\u00bbKusi Kawsay contribuye a los siguientes Objetivos de Educaci\u00f3n para el Desarrollo Sostenible\u00bb color=\u00bbcustom\u00bb style=\u00bbshadow\u00bb border_width=\u00bb4&#8243; accent_color=\u00bb#02a4e2&#8243;][vc_row_inner content_placement=\u00bbmiddle\u00bb css=\u00bb.vc_custom_1725541679369{padding-top: 50px !important;}\u00bb][vc_column_inner][vc_single_image image=\u00bb3630&#8243; img_size=\u00bbfull\u00bb alignment=\u00bbcenter\u00bb css_animation=\u00bbnone\u00bb]\t\t\t<div class=\"wpb_content_element\">\n\t\t\t\t<div class=\"zass-iconbox zass-clean-icon\">\n\t\t\t\t\t<div class=\"icon_wrapper\">\n\t\t\t\t\t\t<span class=\"icon_inner\" style=\"color:#02a4e2;\">\n\t\t\t\t\t\t\t\t\t\t\t\t\t\t\t<i class=\"icon-target\"><\/i>\n\t\t\t\t\t\t\t\t\t\t\t\t\t<\/span>\n\t\t\t\t\t<\/div>\n\t\t\t\t\t<div class=\"iconbox_content\">\n\t\t\t\t\t\t\t\t\t\t\t\t\t\t\t\t\t\t<div class=\"iconbox_text_content\">\n\t\t\t\t\t\t\t<\/p>\n<h6 style=\"text-align: justify;\">La EDS permite a los alumnos tomar decisiones informadas y actuar de manera responsable para la integridad del medio ambiente y la viabilidad de la econom\u00eda. A trav\u00e9s de estos contenidos, la EDS tiene como objetivo lograr la justicia social para las generaciones actuales y futuras, respetando la diversidad cultural. Es un aprendizaje permanente y es parte integral de una educaci\u00f3n de calidad, integral y transformadora que se refiere al contenido, el entorno y los resultados del aprendizaje, as\u00ed como a la pedagog\u00eda. Logra su prop\u00f3sito transformando la sociedad.   <\/h6>\n<p>\t\t\t\t\t\t<\/div>\n\t\t\t\t\t<\/div>\n\t\t\t\t<\/div>\n\t\t\t<\/div>\n\t\t\t[\/vc_column_inner][\/vc_row_inner][\/vc_column][\/vc_row]<\/p>\n<\/section>","protected":false},"excerpt":{"rendered":"<p>[vc_row full_width=\u00bbstretch_row\u00bb full_height=\u00bbyes\u00bb columns_placement=\u00bbtop\u00bb parallax=\u00bbcontent-moving\u00bb css=\u00bb.vc_custom_1725707062285{background-image: url(http:\/\/kusikawsay.org\/wp-content\/uploads\/2024\/09\/ausangate_4.jpg?id=3417) !important;}\u00bb][vc_column width=\u00bb1\/2&#8243; css=\u00bb.vc_custom_1726785036335{padding-top: 0px !important;background-color: rgba(255,255,255,0.85) !important;*background-color: rgb(255,255,255) !important;}\u00bb][vc_custom_heading text=\u00bb SOSTENIBILIDAD \u00bb font_container=\u00bbtag:h4|text_align:left\u00bb use_theme_fonts=\u00bbyes\u00bb css=\u00bb.vc_custom_1726784617180{padding-top: 50px !important;padding-right: 25px !important;padding-left: 25px !important;}\u00bb][vc_separator color=\u00bbcustom\u00bb align=\u00bbalign_left\u00bb border_width=\u00bb3&#8243; el_width=\u00bb20&#8243; css=\u00bb.vc_custom_1725707430721{margin-bottom: 15px !important;padding-top: 15px !important;padding-bottom: 15px !important;}\u00bb accent_color=\u00bb#02a4e2&#8243;][vc_column_text] Motivado por el empoderamiento y la preservaci\u00f3n de las formas de vida ancestrales andinas, la &#8230;<a class=\"r_more_blog\" href=\"https:\/\/kusikawsay.org\/es\/sostenibilidad\/#more-4910\"><i class=\"fa fa-sign-in\"><\/i> read more<\/a><\/p>\n","protected":false},"author":1,"featured_media":0,"parent":0,"menu_order":0,"comment_status":"closed","ping_status":"closed","template":"","meta":{"footnotes":""},"class_list":["post-4910","page","type-page","status-publish","hentry"],"_links":{"self":[{"href":"https:\/\/kusikawsay.org\/es\/wp-json\/wp\/v2\/pages\/4910","targetHints":{"allow":["GET"]}}],"collection":[{"href":"https:\/\/kusikawsay.org\/es\/wp-json\/wp\/v2\/pages"}],"about":[{"href":"https:\/\/kusikawsay.org\/es\/wp-json\/wp\/v2\/types\/page"}],"author":[{"embeddable":true,"href":"https:\/\/kusikawsay.org\/es\/wp-json\/wp\/v2\/users\/1"}],"replies":[{"embeddable":true,"href":"https:\/\/kusikawsay.org\/es\/wp-json\/wp\/v2\/comments?post=4910"}],"version-history":[{"count":6,"href":"https:\/\/kusikawsay.org\/es\/wp-json\/wp\/v2\/pages\/4910\/revisions"}],"predecessor-version":[{"id":5196,"href":"https:\/\/kusikawsay.org\/es\/wp-json\/wp\/v2\/pages\/4910\/revisions\/5196"}],"wp:attachment":[{"href":"https:\/\/kusikawsay.org\/es\/wp-json\/wp\/v2\/media?parent=4910"}],"curies":[{"name":"wp","href":"https:\/\/api.w.org\/{rel}","templated":true}]}}