{"id":5529,"date":"2024-11-11T14:30:54","date_gmt":"2024-11-11T14:30:54","guid":{"rendered":"https:\/\/kusikawsay.org\/campana-de-recaudacion-de-fondos-2024\/"},"modified":"2025-11-10T21:11:28","modified_gmt":"2025-11-10T21:11:28","slug":"campana-de-recaudacion-de-fondos-2024","status":"publish","type":"page","link":"https:\/\/kusikawsay.org\/es\/campana-de-recaudacion-de-fondos-2024\/","title":{"rendered":"Campa\u00f1a de Recaudaci\u00f3n de Fondos 2024"},"content":{"rendered":"<section class=\"wpb-content-wrapper\"><p>[vc_row full_width=\u00bbstretch_row\u00bb video_opacity=\u00bb0.5&#8243; css=\u00bb.vc_custom_1731337987903{background-image: url(https:\/\/kusikawsay.org\/wp-content\/uploads\/2024\/11\/kusi_kawsay_campana_2024-scaled.jpg?id=5502) !important;}\u00bb][vc_column][vc_row_inner content_placement=\u00bbmiddle\u00bb gap=\u00bb35&#8243;][vc_column_inner width=\u00bb1\/2&#8243;][vc_raw_html]CiAgICAgICAgICA8aWZyYW1lIHdpZHRoPSI4NTQiIGhlaWdodD0iNDgwIiBzcmM9Imh0dHBzOi8vd3d3LnlvdXR1YmUuY29tL2VtYmVkL1Q1aUNlb0lSOHJ3P2F1dG9wbGF5PTEmYW1wO211dGU9MCZhbXA7bW9kZXN0YnJhbmRpbmc9MSIgdGl0bGU9IlJlcHJvZHVjdG9yIGRlIHbDrWRlbyBkZSBZb3VUdWJlIiBmcmFtZWJvcmRlcj0iMCIgYWxsb3c9ImFjY2VsZXJvbWV0ZXI7IGF1dG9wbGF5OyBjbGlwYm9hcmQtd3JpdGU7IGVuY3J5cHRlZC1tZWRpYTsgZ3lyb3Njb3BlOyBwaWN0dXJlLWluLXBpY3R1cmU7IHdlYi1zaGFyZSIgYWxsb3dmdWxsc2NyZWVuPSIiPjwvaWZyYW1lPgogICAgICAgIA==[\/vc_raw_html][\/vc_column_inner][vc_column_inner width=\u00bb1\/2&#8243;][vc_column_text]<\/p>\n<h2 class=\"elementor-heading-title elementor-size-default\" style=\"text-align: center;\">\n            <span style=\"color: #ffffff;\"><br \/>\n              <strong>\u201cALLIN KAWSAY\u201d<\/strong><br \/>\n            <\/span><br \/>\n          <\/h2>\n<h4 style=\"text-align: center;\">\n            <span style=\"color: #ffffff;\">Vivir Bien<\/span><br \/>\n          <\/h4>\n<p>[\/vc_column_text][vc_column_text]<\/p>\n<div class=\"elementor-element elementor-element-8bd8c9f elementor-widget elementor-widget-text-editor\" data-id=\"8bd8c9f\" data-element_type=\"widget\" data-widget_type=\"text-editor.default\">\n<div class=\"elementor-widget-container\">\n<h4 style=\"text-align: center;\">\u00daNETE A LA CAMPA\u00d1A<br \/>\n DE DE RECAUDACI\u00d3N FONDOS KUSI KAWAY 2024<\/h4>\n<h5 style=\"text-align: center;\">\n                <span style=\"color: #ffffff;\">18 de Noviembre \u2013 30 de Diciembre, 2024<\/span><br \/>\n              <\/h5>\n<\/p><\/div><\/div>\n<p>[\/vc_column_text][vc_column_text]<\/p>\n<blockquote>\n<h6 style=\"text-align: justify;\">Queridos amigos y aliados,<\/h6>\n<h6 style=\"text-align: justify;\">La Asociaci\u00f3n Kusi Kawsay, comprometida con la preservaci\u00f3n y difusi\u00f3n de nuestras tradiciones ancestrales de los Andes, les extiende una invitaci\u00f3n muy especial. Hoy, queremos compartir con ustedes el coraz\u00f3n de nuestra misi\u00f3n: el Allin Kawsay, el bienestar integral en su m\u00e1s profundo sentido, tal como nos lo ense\u00f1aron nuestros ancestros. <\/h6>\n<\/blockquote>\n<p>[\/vc_column_text][vc_btn title=\u00bbDONAR AHORA\u00bb style=\u00bb3d\u00bb align=\u00bbcenter\u00bb link=\u00bburl:https%3A%2F%2Fwww.paypal.com%2Fdonate%2F%3Fcmd%3D_s-xclick%26hosted_button_id%3DC3VZW9QLJM6U2%26ssrt%3D1726003375658|target:_blank|\u00bb][\/vc_column_inner][\/vc_row_inner][vc_row_inner css=\u00bb.vc_custom_1732628449881{background-color: rgba(219,171,41,0.5) !important;*background-color: rgb(219,171,41) !important;border-radius: 5px !important;}\u00bb][vc_column_inner][vc_column_text]<\/p>\n<blockquote>\n<h6>Gracias por ser parte del coraz\u00f3n de nuestra misi\u00f3n: Allin Kawsay, bienestar integral en su sentido m\u00e1s profundo.<\/h6>\n<h6>Su apoyo a la campa\u00f1a anual de Kusi Kawsay es profundamente impactante y apreciado. Aunque la campa\u00f1a ha llegado a su fin, continuamos recibiendo donaciones durante todo el a\u00f1o para ayudarnos a alcanzar nuestra meta de preservaci\u00f3n y promoci\u00f3n de nuestras tradiciones ancestrales de los Andes a trav\u00e9s de pr\u00e1cticas educativas, agriculturales y culturales. <\/h6>\n<h6>Con gratitud, Urpillay Sonqollay.<\/h6>\n<\/blockquote>\n<p>[\/vc_column_text][\/vc_column_inner][\/vc_row_inner][\/vc_column][\/vc_row][vc_row general_row_align=\u00bbzass-align-center\u00bb css=\u00bb.vc_custom_1726863345383{margin-bottom: 0px !important;padding-top: 20px !important;padding-bottom: 40px !important;background-color: #ffffff !important;}\u00bb][vc_column][vc_column_text]<\/p>\n<h6 style=\"text-align: justify;\">Este bienestar se encuentra en la conexi\u00f3n con la naturaleza, la cultura, el arte, la m\u00fasica, y, por supuesto, en la forma en que nos alimentamos y nos relacionamos como comunidad con la Pachamama. Cada elemento de nuestra vida cotidiana est\u00e1 impregnado de este legado ancestral que nos ha acompa\u00f1ado durante siglos. <\/h6>\n<p>[\/vc_column_text][vc_column_text]<\/p>\n<blockquote>\n<h6 style=\"text-align: justify;\">Hoy, m\u00e1s que nunca, necesitamos de tu apoyo. La campa\u00f1a de recaudaci\u00f3n de fondos de este a\u00f1o tiene un objetivo claro: <g id=\"gid_0\">recaudar $99,000<\/g> para seguir promoviendo nuestras tradiciones, fortalecer nuestras comunidades y crear espacios de bienestar para todos. Con tu colaboraci\u00f3n, podremos seguir sembrando semillas de bienestar y construyendo un futuro m\u00e1s sostenible y respetuoso con la <em>Pachamama<\/em>.  <\/h6>\n<\/blockquote>\n<p>[\/vc_column_text][vc_column_text]<\/p>\n<h6 style=\"text-align: justify;\">Le invitamos a unirse a este esfuerzo. Su contribuci\u00f3n, grande o peque\u00f1a, marcar\u00e1 una diferencia significativa en nuestra misi\u00f3n. Adem\u00e1s, te animamos a compartir este mensaje con sus amigos, familiares y aliados.   Juntos, podemos crear un cambio real y duradero.<\/h6>\n<h6 style=\"text-align: justify;\">Con gratitud y esperanza,,<br \/>\n<strong>La comunidad Kusi Kawsay<\/strong>.<\/h6>\n<p>[\/vc_column_text][\/vc_column][\/vc_row][vc_row full_width=\u00bbstretch_row\u00bb css=\u00bb.vc_custom_1731341265590{padding-bottom: 10px !important;background-color: #ffffff !important;}\u00bb][vc_column][vc_column_text css=\u00bb.vc_custom_1731341356834{margin-bottom: 60px !important;}\u00bb]<\/p>\n<h4 style=\"text-align: center;\">\n            <strong>\u00bfC\u00d3MO PUEDES AYUDAR?<\/strong><br \/>\n          <\/h4>\n<p>[\/vc_column_text][vc_row_inner content_placement=\u00bbmiddle\u00bb css=\u00bb.vc_custom_1731341310721{padding-top: 20px !important;padding-bottom: 20px !important;}\u00bb][vc_column_inner width=\u00bb1\/2&#8243;]\t\t\t<div class=\"wpb_content_element\">\n\t\t\t\t<div class=\"zass-iconbox\">\n\t\t\t\t\t<div class=\"icon_wrapper\">\n\t\t\t\t\t\t<span class=\"icon_inner\" style=\"background-color:#7ebfbf;\">\n\t\t\t\t\t\t\t\t\t\t\t\t\t\t\t<i class=\"fas fa-hand-holding-heart\"><\/i>\n\t\t\t\t\t\t\t\t\t\t\t\t\t<\/span>\n\t\t\t\t\t<\/div>\n\t\t\t\t\t<div class=\"iconbox_content\">\n\t\t\t\t\t\t\t\t\t\t\t\t\t<h5>Haz tu donaci\u00f3n<\/h5>\n\t\t\t\t\t\t\t\t\t\t\t\t\t\t\t\t\t\t\t<small>Cada aporte cuenta.<\/small>\n\t\t\t\t\t\t\t\t\t\t\t\t<div class=\"iconbox_text_content\">\n\t\t\t\t\t\t\t\t\t\t\t\t\t<\/div>\n\t\t\t\t\t<\/div>\n\t\t\t\t<\/div>\n\t\t\t<\/div>\n\t\t\t[\/vc_column_inner][vc_column_inner width=\u00bb1\/2&#8243;]\t\t\t<div class=\"wpb_content_element\">\n\t\t\t\t<div class=\"zass-iconbox\">\n\t\t\t\t\t<div class=\"icon_wrapper\">\n\t\t\t\t\t\t<span class=\"icon_inner\" style=\"background-color:#7ebfbf;\">\n\t\t\t\t\t\t\t\t\t\t\t\t\t\t\t<i class=\"fas fa-bullhorn\"><\/i>\n\t\t\t\t\t\t\t\t\t\t\t\t\t<\/span>\n\t\t\t\t\t<\/div>\n\t\t\t\t\t<div class=\"iconbox_content\">\n\t\t\t\t\t\t\t\t\t\t\t\t\t<h5>Comparte este mensaje<\/h5>\n\t\t\t\t\t\t\t\t\t\t\t\t\t\t\t\t\t\t\t<small>Ay\u00fadanos a llegar a m\u00e1s personas que puedan sumarse a nuestra causa.<\/small>\n\t\t\t\t\t\t\t\t\t\t\t\t<div class=\"iconbox_text_content\">\n\t\t\t\t\t\t\t\t\t\t\t\t\t<\/div>\n\t\t\t\t\t<\/div>\n\t\t\t\t<\/div>\n\t\t\t<\/div>\n\t\t\t[\/vc_column_inner][\/vc_row_inner][vc_column_text]<\/p>\n<h5 style=\"text-align: center;\">\n            <strong>Juntos, sembramos semillas de bienestar.<\/strong><br \/>\n          <\/h5>\n<p>[\/vc_column_text][vc_btn title=\u00bbDONAR AHORA\u00bb style=\u00bb3d\u00bb align=\u00bbcenter\u00bb link=\u00bburl:https%3A%2F%2Fwww.paypal.com%2Fdonate%2F%3Fcmd%3D_s-xclick%26hosted_button_id%3DC3VZW9QLJM6U2%26ssrt%3D1726003375658|target:_blank|\u00bb][\/vc_column][\/vc_row][vc_row css=\u00bb.vc_custom_1726863294286{padding-bottom: 40px !important;}\u00bb][vc_column][vc_column_text]<\/p>\n<h5 style=\"text-align: left;\">Enlaces a los boletines semanales de la campa\u00f1a ALLIN KAWSAY:<\/h5>\n<p>[\/vc_column_text][vc_column_text]<\/p>\n<ul>\n<li>\n<h6><span style=\"color: #009b7e !important;\"><a style=\"color: #009b7e !important;\" href=\"https:\/\/mailchi.mp\/8387bc2784d7\/lets-cultivate-integral-well-being\" target=\"_blank\" rel=\"noopener\"><span class=\"elementor-icon-list-text\">Allin Kawsay: Gracias por ser parte de esta gran transformaci\u00f3n<\/span><\/a><\/span><\/h6>\n<\/li>\n<li>\n<h6><span style=\"color: #009b7e !important;\"><a style=\"color: #009b7e !important;\" href=\"https:\/\/mailchi.mp\/8387bc2784d7\/lets-cultivate-integral-well-being\" target=\"_blank\" rel=\"noopener\"><span class=\"elementor-icon-list-text\">Allin Kawsay: Cultivemos el Bienestar Integral<\/span><\/a><\/span><\/h6>\n<\/li>\n<li>\n<h6><span style=\"color: #009b7e !important;\"><a style=\"color: #009b7e !important;\" href=\"https:\/\/mailchi.mp\/ec8262ceceb9\/campaign-2024-allin-kawsay-help-us-build-a-bright-future-in-the-sacred-valley-of-the-incas\" target=\"_blank\" rel=\"noopener\"><span class=\"elementor-icon-list-text\">Allin Kawsay: Ay\u00fadanos a construir un futuro brillante en el Valle Sagrado de los Incas<\/span><\/a><\/span><\/h6>\n<\/li>\n<li>\n<h6><span style=\"color: #009b7e !important;\"><a style=\"color: #009b7e !important;\" href=\"https:\/\/mailchi.mp\/686fb03cf692\/campaign-2024-allin-kawsay-the-good-life-through-sports-and-nature-in-the-andes\" target=\"_blank\" rel=\"noopener\"><span class=\"elementor-icon-list-text\">Allin Kawsay: El Buen Vivir a Trav\u00e9s del Deporte y la Naturaleza en los Andes<\/span><\/a><\/span><\/h6>\n<\/li>\n<li>\n<h6><span style=\"color: #009b7e !important;\"><a style=\"color: #009b7e !important;\" href=\"https:\/\/mailchi.mp\/03458c240d97\/campaign-2024-allin-kawsay-well-being-through-teaching-and-connection\" target=\"_blank\" rel=\"noopener\"><span class=\"elementor-icon-list-text\">Allin Kawsay: Bienestar a trav\u00e9s de la ense\u00f1anza y la conexi\u00f3n<\/span><\/a><\/span><\/h6>\n<\/li>\n<li>\n<h6><span style=\"color: #009b7e !important;\"><a style=\"color: #009b7e !important;\" href=\"https:\/\/mailchi.mp\/4e9e96263583\/campaign-2024-allin-kawsay-the-pursuit-of-well-being-is-essential-for-a-full-life\" target=\"_blank\" rel=\"noopener\"><span class=\"elementor-icon-list-text\">Allin Kawsay: La b\u00fasqueda del bienestar es fundamental para una vida plena<\/span><\/a><\/span><\/h6>\n<\/li>\n<li>\n<h6><span style=\"color: #009b7e !important;\"><a style=\"color: #009b7e !important;\" href=\"https:\/\/mailchi.mp\/7a6252a97688\/meeting-between-science-and-nature-in-kusi-kawsay\" target=\"_blank\" rel=\"noopener\"><span class=\"elementor-icon-list-text\">Allin Kawsay: Encuentro entre la Ciencia y la Naturaleza en Kusi Kawsay<\/span><\/a><\/span><\/h6>\n<\/li>\n<li>\n<h6><span style=\"color: #009b7e !important;\"><a style=\"color: #009b7e !important;\" href=\"https:\/\/mailchi.mp\/90212fcbf153\/campaign-2024-allin-kawsay-family-life-has-a-profound-impact-on-the-personal-and-social-well-being\" target=\"_blank\" rel=\"noopener\"><span class=\"elementor-icon-list-text\">Allin Kawsay: La convivencia familiar tiene un impacto profundo en el bienestar<\/span><\/a><\/span><\/h6>\n<\/li>\n<li>\n<h6><span style=\"color: #009b7e !important;\"><a style=\"color: #009b7e !important;\" href=\"https:\/\/mailchi.mp\/4d5192758419\/campaign-2024-allin-kawsay-fundamental-pillars-in-teaching-well-being-from-the-perspective-of-the-andes\" target=\"_blank\" rel=\"noopener\"><span class=\"elementor-icon-list-text\">Allin Kawsay: Pilares fundamentales en la ense\u00f1anza del bienestar desde la perspectiva de los Andes<\/span><\/a><\/span><\/h6>\n<\/li>\n<li>\n<h6><span style=\"color: #009b7e !important;\"><a style=\"color: #009b7e !important;\" href=\"https:\/\/mailchi.mp\/0a6c5bc5e0fd\/campaign-2024-allin-kawsay-well-being-flourishes-in-a-tapestry-of-gratitude-and-reciprocity\" target=\"_blank\" rel=\"noopener\"><span class=\"elementor-icon-list-text\">Allin Kawsay: El bienestar florece en un tejido de gratitud y reciprocidad<\/span><\/a><\/span><\/h6>\n<\/li>\n<li>\n<h6><span style=\"color: #009b7e !important;\"><a style=\"color: #009b7e !important;\" href=\"https:\/\/mailchi.mp\/ce6c03cc4533\/campaign-2024-allin-kawsay-our-children-and-young-people-are-true-teachers-of-well-being\" target=\"_blank\" rel=\"noopener\"><span class=\"elementor-icon-list-text\">Allin Kawsay: Nuestros ni\u00f1os y j\u00f3venes son verdaderos maestros de bienestar<\/span><\/a><\/span><\/h6>\n<\/li>\n<li>\n<h6><span style=\"color: #009b7e !important;\"><a style=\"color: #009b7e !important;\" href=\"https:\/\/mailchi.mp\/0293c4bb8b82\/campaign-2024-allin-kawsay-art-and-nature\" target=\"_blank\" rel=\"noopener\"><span class=\"elementor-icon-list-text\">Allin Kawsay: El arte y la naturaleza<\/span><\/a><\/span><\/h6>\n<\/li>\n<li>\n<h6><span style=\"color: #009b7e !important;\"><a style=\"color: #009b7e !important;\" href=\"https:\/\/mailchi.mp\/603dad44e7e4\/campaa-2024-allin-kawsay-la-flor-de-panti-9296188\" target=\"_blank\" rel=\"noopener\"><span class=\"elementor-icon-list-text\">Allin Kawsay (vivir bien en Quechua)<\/span><\/a><\/span><\/h6>\n<\/li>\n<li>\n<h6><span style=\"color: #009b7e !important;\"><a style=\"color: #009b7e !important;\" href=\"https:\/\/mailchi.mp\/c3188e34f4a5\/campaa-2024-allin-kawsay-la-flor-de-panti-9296115\" target=\"_blank\" rel=\"noopener\"><span class=\"elementor-icon-list-text\">Allin Kawsay: La flor de Panti<\/span><\/a><\/span><\/h6>\n<\/li>\n<li>\n<h6><span style=\"color: #009b7e !important;\"><a style=\"color: #009b7e !important;\" href=\"https:\/\/mailchi.mp\/0e2bb3e4c9a9\/campaign-2024-allin-kawsay\" target=\"_blank\" rel=\"noopener\"><span class=\"elementor-icon-list-text\">Solo quedan 4 d\u00edas&#8230;<\/span><\/a><\/span><\/h6>\n<\/li>\n<li>\n<h6><span style=\"color: #009b7e !important;\"><a style=\"color: #009b7e !important;\" href=\"https:\/\/mailchi.mp\/e2d245ee9d34\/campaign-2024-allin-kawsay\" target=\"_blank\" rel=\"noopener\"><span class=\"elementor-icon-list-text\">Solo quedan 5 d\u00edas&#8230;<\/span><\/a><\/span><\/h6>\n<\/li>\n<li>\n<h6><span style=\"color: #009b7e !important;\"><a style=\"color: #009b7e !important;\" href=\"https:\/\/mailchi.mp\/2ea871bca8bc\/campaign-2024-allin-kawsay\" target=\"_blank\" rel=\"noopener\"><span class=\"elementor-icon-list-text\">Solo quedan 6 d\u00edas&#8230;<\/span><\/a><\/span><\/h6>\n<\/li>\n<li>\n<h6><span style=\"color: #009b7e !important;\"><a style=\"color: #009b7e !important;\" href=\"https:\/\/mailchi.mp\/36b2dcf534ac\/join-the-2024-kusi-kawsay-fundraising-campaign\" target=\"_blank\" rel=\"noopener\"><span class=\"elementor-icon-list-text\">Anunciando nuestra campa\u00f1a de recaudaci\u00f3n de fondos de 2024<\/span><\/a><\/span><\/h6>\n<\/li>\n<\/ul>\n<p>        [\/vc_column_text][\/vc_column][\/vc_row]<\/p>\n<\/section>","protected":false},"excerpt":{"rendered":"<p>[vc_row full_width=\u00bbstretch_row\u00bb video_opacity=\u00bb0.5&#8243; css=\u00bb.vc_custom_1731337987903{background-image: url(https:\/\/kusikawsay.org\/wp-content\/uploads\/2024\/11\/kusi_kawsay_campana_2024-scaled.jpg?id=5502) !important;}\u00bb][vc_column][vc_row_inner content_placement=\u00bbmiddle\u00bb gap=\u00bb35&#8243;][vc_column_inner width=\u00bb1\/2&#8243;][vc_raw_html]CiAgICAgICAgICA8aWZyYW1lIHdpZHRoPSI4NTQiIGhlaWdodD0iNDgwIiBzcmM9Imh0dHBzOi8vd3d3LnlvdXR1YmUuY29tL2VtYmVkL1Q1aUNlb0lSOHJ3P2F1dG9wbGF5PTEmYW1wO211dGU9MCZhbXA7bW9kZXN0YnJhbmRpbmc9MSIgdGl0bGU9IlJlcHJvZHVjdG9yIGRlIHbDrWRlbyBkZSBZb3VUdWJlIiBmcmFtZWJvcmRlcj0iMCIgYWxsb3c9ImFjY2VsZXJvbWV0ZXI7IGF1dG9wbGF5OyBjbGlwYm9hcmQtd3JpdGU7IGVuY3J5cHRlZC1tZWRpYTsgZ3lyb3Njb3BlOyBwaWN0dXJlLWluLXBpY3R1cmU7IHdlYi1zaGFyZSIgYWxsb3dmdWxsc2NyZWVuPSIiPjwvaWZyYW1lPgogICAgICAgIA==[\/vc_raw_html][\/vc_column_inner][vc_column_inner width=\u00bb1\/2&#8243;][vc_column_text] \u201cALLIN KAWSAY\u201d Vivir Bien [\/vc_column_text][vc_column_text] \u00daNETE A LA CAMPA\u00d1A DE DE RECAUDACI\u00d3N FONDOS KUSI KAWAY 2024 18 de Noviembre \u2013 30 de Diciembre, 2024 [\/vc_column_text][vc_column_text] Queridos amigos y aliados, La Asociaci\u00f3n Kusi Kawsay, comprometida con la preservaci\u00f3n y difusi\u00f3n de nuestras tradiciones ancestrales de los &#8230;<a class=\"r_more_blog\" href=\"https:\/\/kusikawsay.org\/es\/campana-de-recaudacion-de-fondos-2024\/#more-5529\"><i class=\"fa fa-sign-in\"><\/i> read more<\/a><\/p>\n","protected":false},"author":1,"featured_media":0,"parent":0,"menu_order":0,"comment_status":"closed","ping_status":"closed","template":"","meta":{"footnotes":""},"class_list":["post-5529","page","type-page","status-publish","hentry"],"_links":{"self":[{"href":"https:\/\/kusikawsay.org\/es\/wp-json\/wp\/v2\/pages\/5529","targetHints":{"allow":["GET"]}}],"collection":[{"href":"https:\/\/kusikawsay.org\/es\/wp-json\/wp\/v2\/pages"}],"about":[{"href":"https:\/\/kusikawsay.org\/es\/wp-json\/wp\/v2\/types\/page"}],"author":[{"embeddable":true,"href":"https:\/\/kusikawsay.org\/es\/wp-json\/wp\/v2\/users\/1"}],"replies":[{"embeddable":true,"href":"https:\/\/kusikawsay.org\/es\/wp-json\/wp\/v2\/comments?post=5529"}],"version-history":[{"count":83,"href":"https:\/\/kusikawsay.org\/es\/wp-json\/wp\/v2\/pages\/5529\/revisions"}],"predecessor-version":[{"id":6274,"href":"https:\/\/kusikawsay.org\/es\/wp-json\/wp\/v2\/pages\/5529\/revisions\/6274"}],"wp:attachment":[{"href":"https:\/\/kusikawsay.org\/es\/wp-json\/wp\/v2\/media?parent=5529"}],"curies":[{"name":"wp","href":"https:\/\/api.w.org\/{rel}","templated":true}]}}