{"id":6259,"date":"2025-11-07T17:03:58","date_gmt":"2025-11-07T17:03:58","guid":{"rendered":"https:\/\/kusikawsay.org\/campana-de-recaudacion-de-fondos-2025\/"},"modified":"2026-02-17T00:33:23","modified_gmt":"2026-02-17T00:33:23","slug":"campana-de-recaudacion-de-fondos-2025","status":"publish","type":"page","link":"https:\/\/kusikawsay.org\/es\/campana-de-recaudacion-de-fondos-2025\/","title":{"rendered":"Campa\u00f1a de Recaudaci\u00f3n de Fondos 2025"},"content":{"rendered":"<section class=\"wpb-content-wrapper\"><p>[vc_row full_width=\u00bbstretch_row\u00bb video_opacity=\u00bb0.5&#8243; css=\u00bb.vc_custom_1762604355786{background-image: url(https:\/\/kusikawsay.org\/wp-content\/uploads\/2024\/09\/kusi_nan_banner.jpg?id=2984) !important;}\u00bb][vc_column][vc_row_inner content_placement=\u00bbmiddle\u00bb gap=\u00bb35&#8243;][vc_column_inner width=\u00bb1\/2&#8243;][vc_column_text]<\/p>\n<h2 class=\"elementor-heading-title elementor-size-default\" style=\"text-align: center;\">\n            <span style=\"color: #ffffff;\"><br \/>\n              <strong>\u201cSOMOS SEMILLAS\u201d<\/strong><br \/>\n            <\/span><br \/>\n          <\/h2>\n<p>[\/vc_column_text][vc_column_text]<\/p>\n<div class=\"elementor-element elementor-element-8bd8c9f elementor-widget elementor-widget-text-editor\" data-id=\"8bd8c9f\" data-element_type=\"widget\" data-widget_type=\"text-editor.default\">\n<div class=\"elementor-widget-container\">\n<h4 style=\"text-align: center;\">\n                <span style=\"color: #ffffff;\"><br \/>\n                  <span class=\"YPkS7KbdpWfGdYKd3QB9\" data-src-align=\"0:5\">Nuestra Campa\u00f1a de Recaudaci\u00f3n de Fondos 2025<\/span><br \/>\n                <\/span><br \/>\n              <\/h4>\n<h5 style=\"text-align: center;\">\n                <span style=\"color: #ffffff;\"><span class=\"YPkS7KbdpWfGdYKd3QB9\" data-src-align=\"65:9\">17 de noviembre<\/span> <span class=\"YPkS7KbdpWfGdYKd3QB9\" data-src-align=\"83:2\">de 2025 &#8211; <\/span><span class=\"YPkS7KbdpWfGdYKd3QB9\" data-src-align=\"86:11\">08 de enero<\/span> <span class=\"YPkS7KbdpWfGdYKd3QB9\" data-src-align=\"101:4\">de 2026<\/span><\/span><br \/>\n              <\/h5>\n<\/p><\/div><\/div>\n<p>[\/vc_column_text][vc_column_text]<\/p>\n<blockquote>\n<h6 style=\"text-align: justify;\">\u00bfHas notado la ternura de una semilla que brota silenciosamente? Nunca act\u00faa por s\u00ed sola. La tierra la acoge y la protege con delicadeza \u2014en un seno de oscuridad\u2014 hasta que el sol la llama a nacer y emerger. El agua la nutre para que crezca fuerte. As\u00ed tambi\u00e9n la comunidad nutre a nuestras semillas. T\u00fa eres la tierra, el sol y el agua que acogen a nuestros estudiantes para que crezcan y aspiren a una vida arraigada en el prop\u00f3sito, el cuidado y la reciprocidad.     <\/h6>\n<\/blockquote>\n<p>[\/vc_column_text][vc_raw_html]PCEtLSA9PT09PT09PSBCQVJSQSBERSBSRUNBVURBQ0nDk04gQ09NUEFUSUJMRSBDT04gV1BCQUtFUlkgPT09PT09PT0gLS0+PHN0eWxlPi5wcm9ncmVzcy1yZWNhdWRhY2lvbi1jb250YWluZXIgewogICAgYmFja2dyb3VuZDogd2hpdGU7CiAgICBwYWRkaW5nOiAzMHB4OwogICAgYm9yZGVyLXJhZGl1czogMTVweDsKICAgIGJveC1zaGFkb3c6IDAgNHB4IDE1cHggcmdiYSgwLCAwLCAwLCAwLjEpOwogICAgbWF4LXdpZHRoOiA2MDBweDsKICAgIG1hcmdpbjogMjBweCBhdXRvOwogICAgZm9udC1mYW1pbHk6IC1hcHBsZS1zeXN0ZW0sIEJsaW5rTWFjU3lzdGVtRm9udCwgJ1NlZ29lIFVJJywgc2Fucy1zZXJpZjsKfQoucHJvZ3Jlc3MtcmVjYXVkYWNpb24td3JhcHBlciB7IG1hcmdpbi1ib3R0b206IDEwcHg7IH0KLnByb2dyZXNzLXJlY2F1ZGFjaW9uLWJhci1jb250YWluZXIgewogICAgYmFja2dyb3VuZDogI2YwZjBmMDsKICAgIGJvcmRlci1yYWRpdXM6IDQwcHg7CiAgICBoZWlnaHQ6IDQwcHg7CiAgICBvdmVyZmxvdzogaGlkZGVuOwp9Ci5wcm9ncmVzcy1yZWNhdWRhY2lvbi1iYXIgewogICAgaGVpZ2h0OiAxMDAlOwogICAgYmFja2dyb3VuZDogIzAwOWI3ZTsKICAgIGJvcmRlci1yYWRpdXM6IDQwcHg7CiAgICBkaXNwbGF5OiBmbGV4OwogICAgYWxpZ24taXRlbXM6IGNlbnRlcjsKICAgIGp1c3RpZnktY29udGVudDogY2VudGVyOwogICAgY29sb3I6IHdoaXRlOwogICAgZm9udC13ZWlnaHQ6IGJvbGQ7CiAgICB0cmFuc2l0aW9uOiB3aWR0aCAuN3MgZWFzZTsKICAgIHBhZGRpbmctbGVmdDogNTBweDsKfQoucHJvZ3Jlc3MtcmVjYXVkYWNpb24tbGFiZWxzIHsKICAgIGRpc3BsYXk6IGZsZXg7CiAgICBqdXN0aWZ5LWNvbnRlbnQ6IHNwYWNlLWJldHdlZW47CiAgICBtYXJnaW4tYm90dG9tOiA4cHg7CiAgICBmb250LXdlaWdodDogNjAwOwogICAgZm9udC1zaXplOiAxNHB4Owp9Ci5wcm9ncmVzcy1yZWNhdWRhY2lvbi1zdGF0cyB7CiAgICBkaXNwbGF5OiBmbGV4OwogICAganVzdGlmeS1jb250ZW50OiBzcGFjZS1iZXR3ZWVuOwogICAgZm9udC1zaXplOiAxNXB4OwogICAgbWFyZ2luLXRvcDogMTJweDsKICAgIGNvbG9yOiAjNDQ0Owp9Cjwvc3R5bGU+PGRpdiBpZD0icmVjYXVkYWNpb25Db250YWluZXIiIG9ubG9hZD0iaW5pdFJlY2F1ZGFjaW9uKCkiIHN0eWxlPSJkaXNwbGF5OmJsb2NrOyI+PGRpdiBjbGFzcz0icHJvZ3Jlc3MtcmVjYXVkYWNpb24tY29udGFpbmVyIj48ZGl2IGNsYXNzPSJwcm9ncmVzcy1yZWNhdWRhY2lvbi1sYWJlbHMiPjxzcGFuIGlkPSJsYWJlbFN0YXJ0Ij4kMC4wMDwvc3Bhbj48c3BhbiBpZD0ibGFiZWxFbmQiPiQwLjAwPC9zcGFuPjwvZGl2PjxkaXYgY2xhc3M9InByb2dyZXNzLXJlY2F1ZGFjaW9uLWJhci1jb250YWluZXIiPjxkaXYgaWQ9InByb2dyZXNzQmFyIiBjbGFzcz0icHJvZ3Jlc3MtcmVjYXVkYWNpb24tYmFyIiBzdHlsZT0id2lkdGg6MCU7Ij48c3BhbiBpZD0idGV4dEluc2lkZSI+PC9zcGFuPjwvZGl2PjwvZGl2PjwvZGl2PjwvZGl2PjxzY3JpcHQ+KGZ1bmN0aW9uKCl7CgogICAgLy8gPT09PSBDT05GSUdVUkFDScOTTiBBUVXDjSA9PT09CiAgICBjb25zdCBtb250b0FjdHVhbCA9IDYwOTgzLjAxOyAgIC8vIENhbWJpYXIKICAgIGNvbnN0IG1ldGFUb3RhbCA9IDcwMDAwOyAgICAgICAvLyBDYW1iaWFyCiAgICAvLyA9PT09PT09PT09PT09PT09PT09PT09PT09PT09PQoKICAgIGZ1bmN0aW9uIGZvcm1hdE1vbmV5KHYpewogICAgICAgIHJldHVybiBuZXcgSW50bC5OdW1iZXJGb3JtYXQoImVzLVBFIix7CiAgICAgICAgICAgIHN0eWxlOiJjdXJyZW5jeSIsCiAgICAgICAgICAgIGN1cnJlbmN5OiJVU0QiCiAgICAgICAgfSkuZm9ybWF0KHYpOwogICAgfQoKICAgIHdpbmRvdy5pbml0UmVjYXVkYWNpb24gPSBmdW5jdGlvbigpewogICAgICAgIGNvbnN0IHAgPSBNYXRoLm1pbigobW9udG9BY3R1YWwvbWV0YVRvdGFsKSoxMDAsMTAwKTsKICAgICAgICBjb25zdCByZXN0YW50ZSA9IG1ldGFUb3RhbCAtIG1vbnRvQWN0dWFsOwoKICAgICAgICBkb2N1bWVudC5nZXRFbGVtZW50QnlJZCgibGFiZWxTdGFydCIpLnRleHRDb250ZW50ID0gIlJhaXNlZDogIiArIGZvcm1hdE1vbmV5KG1vbnRvQWN0dWFsKTsKICAgICAgICBkb2N1bWVudC5nZXRFbGVtZW50QnlJZCgibGFiZWxFbmQiKS50ZXh0Q29udGVudCA9ICJHb2FsOiAiICsgZm9ybWF0TW9uZXkobWV0YVRvdGFsKTsKCiAgICAgICAgZG9jdW1lbnQuZ2V0RWxlbWVudEJ5SWQoInByb2dyZXNzQmFyIikuc3R5bGUud2lkdGggPSBwICsgIiUiOwogICAgICAgIGRvY3VtZW50LmdldEVsZW1lbnRCeUlkKCJ0ZXh0SW5zaWRlIikudGV4dENvbnRlbnQgPSBmb3JtYXRNb25leShtb250b0FjdHVhbCk7CgogICAgICAgIGRvY3VtZW50LmdldEVsZW1lbnRCeUlkKCJyZWNhdWRhZG8iKS50ZXh0Q29udGVudCA9IGZvcm1hdE1vbmV5KG1vbnRvQWN0dWFsKTsKICAgICAgICBkb2N1bWVudC5nZXRFbGVtZW50QnlJZCgiZmFsdGEiKS50ZXh0Q29udGVudCA9IGZvcm1hdE1vbmV5KHJlc3RhbnRlKTsKICAgIH07CgogICAgLy8gV1BCYWtlcnkgZWxpbWluYSBET01Db250ZW50TG9hZGVkIOKGkiB1c2Ftb3MgZmFsbGJhY2s6CiAgICBzZXRUaW1lb3V0KHdpbmRvdy5pbml0UmVjYXVkYWNpb24sIDUwKTsKCn0pKCk7Cjwvc2NyaXB0Pg==[\/vc_raw_html][vc_btn title=\u00bbDONAR AHORA\u00bb style=\u00bb3d\u00bb size=\u00bblg\u00bb align=\u00bbcenter\u00bb link=\u00bburl:https%3A%2F%2Fwww.paypal.com%2Fdonate%2F%3Fcmd%3D_s-xclick%26hosted_button_id%3DC3VZW9QLJM6U2%26ssrt%3D1726003375658|target:_blank|\u00bb][vc_empty_space height=\u00bb50px\u00bb][\/vc_column_inner][vc_column_inner width=\u00bb1\/2&#8243;][vc_raw_html]CiAgICAgICAgICA8aWZyYW1lIHdpZHRoPSI4NTQiIGhlaWdodD0iNDgwIiBzcmM9Imh0dHBzOi8vd3d3LnlvdXR1YmUuY29tL2VtYmVkL2MwSG9Zb2g2SVZvP3JlbD0wJmFtcDthdXRvcGxheT0xJmFtcDttdXRlPTAmYW1wO21vZGVzdGJyYW5kaW5nPTEiIHRpdGxlPSJSZXByb2R1Y3RvciBkZSB2w61kZW8gZGUgWW91VHViZSIgZnJhbWVib3JkZXI9IjAiIGFsbG93PSJhY2NlbGVyb21ldGVyOyBhdXRvcGxheTsgY2xpcGJvYXJkLXdyaXRlOyBlbmNyeXB0ZWQtbWVkaWE7IGd5cm9zY29wZTsgcGljdHVyZS1pbi1waWN0dXJlOyB3ZWItc2hhcmUiIGFsbG93ZnVsbHNjcmVlbj0iIj48L2lmcmFtZT4KICAgICAgICA=[\/vc_raw_html][\/vc_column_inner][\/vc_row_inner][\/vc_column][\/vc_row][vc_row general_row_align=\u00bbzass-align-center\u00bb css=\u00bb.vc_custom_1726863345383{margin-bottom: 0px !important;padding-top: 20px !important;padding-bottom: 40px !important;background-color: #ffffff !important;}\u00bb][vc_column][vc_message color=\u00bbinfo\u00bb]<\/p>\n<p style=\"font-weight: 400; text-align: center;\">\n            <strong>\u00a1Gracias a todas y a todos que nos ayudaron a acercarnos tanto a nuestra meta! Son una parte importante de la comunidad Kusi Kawsay que apoya esta floreciente visi\u00f3n.  <\/strong>\n          <\/p>\n<p style=\"font-weight: 400; text-align: center;\">Aunque la campa\u00f1a ha finalizado, apreciamos sus contribuciones durante todo el a\u00f1o y les invitamos que sigan disfrutando y compartiendo las hermosas historias de esta inspiradora campa\u00f1a. Somos Semillas, juntos sembramos un futuro brillante. <\/p>\n<p>[\/vc_message][vc_column_text]<\/p>\n<h6 style=\"text-align: justify;\">Queridos amigos y aliados,<\/h6>\n<h6 style=\"text-align: justify;\">La Asociaci\u00f3n Kusi Kawsay, comprometida con la preservaci\u00f3n y promoci\u00f3n de nuestras tradiciones ancestrales de los Andes, les extiende una invitaci\u00f3n muy especial.<\/h6>\n<p>[\/vc_column_text][vc_column_text]<\/p>\n<h6 style=\"text-align: justify;\">\n            <em>Bienvenidos a nuestra campa\u00f1a \u201cSomos Semillas\u201d, cuyo objetivo es asegurar que cada ni\u00f1a, ni\u00f1o, y joven de Kusi Kawsay contin\u00fae creciendo con ra\u00edces andinas con ramas que se extienden al mundo. En nuestra escuela, el aprendizaje no se mide solo por las calificaciones, sino por c\u00f3mo se fortalecen y florecen sus valores de respeto, solidaridad y amor por la vida. Con su contribuci\u00f3n, podemos garantizar becas, proyectos pedag\u00f3gicos y la continuidad de un modelo educativo que une la Cosmovisi\u00f3n Andina con la Pedagog\u00eda Waldorf. Cada aporte, por peque\u00f1o que sea, riega nuestras semillas y les permite germinar. <\/em><br \/>\n          <\/h6>\n<p>[\/vc_column_text][vc_column_text]<\/p>\n<h6 style=\"text-align: justify;\"><strong>Somos Semillas<\/strong><br \/>\nSeeds of a future in which education not only transmits knowledge but also strengthens roots of identity, and community. En Kusi Kawsay, los ni\u00f1os aprenden a trav\u00e9s de la experiencia: cultivan la tierra, cantan en quechua, bailan con \u00e9l coraz\u00f3n, y tejen la historia de sus abuelitos. Cada donaci\u00f3n nos permite seguir cuidando estas semillas para que florezcan en Allin Kawsay, la Buena Vida. Hoy le invitamos a sembrar con nosotros. Porque su apoyo es tierra f\u00e9rtil, agua, y luz solar, que ayudan a que cada semilla se convierta en un \u00e1rbol fuerte de cultura, dignidad, y esperanza.<\/h6>\n<p>[\/vc_column_text][vc_column_text]<\/p>\n<blockquote>\n<h6 style=\"text-align: justify;\">\n              <em>Hoy m\u00e1s que nunca, necesitamos su apoyo. La campa\u00f1a de recaudaci\u00f3n de fondos de este a\u00f1o tiene un objetivo claro: recaudar $70,000 para seguir promoviendo nuestras tradiciones, fortaleciendo nuestras comunidades y creando espacios de bienestar para todos. Con su colaboraci\u00f3n, podemos seguir sembrando semillas de bienestar y construyendo un futuro m\u00e1s sostenible y respetuoso con la Pachamama.<\/em><br \/>\n            <\/h6>\n<\/blockquote>\n<p>[\/vc_column_text][vc_column_text]<\/p>\n<h6 style=\"text-align: center;\">Para hacer una donaci\u00f3n, puede usar nuestro bot\u00f3n seguro para donaciones con PayPal, tarjeta de cr\u00e9dito o d\u00e9bito, y hacer<\/h6>\n<p style=\"text-align: center;\">\n            <a class=\"vc_general vc_btn3 vc_btn3-size-md vc_btn3-shape-rounded vc_btn3-style-3d vc_btn3-icon-left vc_btn3-color-grey\" title=\"\" href=\"https:\/\/kusikawsay.org\/es\/como-donar\/\"><i class=\"vc_btn3-icon fas fa-arrow-right\"><\/i> <strong>clic aqu\u00ed para conocer otras formas de donar<\/strong><\/a>\n          <\/p>\n<p>[\/vc_column_text][vc_column_text]<\/p>\n<h6 style=\"text-align: justify;\">Te invitamos a unirte a este esfuerzo. Su contribuci\u00f3n, grande o peque\u00f1a, marcar\u00e1 una diferencia significativa en nuestra misi\u00f3n. Adem\u00e1s, le invitamos a compartir este mensaje con sus amigos, familiares y aliados.<\/h6>\n<h4 style=\"text-align: center;\">\n            <strong><br \/>\n              <em>\u00abHoy sembramos juntos, ma\u00f1ana florece la educaci\u00f3n\u00bb<\/em><br \/>\n            <\/strong><br \/>\n          <\/h4>\n<h6 style=\"text-align: justify;\">Con gratitud y esperanza,<br \/>\n<strong>La comunidad Kusi Kawsay.<\/strong><\/h6>\n<p>[\/vc_column_text][vc_message color=\u00bbinfo\u00bb css=\u00bb.vc_custom_1763249156342{padding-top: 20px !important;}\u00bb]<\/p>\n<p style=\"text-align: justify;\">Como parte de nuestra campa\u00f1a de recaudaci\u00f3n de fondos 2025, quienes apoyen a Kusi Kawsay recibir\u00e1n este regalo especial: un set de 12 Cartas Or\u00e1culo Andino, s\u00edmbolo de gratitud y de conexi\u00f3n con la sabidur\u00eda de los Andes.<\/p>\n<p>[\/vc_message][\/vc_column][\/vc_row][vc_row full_width=\u00bbstretch_row\u00bb css=\u00bb.vc_custom_1731341265590{padding-bottom: 10px !important;background-color: #ffffff !important;}\u00bb][vc_column][vc_column_text css=\u00bb.vc_custom_1731341356834{margin-bottom: 60px !important;}\u00bb]<\/p>\n<h4 style=\"text-align: center;\">\n            <strong>\u00bfC\u00d3MO PUEDES AYUDAR?<\/strong><br \/>\n          <\/h4>\n<p>[\/vc_column_text][vc_row_inner content_placement=\u00bbmiddle\u00bb css=\u00bb.vc_custom_1731341310721{padding-top: 20px !important;padding-bottom: 20px !important;}\u00bb][vc_column_inner width=\u00bb1\/2&#8243;]\t\t\t<div class=\"wpb_content_element\">\n\t\t\t\t<div class=\"zass-iconbox\">\n\t\t\t\t\t<div class=\"icon_wrapper\">\n\t\t\t\t\t\t<span class=\"icon_inner\" style=\"background-color:#7ebfbf;\">\n\t\t\t\t\t\t\t\t\t\t\t\t\t\t\t<i class=\"fas fa-hand-holding-heart\"><\/i>\n\t\t\t\t\t\t\t\t\t\t\t\t\t<\/span>\n\t\t\t\t\t<\/div>\n\t\t\t\t\t<div class=\"iconbox_content\">\n\t\t\t\t\t\t\t\t\t\t\t\t\t<h5>Haz tu donaci\u00f3n<\/h5>\n\t\t\t\t\t\t\t\t\t\t\t\t\t\t\t\t\t\t\t<small>Cada aporte cuenta.<\/small>\n\t\t\t\t\t\t\t\t\t\t\t\t<div class=\"iconbox_text_content\">\n\t\t\t\t\t\t\t\t\t\t\t\t\t<\/div>\n\t\t\t\t\t<\/div>\n\t\t\t\t<\/div>\n\t\t\t<\/div>\n\t\t\t[\/vc_column_inner][vc_column_inner width=\u00bb1\/2&#8243;]\t\t\t<div class=\"wpb_content_element\">\n\t\t\t\t<div class=\"zass-iconbox\">\n\t\t\t\t\t<div class=\"icon_wrapper\">\n\t\t\t\t\t\t<span class=\"icon_inner\" style=\"background-color:#7ebfbf;\">\n\t\t\t\t\t\t\t\t\t\t\t\t\t\t\t<i class=\"fas fa-bullhorn\"><\/i>\n\t\t\t\t\t\t\t\t\t\t\t\t\t<\/span>\n\t\t\t\t\t<\/div>\n\t\t\t\t\t<div class=\"iconbox_content\">\n\t\t\t\t\t\t\t\t\t\t\t\t\t<h5>Comparte este mensaje<\/h5>\n\t\t\t\t\t\t\t\t\t\t\t\t\t\t\t\t\t\t\t<small>Ay\u00fadanos a llegar a m\u00e1s personas que puedan sumarse a nuestra causa.<\/small>\n\t\t\t\t\t\t\t\t\t\t\t\t<div class=\"iconbox_text_content\">\n\t\t\t\t\t\t\t\t\t\t\t\t\t<\/div>\n\t\t\t\t\t<\/div>\n\t\t\t\t<\/div>\n\t\t\t<\/div>\n\t\t\t[\/vc_column_inner][\/vc_row_inner][vc_column_text]<\/p>\n<h5 style=\"text-align: center;\">\n            <strong>Juntos, sembramos semillas de bienestar.<\/strong><br \/>\n          <\/h5>\n<p>[\/vc_column_text][vc_btn title=\u00bbDONAR AHORA\u00bb style=\u00bb3d\u00bb size=\u00bblg\u00bb align=\u00bbcenter\u00bb link=\u00bburl:https%3A%2F%2Fwww.paypal.com%2Fdonate%2F%3Fcmd%3D_s-xclick%26hosted_button_id%3DC3VZW9QLJM6U2%26ssrt%3D1726003375658|target:_blank|\u00bb css=\u00bb.vc_custom_1763232541883{padding-top: 20px !important;}\u00bb][\/vc_column][\/vc_row][vc_row full_width=\u00bbstretch_row\u00bb css=\u00bb.vc_custom_1488813254159{margin-bottom: 0px !important;padding-top: 80px !important;padding-bottom: 80px !important;background-color: #ffffff !important;}\u00bb][vc_column][vc_row_inner content_placement=\u00bbmiddle\u00bb gap=\u00bb35&#8243;][vc_column_inner width=\u00bb1\/2&#8243;][vc_single_image image=\u00bb6436&#8243; img_size=\u00bblarge\u00bb][\/vc_column_inner][vc_column_inner width=\u00bb1\/2&#8243;][vc_column_text]<\/p>\n<h2>Las cartas or\u00e1culo<\/h2>\n<p>[\/vc_column_text][vc_column_text]<\/p>\n<h5 style=\"text-align: justify;\">Un adelanto de algunas de las doce cartas del or\u00e1culo que recibir\u00e1s al donar a la campa\u00f1a \u00abSomos Semillas\u00bb 2025. Las cartas del or\u00e1culo (en ingl\u00e9s y espa\u00f1ol) transmiten un mensaje de fortaleza, esperanza y reciprocidad. Todas las ilustraciones son obra de los estudiantes de Kusi Kawsay.  <\/h5>\n<p>[\/vc_column_text][\/vc_column_inner][\/vc_row_inner][\/vc_column][\/vc_row][vc_row css=\u00bb.vc_custom_1726863294286{padding-bottom: 40px !important;}\u00bb][vc_column][vc_column_text]<\/p>\n<h5 style=\"text-align: left;\">Enlaces a boletines semanales de la campa\u00f1a \u00abSOMOS SEMILLAS\u00bb:<\/h5>\n<p>[\/vc_column_text][vc_column_text]<\/p>\n<ul>\n<li>\n<h6><span style=\"color: #009b7e !important;\"><a style=\"color: #009b7e !important;\" href=\"https:\/\/us2.campaign-archive.com\/?u=f220e3a8c6fef5cf5c385c1d1&amp;id=66c10434c8\" target=\"_blank\" rel=\"noopener\"><span class=\"elementor-icon-list-text\">El arte como semilla de futuro<\/span><\/a><\/span><\/h6>\n<\/li>\n<\/ul>\n<p>[\/vc_column_text][vc_column_text]<\/p>\n<ul>\n<li>\n<h6><span style=\"color: #009b7e !important;\"><a style=\"color: #009b7e !important;\" href=\"https:\/\/us2.campaign-archive.com\/?u=f220e3a8c6fef5cf5c385c1d1&amp;id=da41c1c643\" target=\"_blank\" rel=\"noopener\"><span class=\"elementor-icon-list-text\">La Qolqa de Semillas: un espacio de memoria y aprendizaje<\/span><\/a><\/span><\/h6>\n<\/li>\n<\/ul>\n<p>[\/vc_column_text][vc_column_text]<\/p>\n<ul>\n<li>\n<h6><span style=\"color: #009b7e !important;\"><a style=\"color: #009b7e !important;\" href=\"https:\/\/us2.campaign-archive.com\/?u=f220e3a8c6fef5cf5c385c1d1&amp;id=6ba88739ac\" target=\"_blank\" rel=\"noopener\"><span class=\"elementor-icon-list-text\">Semillas de Amor y Libertad<\/span><\/a><\/span><\/h6>\n<\/li>\n<\/ul>\n<p>[\/vc_column_text][vc_column_text]<\/p>\n<ul>\n<li>\n<h6><span style=\"color: #009b7e !important;\"><a style=\"color: #009b7e !important;\" href=\"https:\/\/us2.campaign-archive.com\/?u=f220e3a8c6fef5cf5c385c1d1&amp;id=4d55f35ef7\" target=\"_blank\" rel=\"noopener\"><span class=\"elementor-icon-list-text\">Semillas para el Mundo: la experiencia Across Americas de \u00d1awpa \u00d1an \u2013 Kusi Kawsay<\/span><\/a><\/span><\/h6>\n<\/li>\n<\/ul>\n<p>[\/vc_column_text][vc_column_text]<\/p>\n<ul>\n<li>\n<h6><span style=\"color: #009b7e !important;\"><a style=\"color: #009b7e !important;\" href=\"https:\/\/mailchi.mp\/ddcdd3a018f5\/seeds-traveling-from-the-heart-of-the-andes-to-gijn\" target=\"_blank\" rel=\"noopener\"><span class=\"elementor-icon-list-text\">Seeds traveling from the heart of the Andes to Gij\u00f3n!<\/span><\/a><\/span><\/h6>\n<\/li>\n<\/ul>\n<p>[\/vc_column_text][vc_column_text]<\/p>\n<ul>\n<li>\n<h6><span style=\"color: #009b7e !important;\"><a style=\"color: #009b7e !important;\" href=\"https:\/\/mailchi.mp\/30678934236f\/the-care-of-seeds-and-a-mothers-love\" target=\"_blank\" rel=\"noopener\"><span class=\"elementor-icon-list-text\">El cuidado de las semillas y el amor de una madre<\/span><\/a><\/span><\/h6>\n<\/li>\n<\/ul>\n<p>[\/vc_column_text][vc_column_text]<\/p>\n<ul>\n<li>\n<h6><span style=\"color: #009b7e !important;\"><a style=\"color: #009b7e !important;\" href=\"https:\/\/mailchi.mp\/ed4ddc844158\/support-the-sowing-of-life-at-kusi-kawsay\" target=\"_blank\" rel=\"noopener\"><span class=\"elementor-icon-list-text\">Apoya la siembra de vida en Kusi Kawsay<\/span><\/a><\/span><\/h6>\n<\/li>\n<\/ul>\n<p>[\/vc_column_text][vc_column_text]<\/p>\n<ul>\n<li>\n<h6><span style=\"color: #009b7e !important;\"><a style=\"color: #009b7e !important;\" href=\"https:\/\/mailchi.mp\/1f0bd2f337e3\/we-invite-you-to-be-part-of-this-collective-sowing\" target=\"_blank\" rel=\"noopener\"><span class=\"elementor-icon-list-text\">We invite you to be part of this collective sowing<\/span><\/a><\/span><\/h6>\n<\/li>\n<\/ul>\n<p>[\/vc_column_text][vc_column_text]<\/p>\n<ul>\n<li>\n<h6><span style=\"color: #009b7e !important;\"><a style=\"color: #009b7e !important;\" href=\"https:\/\/mailchi.mp\/a50e999f6ed0\/support-the-seeds-of-the-future-at-kusi-kawsay\" target=\"_blank\" rel=\"noopener\"><span class=\"elementor-icon-list-text\">\u00a1Apoya a las Semillas del Futuro en Kusi Kawsay!<\/span><\/a><\/span><\/h6>\n<\/li>\n<\/ul>\n<p>[\/vc_column_text][vc_column_text]<\/p>\n<ul>\n<li>\n<h6><span style=\"color: #009b7e !important;\"><a style=\"color: #009b7e !important;\" href=\"https:\/\/mailchi.mp\/8a7f29fe17be\/help-us-sow-hope-from-the-sacred-valley\" target=\"_blank\" rel=\"noopener\"><span class=\"elementor-icon-list-text\">\u00a1Ay\u00fadanos a sembrar esperanza desde el Valle Sagrado!<\/span><\/a><\/span><\/h6>\n<\/li>\n<\/ul>\n<p>[\/vc_column_text][vc_column_text]<\/p>\n<ul>\n<li>\n<h6><span style=\"color: #009b7e !important;\"><a style=\"color: #009b7e !important;\" href=\"https:\/\/mailchi.mp\/2b2324417b18\/qolqa-of-seeds-seed-bank\" target=\"_blank\" rel=\"noopener\"><span class=\"elementor-icon-list-text\">Qolqa de Semillas<\/span><\/a><\/span><\/h6>\n<\/li>\n<\/ul>\n<p>[\/vc_column_text][vc_column_text]<\/p>\n<ul>\n<li>\n<h6><span style=\"color: #009b7e !important;\"><a style=\"color: #009b7e !important;\" href=\"https:\/\/mailchi.mp\/5c2a1fc56b44\/story-of-the-andean-seeds\" target=\"_blank\" rel=\"noopener\"><span class=\"elementor-icon-list-text\">Historia de las semillas andinas<\/span><\/a><\/span><\/h6>\n<\/li>\n<\/ul>\n<p>[\/vc_column_text][vc_column_text]<\/p>\n<ul>\n<li>\n<h6><span style=\"color: #009b7e !important;\"><a style=\"color: #009b7e !important;\" href=\"https:\/\/mailchi.mp\/34d14a0c84be\/today-our-campaign-we-are-seeds-begins\" target=\"_blank\" rel=\"noopener\"><span class=\"elementor-icon-list-text\">\u00a1Hoy comienza nuestra campa\u00f1a \u201cSomos Semillas\u201d!<\/span><\/a><\/span><\/h6>\n<\/li>\n<\/ul>\n<p>[\/vc_column_text][vc_column_text]<\/p>\n<ul>\n<li>\n<h6><span style=\"color: #009b7e !important;\"><a style=\"color: #009b7e !important;\" href=\"https:\/\/mailchi.mp\/54e9020d0ff9\/tomorrow-begins-we-are-seeds\" target=\"_blank\" rel=\"noopener\"><span class=\"elementor-icon-list-text\">Ma\u00f1ana comienza \u201cSomos Semillas\u201d<\/span><\/a><\/span><\/h6>\n<\/li>\n<\/ul>\n<p>[\/vc_column_text][vc_column_text]<\/p>\n<ul>\n<li>\n<h6><span style=\"color: #009b7e !important;\"><a style=\"color: #009b7e !important;\" href=\"https:\/\/mailchi.mp\/1d69396f6c6a\/only-2-days-left-to-sow-together\" target=\"_blank\" rel=\"noopener\"><span class=\"elementor-icon-list-text\">\u00a1Faltan 2 d\u00edas para sembrar juntos!<\/span><\/a><\/span><\/h6>\n<\/li>\n<\/ul>\n<p>[\/vc_column_text][vc_column_text]<\/p>\n<ul>\n<li>\n<h6><span style=\"color: #009b7e !important;\"><a style=\"color: #009b7e !important;\" href=\"https:\/\/mailchi.mp\/dcc03e1d73a8\/only-4-days-left-each-seed-holds-a-universe\" target=\"_blank\" rel=\"noopener\"><span class=\"elementor-icon-list-text\">En solo 3 d\u00edas, compartiremos contigo el latido de nuestra campa\u00f1a \u201cSomos Semillas\u201d<\/span><\/a><\/span><\/h6>\n<\/li>\n<\/ul>\n<p>[\/vc_column_text][vc_column_text]<\/p>\n<ul>\n<li>\n<h6><span style=\"color: #009b7e !important;\"><a style=\"color: #009b7e !important;\" href=\"https:\/\/mailchi.mp\/dcc03e1d73a8\/only-4-days-left-each-seed-holds-a-universe\" target=\"_blank\" rel=\"noopener\"><span class=\"elementor-icon-list-text\">\u00a1Faltan 4 d\u00edas para recordar que cada semilla guarda un universo! <\/span><\/a><\/span><\/h6>\n<\/li>\n<\/ul>\n<p>[\/vc_column_text][vc_column_text]<\/p>\n<ul>\n<li>\n<h6><span style=\"color: #009b7e !important;\"><a style=\"color: #009b7e !important;\" href=\"https:\/\/mailchi.mp\/1b174275238d\/in-just-5-days-we-will-share-something-very-special-with-you\" target=\"_blank\" rel=\"noopener\"><span class=\"elementor-icon-list-text\">En solo 5 d\u00edas compartiremos contigo algo muy especial<\/span><\/a><\/span><\/h6>\n<\/li>\n<\/ul>\n<p>[\/vc_column_text][vc_column_text]<\/p>\n<ul>\n<li>\n<h6><span style=\"color: #009b7e !important;\"><a style=\"color: #009b7e !important;\" href=\"https:\/\/mailchi.mp\/af4d466e140f\/only-6-days-left-until-we-sow-the-future-together-with-kusi-kawsay\" target=\"_blank\" rel=\"noopener\"><span class=\"elementor-icon-list-text\">\u00a1Faltan solo 6 d\u00edas para sembrar juntos el futuro con Kusi Kawsay!<\/span><\/a><\/span><\/h6>\n<\/li>\n<\/ul>\n<p>[\/vc_column_text][vc_column_text]<\/p>\n<ul>\n<li>\n<h6><span style=\"color: #009b7e !important;\"><a style=\"color: #009b7e !important;\" href=\"https:\/\/mailchi.mp\/f3227b83779a\/announcing-our-2025-fundraising-campaign\" target=\"_blank\" rel=\"noopener\"><span class=\"elementor-icon-list-text\">Anunciando nuestra campa\u00f1a de recaudaci\u00f3n de fondos 2025<\/span><\/a><\/span><\/h6>\n<\/li>\n<\/ul>\n<p>[\/vc_column_text][\/vc_column][\/vc_row]<\/p>\n<\/section>","protected":false},"excerpt":{"rendered":"<p>[vc_row full_width=\u00bbstretch_row\u00bb video_opacity=\u00bb0.5&#8243; css=\u00bb.vc_custom_1762604355786{background-image: url(https:\/\/kusikawsay.org\/wp-content\/uploads\/2024\/09\/kusi_nan_banner.jpg?id=2984) !important;}\u00bb][vc_column][vc_row_inner content_placement=\u00bbmiddle\u00bb gap=\u00bb35&#8243;][vc_column_inner width=\u00bb1\/2&#8243;][vc_column_text] \u201cSOMOS SEMILLAS\u201d [\/vc_column_text][vc_column_text] Nuestra Campa\u00f1a de Recaudaci\u00f3n de Fondos 2025 17 de noviembre de 2025 &#8211; 08 de enero de 2026 [\/vc_column_text][vc_column_text] \u00bfHas notado la ternura de una semilla que brota silenciosamente? Nunca act\u00faa por s\u00ed sola. La tierra la acoge y la protege con delicadeza &#8230;<a class=\"r_more_blog\" href=\"https:\/\/kusikawsay.org\/es\/campana-de-recaudacion-de-fondos-2025\/#more-6259\"><i class=\"fa fa-sign-in\"><\/i> read more<\/a><\/p>\n","protected":false},"author":1,"featured_media":0,"parent":0,"menu_order":0,"comment_status":"closed","ping_status":"closed","template":"","meta":{"footnotes":""},"class_list":["post-6259","page","type-page","status-publish","hentry"],"_links":{"self":[{"href":"https:\/\/kusikawsay.org\/es\/wp-json\/wp\/v2\/pages\/6259","targetHints":{"allow":["GET"]}}],"collection":[{"href":"https:\/\/kusikawsay.org\/es\/wp-json\/wp\/v2\/pages"}],"about":[{"href":"https:\/\/kusikawsay.org\/es\/wp-json\/wp\/v2\/types\/page"}],"author":[{"embeddable":true,"href":"https:\/\/kusikawsay.org\/es\/wp-json\/wp\/v2\/users\/1"}],"replies":[{"embeddable":true,"href":"https:\/\/kusikawsay.org\/es\/wp-json\/wp\/v2\/comments?post=6259"}],"version-history":[{"count":120,"href":"https:\/\/kusikawsay.org\/es\/wp-json\/wp\/v2\/pages\/6259\/revisions"}],"predecessor-version":[{"id":6525,"href":"https:\/\/kusikawsay.org\/es\/wp-json\/wp\/v2\/pages\/6259\/revisions\/6525"}],"wp:attachment":[{"href":"https:\/\/kusikawsay.org\/es\/wp-json\/wp\/v2\/media?parent=6259"}],"curies":[{"name":"wp","href":"https:\/\/api.w.org\/{rel}","templated":true}]}}