{"id":6629,"date":"2026-03-04T02:19:26","date_gmt":"2026-03-04T02:19:26","guid":{"rendered":"https:\/\/kusikawsay.org\/allin-kawsay-educacion-para-el-buen-vivir\/"},"modified":"2026-03-05T16:47:47","modified_gmt":"2026-03-05T16:47:47","slug":"allin-kawsay-educacion-para-el-buen-vivir","status":"publish","type":"page","link":"https:\/\/kusikawsay.org\/es\/allin-kawsay-educacion-para-el-buen-vivir\/","title":{"rendered":"Allin Kawsay: Educaci\u00f3n para el Buen Vivir"},"content":{"rendered":"<section class=\"wpb-content-wrapper\"><p>[vc_row full_height=\u00bbyes\u00bb content_placement=\u00bbtop\u00bb parallax=\u00bbcontent-moving\u00bb allow_overflow=\u00bbyes\u00bb css=\u00bb.vc_custom_1772729151515{background-image: url(https:\/\/kusikawsay.org\/wp-content\/uploads\/2026\/03\/Allin-Kawsay-Kusi-Kawsay_banner-1-scaled.jpg?id=6828) !important;}\u00bb][vc_column width=\u00bb1\/2&#8243; css=\u00bb.vc_custom_1478075257916{padding-top: 0px !important;}\u00bb][\/vc_column][vc_column width=\u00bb1\/2&#8243; css=\u00bb.vc_custom_1726790038288{margin-top: 0px !important;padding-top: 0px !important;background-color: rgba(255,255,255,0.85) !important;*background-color: rgb(255,255,255) !important;}\u00bb][vc_custom_heading text=\u00bb<br \/>\n          <strong>Allin Kawsay: Educaci\u00f3n para el Buen Vivir<\/strong><br \/>\n        \u00bb font_container=\u00bbtag:h4|text_align:left\u00bb use_theme_fonts=\u00bbyes\u00bb css=\u00bb.vc_custom_1772590628498{padding-right: 25px !important;padding-left: 25px !important;}\u00bb][vc_separator color=\u00bbcustom\u00bb align=\u00bbalign_left\u00bb border_width=\u00bb3&#8243; el_width=\u00bb20&#8243; css=\u00bb.vc_custom_1680530203997{margin-bottom: 15px !important;padding-top: 15px !important;padding-bottom: 15px !important;}\u00bb accent_color=\u00bb#f8c014&#8243;][vc_column_text css=\u00bb.vc_custom_1772656484546{padding-right: 25px !important;padding-left: 25px !important;}\u00bb]<\/p>\n<h6 style=\"text-align: justify;\">El <strong>Allin Kawsay<\/strong> \u201cBuen Vivir\u201d en lengua quechua es el coraz\u00f3n filos\u00f3fico y pedag\u00f3gico de la Asociaci\u00f3n Kusi Kawsay. M\u00e1s que un concepto, es una forma de entender la vida, la educaci\u00f3n y la comunidad desde la armon\u00eda con uno mismo, con los dem\u00e1s y con la Pachamama. <\/h6>\n<h6 style=\"text-align: justify;\">Nuestro enfoque parte del reconocimiento de la identidad cultural andina como fuente de conocimiento, sabidur\u00eda y equilibrio. Creemos que educar no es s\u00f3lo transmitir contenidos, sino acompa\u00f1ar procesos de crecimiento integral que fortalezcan la autoestima, la conciencia comunitaria, la responsabilidad social y el v\u00ednculo con la naturaleza. <\/h6>\n<h6 style=\"text-align: justify;\">\n            <strong>Una educaci\u00f3n integral y comunitaria<\/strong><br \/>\n          <\/h6>\n<p>[\/vc_column_text][\/vc_column][\/vc_row][vc_row css=\u00bb.vc_custom_1772591456537{padding-top: 50px !important;}\u00bb][vc_column][vc_custom_heading text=\u00bbEl programa Allin Kawsay promueve:\u00bb font_container=\u00bbtag:h3|text_align:center\u00bb use_theme_fonts=\u00bbyes\u00bb][vc_column_text css=\u00bb.vc_custom_1772592133311{padding-top: 20px !important;}\u00bb]<\/p>\n<h6 style=\"text-align: justify;\"><strong>Conexi\u00f3n con la tierra y los ciclos naturales<\/strong>, a trav\u00e9s de experiencias vivenciales como el cultivo, la alimentaci\u00f3n consciente y el cuidado del entorno.<\/h6>\n<h6 style=\"text-align: justify;\"><strong>Desarrollo Socioemocional<\/strong>, fomentando la reconexi\u00f3n con el ni\u00f1o y la ni\u00f1a interior, la gesti\u00f3n saludable de emociones y la construcci\u00f3n de relaciones respetuosas en las Instituciones Educativas del Valle Sagrado.<\/h6>\n<h6 style=\"text-align: justify;\"><strong>Identidad cultural viva<\/strong>, integrando la sabidur\u00eda ancestral, lengua quechua, arte, m\u00fasica, ritualidad y memoria comunitaria en el proceso educativo.<\/h6>\n<h6 style=\"text-align: justify;\"><strong>Aprendizaje colaborativo<\/strong>, fortaleciendo la participaci\u00f3n de docentes, familias y sabios locales como parte activa de la formaci\u00f3n.<\/h6>\n<h6 style=\"text-align: justify;\"><strong>Aprender desde la experiencia<\/strong>, en Allin Kawsay el aprendizaje nace de la experiencia significativa. Las ni\u00f1as, ni\u00f1os y j\u00f3venes aprenden haciendo, cultivando, creando, investigando y reflexionando sobre su realidad. Esta metodolog\u00eda interdisciplinaria integra ciencia, cultura, arte, lenguaje y convivencia, promoviendo una comprensi\u00f3n profunda y contextualizada del mundo.  <\/h6>\n<h6 style=\"text-align: justify;\"><strong>Educaci\u00f3n sexual integral con enfoque de g\u00e9nero e intercultural<\/strong>, promoviendo el conocimiento del cuerpo, el autocuidado, el respeto por la diversidad, la prevenci\u00f3n de violencias y la construcci\u00f3n de relaciones equitativas. Este enfoque dialoga con los valores culturales andinos y los<br \/>derechos humanos, fortaleciendo una formaci\u00f3n cr\u00edtica, informada y respetuosa de las diferencias. <\/h6>\n<h6 style=\"text-align: justify;\"><strong>Educaci\u00f3n con prop\u00f3sito<\/strong>, nuestro compromiso es formar personas \u00edntegras, cr\u00edticas y conscientes, capaces de contribuir al bienestar colectivo desde sus ra\u00edces culturales. Allin Kawsay no solo busca el \u00e9xito acad\u00e9mico, sino el equilibrio entre mente, coraz\u00f3n, comunidad y naturaleza. Creemos que otra educaci\u00f3n es posible: una educaci\u00f3n que honra la vida, fortalece la identidad y construye futuro desde el Buen Vivir.  <\/h6>\n<h6 style=\"text-align: justify;\"><strong>Beneficiarios<\/strong>: + 500 estudiantes<\/h6>\n<p>[\/vc_column_text][\/vc_column][\/vc_row]<\/p>\n<\/section>","protected":false},"excerpt":{"rendered":"<p>[vc_row full_height=\u00bbyes\u00bb content_placement=\u00bbtop\u00bb parallax=\u00bbcontent-moving\u00bb allow_overflow=\u00bbyes\u00bb css=\u00bb.vc_custom_1772729151515{background-image: url(https:\/\/kusikawsay.org\/wp-content\/uploads\/2026\/03\/Allin-Kawsay-Kusi-Kawsay_banner-1-scaled.jpg?id=6828) !important;}\u00bb][vc_column width=\u00bb1\/2&#8243; css=\u00bb.vc_custom_1478075257916{padding-top: 0px !important;}\u00bb][\/vc_column][vc_column width=\u00bb1\/2&#8243; css=\u00bb.vc_custom_1726790038288{margin-top: 0px !important;padding-top: 0px !important;background-color: rgba(255,255,255,0.85) !important;*background-color: rgb(255,255,255) !important;}\u00bb][vc_custom_heading text=\u00bb Allin Kawsay: Educaci\u00f3n para el Buen Vivir \u00bb font_container=\u00bbtag:h4|text_align:left\u00bb use_theme_fonts=\u00bbyes\u00bb css=\u00bb.vc_custom_1772590628498{padding-right: 25px !important;padding-left: 25px !important;}\u00bb][vc_separator color=\u00bbcustom\u00bb align=\u00bbalign_left\u00bb border_width=\u00bb3&#8243; el_width=\u00bb20&#8243; css=\u00bb.vc_custom_1680530203997{margin-bottom: 15px !important;padding-top: 15px !important;padding-bottom: 15px !important;}\u00bb accent_color=\u00bb#f8c014&#8243;][vc_column_text css=\u00bb.vc_custom_1772656484546{padding-right: 25px !important;padding-left: 25px !important;}\u00bb] &#8230;<a class=\"r_more_blog\" href=\"https:\/\/kusikawsay.org\/es\/allin-kawsay-educacion-para-el-buen-vivir\/#more-6629\"><i class=\"fa fa-sign-in\"><\/i> read more<\/a><\/p>\n","protected":false},"author":1,"featured_media":0,"parent":0,"menu_order":0,"comment_status":"closed","ping_status":"closed","template":"","meta":{"footnotes":""},"class_list":["post-6629","page","type-page","status-publish","hentry"],"_links":{"self":[{"href":"https:\/\/kusikawsay.org\/es\/wp-json\/wp\/v2\/pages\/6629","targetHints":{"allow":["GET"]}}],"collection":[{"href":"https:\/\/kusikawsay.org\/es\/wp-json\/wp\/v2\/pages"}],"about":[{"href":"https:\/\/kusikawsay.org\/es\/wp-json\/wp\/v2\/types\/page"}],"author":[{"embeddable":true,"href":"https:\/\/kusikawsay.org\/es\/wp-json\/wp\/v2\/users\/1"}],"replies":[{"embeddable":true,"href":"https:\/\/kusikawsay.org\/es\/wp-json\/wp\/v2\/comments?post=6629"}],"version-history":[{"count":14,"href":"https:\/\/kusikawsay.org\/es\/wp-json\/wp\/v2\/pages\/6629\/revisions"}],"predecessor-version":[{"id":6887,"href":"https:\/\/kusikawsay.org\/es\/wp-json\/wp\/v2\/pages\/6629\/revisions\/6887"}],"wp:attachment":[{"href":"https:\/\/kusikawsay.org\/es\/wp-json\/wp\/v2\/media?parent=6629"}],"curies":[{"name":"wp","href":"https:\/\/api.w.org\/{rel}","templated":true}]}}