{"id":6646,"date":"2026-03-04T03:07:06","date_gmt":"2026-03-04T03:07:06","guid":{"rendered":"https:\/\/kusikawsay.org\/warmikunaq-rimaynin-la-voz-de-las-mujeres\/"},"modified":"2026-03-04T20:50:29","modified_gmt":"2026-03-04T20:50:29","slug":"warmikunaq-rimaynin-la-voz-de-las-mujeres","status":"publish","type":"page","link":"https:\/\/kusikawsay.org\/es\/warmikunaq-rimaynin-la-voz-de-las-mujeres\/","title":{"rendered":"Warmikunaq Rimaynin: La Voz de las Mujeres"},"content":{"rendered":"<section class=\"wpb-content-wrapper\"><p>[vc_row full_width=\u00bbstretch_row\u00bb full_height=\u00bbyes\u00bb content_placement=\u00bbtop\u00bb parallax=\u00bbcontent-moving\u00bb general_row_align=\u00bbzass-align-center\u00bb allow_overflow=\u00bbyes\u00bb point_down=\u00bbyes\u00bb css=\u00bb.vc_custom_1772656514922{background-image: url(https:\/\/kusikawsay.org\/wp-content\/uploads\/2026\/03\/Warmikunaq-Rimaynin_banner-scaled.jpg?id=6785) !important;}\u00bb][vc_column width=\u00bb1\/2&#8243; css=\u00bb.vc_custom_1478075257916{padding-top: 0px !important;}\u00bb][\/vc_column][vc_column width=\u00bb1\/2&#8243; css=\u00bb.vc_custom_1726790038288{margin-top: 0px !important;padding-top: 0px !important;background-color: rgba(255,255,255,0.85) !important;*background-color: rgb(255,255,255) !important;}\u00bb][vc_custom_heading text=\u00bb<br \/>\n          <strong>Warmikunaq Rimaynin: La Voz de las Mujeres<\/strong><br \/>\n        \u00bb font_container=\u00bbtag:h4|text_align:left\u00bb use_theme_fonts=\u00bbyes\u00bb css=\u00bb.vc_custom_1772593556195{padding-right: 25px !important;padding-left: 25px !important;}\u00bb][vc_separator color=\u00bbcustom\u00bb align=\u00bbalign_left\u00bb border_width=\u00bb3&#8243; el_width=\u00bb20&#8243; css=\u00bb.vc_custom_1680530203997{margin-bottom: 15px !important;padding-top: 15px !important;padding-bottom: 15px !important;}\u00bb accent_color=\u00bb#f8c014&#8243;][vc_column_text css=\u00bb.vc_custom_1772593624630{padding-right: 25px !important;padding-left: 25px !important;}\u00bb]<\/p>\n<h6 style=\"text-align: justify;\"><strong>Warmikunaq Rimaynin<\/strong> es nuestra apuesta por la justicia social y la equidad de g\u00e9nero. Esta iniciativa liderada por mujeres ind\u00edgenas nace para honrar, proteger y empoderar a las ni\u00f1as y mujeres andinas, rescatando su papel fundamental en la preservaci\u00f3n de la vida y la cultura. <\/h6>\n<h6 style=\"text-align: justify;\">Durante m\u00e1s de 30 a\u00f1os, hemos caminado junto a nuestro legado andino, recopilando la sabidur\u00eda de nuestras mayores. Entrelazamos los conocimientos ancestrales con una visi\u00f3n transformadora de lo femenino, creando espacios donde el pasado, presente y futuro se encuentran. <\/h6>\n<p>[\/vc_column_text][\/vc_column][\/vc_row][vc_row css=\u00bb.vc_custom_1772591456537{padding-top: 50px !important;}\u00bb][vc_column][vc_custom_heading text=\u00bb\u00c1reas de Acci\u00f3n y Formaci\u00f3n\u00bb font_container=\u00bbtag:h3|text_align:center\u00bb use_theme_fonts=\u00bbyes\u00bb][vc_column_text css=\u00bb.vc_custom_1772594294320{padding-top: 20px !important;}\u00bb]<\/p>\n<blockquote>\n<h6 style=\"text-align: justify;\">\n              <strong>A trav\u00e9s de c\u00edrculos de mujeres y talleres permanentes en la Escuela Kusi Kawsay, el proyecto Kusi \u00d1an y los programas culturales de \u00d1awpa \u00d1an, lideramos procesos de sanaci\u00f3n y aprendizaje en:<\/strong><br \/>\n            <\/h6>\n<\/blockquote>\n<p>[\/vc_column_text][vc_column_text css=\u00bb.vc_custom_1772594422317{padding-top: 20px !important;}\u00bb]<\/p>\n<ul>\n<li style=\"text-align: justify;\"><strong>Soveran\u00eda y Salud<\/strong>: Nutrici\u00f3n, sanaci\u00f3n con plantas medicinales end\u00e9micas, salud mental y reproductiva y sexual.<\/li>\n<li style=\"text-align: justify;\"><strong>Liderazgo y Creatividad:<\/strong> Artes, expresi\u00f3n y formaci\u00f3n de l\u00edderesas ind\u00edgenas incluyendo programas de empoderamiento destinados a la conclusi\u00f3n de estudios de ni\u00f1as y j\u00f3venes andinas.<\/li>\n<li style=\"text-align: justify;\"><strong>Sanaci\u00f3n Intergeneracional:<\/strong> Espacios para imaginar y construir futuros renovados para las familias y las naciones andinas quechua-amaz\u00f3nicas.<\/li>\n<li style=\"text-align: justify;\"><strong>Producci\u00f3n Musical<\/strong>: Recopilamos y creamos canciones que denuncian la persecuci\u00f3n hist\u00f3rica de las mujeres ind\u00edgenas y visibilizan el v\u00ednculo cr\u00edtico entre la extracci\u00f3n ambiental y la violencia contra la Madre Tierra.<\/li>\n<li style=\"text-align: justify;\"><strong>Campa\u00f1as de Concientizaci\u00f3n:<\/strong> Creamos campa\u00f1as que buscan transformar la realidad social de las mujeres, confrontando de ra\u00edz las problem\u00e1ticas de g\u00e9nero con el objetivo de convertir cada comunidad en un territorio justo y seguro. Un ejemplo de ello es: #WarmallanAmaraqMamaqa, donde bajo el lema \u00abNi\u00f1as, No Madres\u00bb, trabajamos para eliminar estigmas y garantizar una educaci\u00f3n sexual integral basada en la autonom\u00eda, la prevenci\u00f3n y la justicia social. <\/li>\n<li style=\"text-align: justify;\"><strong>Participaci\u00f3n en eventos internacionales<\/strong>: Este a\u00f1o 2026, el Inti Raymi \u2014el encuentro internacional m\u00e1s emblem\u00e1tico de las naciones ind\u00edgenas\u2014 contar\u00e1 con una presencia femenina sin precedentes. Doce mujeres lideresas de Per\u00fa, Bolivia, Ecuador y Estados Unidos asumir\u00e1n el rol de presentadoras especiales, posicionando la sabidur\u00eda ancestral en el centro del di\u00e1logo global. <\/li>\n<\/ul>\n<p>[\/vc_column_text][\/vc_column][\/vc_row]<\/p>\n<\/section>","protected":false},"excerpt":{"rendered":"<p>[vc_row full_width=\u00bbstretch_row\u00bb full_height=\u00bbyes\u00bb content_placement=\u00bbtop\u00bb parallax=\u00bbcontent-moving\u00bb general_row_align=\u00bbzass-align-center\u00bb allow_overflow=\u00bbyes\u00bb point_down=\u00bbyes\u00bb css=\u00bb.vc_custom_1772656514922{background-image: url(https:\/\/kusikawsay.org\/wp-content\/uploads\/2026\/03\/Warmikunaq-Rimaynin_banner-scaled.jpg?id=6785) !important;}\u00bb][vc_column width=\u00bb1\/2&#8243; css=\u00bb.vc_custom_1478075257916{padding-top: 0px !important;}\u00bb][\/vc_column][vc_column width=\u00bb1\/2&#8243; css=\u00bb.vc_custom_1726790038288{margin-top: 0px !important;padding-top: 0px !important;background-color: rgba(255,255,255,0.85) !important;*background-color: rgb(255,255,255) !important;}\u00bb][vc_custom_heading text=\u00bb Warmikunaq Rimaynin: La Voz de las Mujeres \u00bb font_container=\u00bbtag:h4|text_align:left\u00bb use_theme_fonts=\u00bbyes\u00bb css=\u00bb.vc_custom_1772593556195{padding-right: 25px !important;padding-left: 25px !important;}\u00bb][vc_separator color=\u00bbcustom\u00bb align=\u00bbalign_left\u00bb border_width=\u00bb3&#8243; el_width=\u00bb20&#8243; css=\u00bb.vc_custom_1680530203997{margin-bottom: 15px !important;padding-top: 15px !important;padding-bottom: 15px !important;}\u00bb accent_color=\u00bb#f8c014&#8243;][vc_column_text css=\u00bb.vc_custom_1772593624630{padding-right: 25px &#8230;<a class=\"r_more_blog\" href=\"https:\/\/kusikawsay.org\/es\/warmikunaq-rimaynin-la-voz-de-las-mujeres\/#more-6646\"><i class=\"fa fa-sign-in\"><\/i> read more<\/a><\/p>\n","protected":false},"author":1,"featured_media":0,"parent":0,"menu_order":0,"comment_status":"closed","ping_status":"closed","template":"","meta":{"footnotes":""},"class_list":["post-6646","page","type-page","status-publish","hentry"],"_links":{"self":[{"href":"https:\/\/kusikawsay.org\/es\/wp-json\/wp\/v2\/pages\/6646","targetHints":{"allow":["GET"]}}],"collection":[{"href":"https:\/\/kusikawsay.org\/es\/wp-json\/wp\/v2\/pages"}],"about":[{"href":"https:\/\/kusikawsay.org\/es\/wp-json\/wp\/v2\/types\/page"}],"author":[{"embeddable":true,"href":"https:\/\/kusikawsay.org\/es\/wp-json\/wp\/v2\/users\/1"}],"replies":[{"embeddable":true,"href":"https:\/\/kusikawsay.org\/es\/wp-json\/wp\/v2\/comments?post=6646"}],"version-history":[{"count":9,"href":"https:\/\/kusikawsay.org\/es\/wp-json\/wp\/v2\/pages\/6646\/revisions"}],"predecessor-version":[{"id":6839,"href":"https:\/\/kusikawsay.org\/es\/wp-json\/wp\/v2\/pages\/6646\/revisions\/6839"}],"wp:attachment":[{"href":"https:\/\/kusikawsay.org\/es\/wp-json\/wp\/v2\/media?parent=6646"}],"curies":[{"name":"wp","href":"https:\/\/api.w.org\/{rel}","templated":true}]}}