{"id":6664,"date":"2026-03-04T03:34:43","date_gmt":"2026-03-04T03:34:43","guid":{"rendered":"https:\/\/kusikawsay.org\/rumi-maki-karate\/"},"modified":"2026-03-05T16:47:41","modified_gmt":"2026-03-05T16:47:41","slug":"rumi-maki-karate","status":"publish","type":"page","link":"https:\/\/kusikawsay.org\/es\/rumi-maki-karate\/","title":{"rendered":"Rumi Maki Karate"},"content":{"rendered":"<section class=\"wpb-content-wrapper\"><p>[vc_row full_width=\u00bbstretch_row\u00bb full_height=\u00bbyes\u00bb content_placement=\u00bbtop\u00bb parallax=\u00bbcontent-moving\u00bb general_row_align=\u00bbzass-align-center\u00bb point_down=\u00bbyes\u00bb css=\u00bb.vc_custom_1772727526648{background-image: url(https:\/\/kusikawsay.org\/wp-content\/uploads\/2026\/03\/Rumi-Maki-Karate-banner-1-scaled.jpg?id=6775) !important;}\u00bb][vc_column width=\u00bb1\/2&#8243; css=\u00bb.vc_custom_1478075257916{padding-top: 0px !important;}\u00bb][\/vc_column][vc_column width=\u00bb1\/2&#8243; css=\u00bb.vc_custom_1726790038288{margin-top: 0px !important;padding-top: 0px !important;background-color: rgba(255,255,255,0.85) !important;*background-color: rgb(255,255,255) !important;}\u00bb][vc_custom_heading text=\u00bb<br \/>\n          <strong>Rumi Maki Karate<\/strong><br \/>\n        \u00bb font_container=\u00bbtag:h4|text_align:left\u00bb use_theme_fonts=\u00bbyes\u00bb css=\u00bb.vc_custom_1772595231230{padding-right: 25px !important;padding-left: 25px !important;}\u00bb][vc_separator color=\u00bbcustom\u00bb align=\u00bbalign_left\u00bb border_width=\u00bb3&#8243; el_width=\u00bb20&#8243; css=\u00bb.vc_custom_1680530203997{margin-bottom: 15px !important;padding-top: 15px !important;padding-bottom: 15px !important;}\u00bb accent_color=\u00bb#f8c014&#8243;][vc_column_text css=\u00bb.vc_custom_1772595267033{padding-right: 25px !important;padding-left: 25px !important;}\u00bb]<\/p>\n<h6 style=\"text-align: justify;\">RUMI MAKI DOJO, miembro de TKIC PER\u00da y de la LIGA DE KARATE DEL DISTRITO PISAC-CUSCO, es un programa complementario de la Asociaci\u00f3n Kusi Kawsay que promueve el bienestar a trav\u00e9s del fomento del sano disciplina y desarrollo atl\u00e9tico y f\u00edsico.<\/h6>\n<h6 style=\"text-align: justify;\">El Dojo Rumi Maki, ubicado en el pueblo agrario de Taray, en el coraz\u00f3n del Valle Sagrado de los Incas, ofrece un entorno privilegiado, enclavado en los campos de ma\u00edz con el r\u00edo Qesermayo fluyendo cerca; un lugar ideal para practicar karate en conexi\u00f3n con la naturaleza. La vitalidad y la fuerza de la geograf\u00eda, la cultura y la tradici\u00f3n andinas comparten similitudes con la pr\u00e1ctica ancestral del Zen. <\/h6>\n<p>[\/vc_column_text][\/vc_column][\/vc_row][vc_row css=\u00bb.vc_custom_1772591456537{padding-top: 50px !important;}\u00bb][vc_column][vc_column_text css=\u00bb.vc_custom_1772595672672{padding-top: 20px !important;}\u00bb]<\/p>\n<blockquote>\n<h6 style=\"text-align: justify;\">La misi\u00f3n principal de Rumi Maki Dojo es ofrecer la oportunidad de aprender karate a ni\u00f1os de esta zona rural que, de otro modo, no tendr\u00edan acceso a esta experiencia, principalmente debido a limitaciones econ\u00f3micas.<\/h6>\n<h6 style=\"text-align: justify;\">Rumi Maki tambi\u00e9n facilita a las ni\u00f1as, ni\u00f1os y j\u00f3venes de la zona, abierta al p\u00fablico, la posibilidad de participar en eventos de alto nivel en un entorno hermoso y m\u00e1gico, practicando karate conectado con la fuerza tel\u00farica de los Andes.<\/h6>\n<\/blockquote>\n<p>[\/vc_column_text][vc_column_text css=\u00bb.vc_custom_1772595934846{padding-top: 20px !important;}\u00bb]<\/p>\n<h6 style=\"text-align: justify;\">\n            <strong>Valores del Karate<\/strong><br \/>\n          <\/h6>\n<h6 style=\"text-align: justify;\">El Karate no solo desarrolla el aspecto f\u00edsico, sino que, m\u00e1s profundamente, promueve valores fundamentales como la disciplina, el respeto, la humildad, la lealtad, la solidaridad y, sobre todo, genera paz interior que se refleja en una actitud no violenta, con la capacidad de controlar las fuerzas y emociones internas.<\/h6>\n<h6 style=\"text-align: justify;\">Kusi Kawsay considera estos valores clave para ser miembros exitosos de la sociedad y futuros l\u00edderes, lo que convierte al Karate en una pr\u00e1ctica valiosa que contribuye a la educaci\u00f3n y formaci\u00f3n de ni\u00f1as, ni\u00f1os y j\u00f3venes en los Andes.<\/h6>\n<h6 style=\"text-align: justify;\">\n            <strong>Reconocimiento Internacional<\/strong><br \/>\n          <\/h6>\n<h6 style=\"text-align: justify;\">A trav\u00e9s de esta liga se ha participado en competencias a nivel local, regional, nacional e incluso internacional, ganando medallas y trofeos, adem\u00e1s de una valiosa autoestima.<\/h6>\n<h6 style=\"text-align: justify;\">Nuestros estudiantes han pertenecido a la Selecci\u00f3n Peruana en diferentes oportunidades, adem\u00e1s de haber campeonado a Nivel Nacional, Sudamericano, y Panamericano.<\/h6>\n<p>[\/vc_column_text][\/vc_column][\/vc_row][vc_row full_width=\u00bbstretch_row\u00bb css=\u00bb.vc_custom_1772596460833{margin-bottom: 0px !important;padding-top: 50px !important;padding-bottom: 80px !important;background-color: #ffffff !important;}\u00bb][vc_column][vc_row_inner content_placement=\u00bbmiddle\u00bb gap=\u00bb35&#8243;][vc_column_inner width=\u00bb1\/2&#8243;][vc_single_image image=\u00bb6660&#8243; img_size=\u00bbfull\u00bb][\/vc_column_inner][vc_column_inner width=\u00bb1\/2&#8243;][vc_column_text]<\/p>\n<h5 style=\"text-align: center;\">\n            <strong>Presidente de la Liga Distrital de Karate Pisac-Cusco<\/strong><br \/>\n          <\/h5>\n<p>[\/vc_column_text][vc_column_text]<\/p>\n<h6 style=\"text-align: justify;\">Lucio Bashualdo Mendoza, Shihan 6to Dan, Maestro y presidente del Rumi Maki Dojo y la LIGA DISTRITAL DE KARATE PISAC-CUSCO, es Maestro y ha sido presidente de la organizaci\u00f3n de karate TKIC (Traditional Karate International Confederation) en Per\u00fa, reconocido por su liderazgo y ense\u00f1anza en la disciplina del Karate-Do, especialmente dentro de la comunidad de karate Shotokan en Per\u00fa. Es una figura clave en la promoci\u00f3n de las artes marciales, y la TKIC Per\u00fa celebra sus logros y graduaciones bajo su direcci\u00f3n. <\/h6>\n<p>[\/vc_column_text][vc_gallery type=\u00bbimage_grid\u00bb images=\u00bb6843,6846,6848,6850,6852&#8243;][\/vc_column_inner][\/vc_row_inner][\/vc_column][\/vc_row]<\/p>\n<\/section>","protected":false},"excerpt":{"rendered":"<p>[vc_row full_width=\u00bbstretch_row\u00bb full_height=\u00bbyes\u00bb content_placement=\u00bbtop\u00bb parallax=\u00bbcontent-moving\u00bb general_row_align=\u00bbzass-align-center\u00bb point_down=\u00bbyes\u00bb css=\u00bb.vc_custom_1772727526648{background-image: url(https:\/\/kusikawsay.org\/wp-content\/uploads\/2026\/03\/Rumi-Maki-Karate-banner-1-scaled.jpg?id=6775) !important;}\u00bb][vc_column width=\u00bb1\/2&#8243; css=\u00bb.vc_custom_1478075257916{padding-top: 0px !important;}\u00bb][\/vc_column][vc_column width=\u00bb1\/2&#8243; css=\u00bb.vc_custom_1726790038288{margin-top: 0px !important;padding-top: 0px !important;background-color: rgba(255,255,255,0.85) !important;*background-color: rgb(255,255,255) !important;}\u00bb][vc_custom_heading text=\u00bb Rumi Maki Karate \u00bb font_container=\u00bbtag:h4|text_align:left\u00bb use_theme_fonts=\u00bbyes\u00bb css=\u00bb.vc_custom_1772595231230{padding-right: 25px !important;padding-left: 25px !important;}\u00bb][vc_separator color=\u00bbcustom\u00bb align=\u00bbalign_left\u00bb border_width=\u00bb3&#8243; el_width=\u00bb20&#8243; css=\u00bb.vc_custom_1680530203997{margin-bottom: 15px !important;padding-top: 15px !important;padding-bottom: 15px !important;}\u00bb accent_color=\u00bb#f8c014&#8243;][vc_column_text css=\u00bb.vc_custom_1772595267033{padding-right: 25px !important;padding-left: 25px !important;}\u00bb] RUMI MAKI &#8230;<a class=\"r_more_blog\" href=\"https:\/\/kusikawsay.org\/es\/rumi-maki-karate\/#more-6664\"><i class=\"fa fa-sign-in\"><\/i> read more<\/a><\/p>\n","protected":false},"author":1,"featured_media":0,"parent":0,"menu_order":0,"comment_status":"closed","ping_status":"closed","template":"","meta":{"footnotes":""},"class_list":["post-6664","page","type-page","status-publish","hentry"],"_links":{"self":[{"href":"https:\/\/kusikawsay.org\/es\/wp-json\/wp\/v2\/pages\/6664","targetHints":{"allow":["GET"]}}],"collection":[{"href":"https:\/\/kusikawsay.org\/es\/wp-json\/wp\/v2\/pages"}],"about":[{"href":"https:\/\/kusikawsay.org\/es\/wp-json\/wp\/v2\/types\/page"}],"author":[{"embeddable":true,"href":"https:\/\/kusikawsay.org\/es\/wp-json\/wp\/v2\/users\/1"}],"replies":[{"embeddable":true,"href":"https:\/\/kusikawsay.org\/es\/wp-json\/wp\/v2\/comments?post=6664"}],"version-history":[{"count":24,"href":"https:\/\/kusikawsay.org\/es\/wp-json\/wp\/v2\/pages\/6664\/revisions"}],"predecessor-version":[{"id":6885,"href":"https:\/\/kusikawsay.org\/es\/wp-json\/wp\/v2\/pages\/6664\/revisions\/6885"}],"wp:attachment":[{"href":"https:\/\/kusikawsay.org\/es\/wp-json\/wp\/v2\/media?parent=6664"}],"curies":[{"name":"wp","href":"https:\/\/api.w.org\/{rel}","templated":true}]}}